{"id":8931,"date":"2022-06-06T16:23:56","date_gmt":"2022-06-06T16:23:56","guid":{"rendered":"http:\/\/94.46.14.215\/~quadrisol\/?post_type=product&#038;p=8931"},"modified":"2022-07-26T14:00:58","modified_gmt":"2022-07-26T14:00:58","slug":"inversor-ongrid-trifasico-6kw","status":"publish","type":"product","link":"https:\/\/www.quadrisol.pt\/en\/product\/inversor-ongrid-trifasico-6kw\/","title":{"rendered":"Inversor ongrid trif\u00e1sico 6kw"},"content":{"rendered":"<p>A s\u00e9rie de inversores trif\u00e1sicos de rede\u00a0 <strong>R5 da\u00a0<\/strong><strong>SAJ<\/strong> destaca-se por incorporar prote\u00e7\u00e3o contra curtos-circuitos, design aprimorado com prote\u00e7\u00e3o <strong>IP65<\/strong> , prote\u00e7\u00e3o contra sobrecargas e altas temperaturas. Este inversor de rede trif\u00e1sico SAJ R5 6Kw cont\u00e9m:<\/p>\n<ul>\n<li>\u00a02 reguladores MPPT.<\/li>\n<li>Interface de monitoriza\u00e7\u00e3o simples e visual<\/li>\n<li>Prote\u00e7\u00e3o IP65 para montagem externa e interna<\/li>\n<li>Interface RS323 e WIFI inclu\u00edda<\/li>\n<\/ul>\n<p><a href=\"http:\/\/94.46.14.215\/~quadrisol\/wp-content\/uploads\/2022\/06\/R5-4-12K-T2-15-en-us-20220228034859114.pdf\" target=\"_blank\" rel=\"noopener noreferrer\">Ficha t\u00e9cnica R5-4-12K-T2-15<\/a><\/p>","protected":false},"excerpt":{"rendered":"<p>A s\u00e9rie de inversores trif\u00e1sicos de rede <strong>R5 da\u00a0<\/strong><strong>SAJ<\/strong> destaca-se pela qualidade, confiabilidade e efici\u00eancia. O inversor de rede trif\u00e1sico SAJ R5 6000W com 2 MPPT. \u00a0\u00c9 um inversor que incorpora 2 portas MPPT e 2 strings. Esta s\u00e9rie oferece inversores com pot\u00eancias de 3kW a 20kW.<\/p>","protected":false},"featured_media":8919,"template":"","meta":[],"product_brand":[],"product_cat":[88,100],"product_tag":[99],"class_list":{"0":"post-8931","1":"product","2":"type-product","3":"status-publish","4":"has-post-thumbnail","6":"product_cat-inversores-solares","7":"product_cat-inversores-trifasico","8":"product_tag-saj","10":"first","11":"onbackorder","12":"shipping-taxable","13":"product-type-simple"},"yoast_head":"<!-- This site is optimized with the Yoast SEO plugin v27.3 - https:\/\/yoast.com\/product\/yoast-seo-wordpress\/ -->\n<title>Inversor ongrid trif\u00e1sico 6kw<\/title>\n<meta name=\"description\" content=\"Inversor ongrid trif\u00e1sico 6kw, SAJ eletric, Inversor trif\u00e1sico 6kw, inversores Braga, inversores Portugal, inversores ao melhor pre\u00e7o.\" \/>\n<meta name=\"robots\" content=\"index, follow, max-snippet:-1, max-image-preview:large, max-video-preview:-1\" \/>\n<link rel=\"canonical\" href=\"https:\/\/www.quadrisol.pt\/en\/product\/inversor-ongrid-trifasico-6kw\/\" \/>\n<meta property=\"og:locale\" content=\"en_GB\" \/>\n<meta property=\"og:type\" content=\"article\" \/>\n<meta property=\"og:title\" content=\"Inversor ongrid trif\u00e1sico 6kw\" \/>\n<meta property=\"og:description\" content=\"Inversor ongrid trif\u00e1sico 6kw, SAJ eletric, Inversor trif\u00e1sico 6kw, inversores Braga, inversores Portugal, inversores ao melhor pre\u00e7o.\" \/>\n<meta property=\"og:url\" content=\"https:\/\/www.quadrisol.pt\/en\/product\/inversor-ongrid-trifasico-6kw\/\" \/>\n<meta property=\"og:site_name\" content=\"Quadrisol\" \/>\n<meta property=\"article:modified_time\" content=\"2022-07-26T14:00:58+00:00\" \/>\n<meta property=\"og:image\" content=\"https:\/\/www.quadrisol.pt\/wp-content\/uploads\/2022\/06\/inversor-trifasico.webp\" \/>\n\t<meta property=\"og:image:width\" content=\"1500\" \/>\n\t<meta property=\"og:image:height\" content=\"1500\" \/>\n\t<meta property=\"og:image:type\" content=\"image\/webp\" \/>\n<meta name=\"twitter:card\" content=\"summary_large_image\" \/>\n<meta name=\"twitter:label1\" content=\"Estimated reading time\" \/>\n\t<meta name=\"twitter:data1\" content=\"1 minute\" \/>\n<script type=\"application\/ld+json\" class=\"yoast-schema-graph\">{\"@context\":\"https:\\\/\\\/schema.org\",\"@graph\":[{\"@type\":\"WebPage\",\"@id\":\"https:\\\/\\\/www.quadrisol.pt\\\/product\\\/inversor-ongrid-trifasico-6kw\\\/\",\"url\":\"https:\\\/\\\/www.quadrisol.pt\\\/product\\\/inversor-ongrid-trifasico-6kw\\\/\",\"name\":\"Inversor ongrid trif\u00e1sico 6kw\",\"isPartOf\":{\"@id\":\"https:\\\/\\\/www.quadrisol.pt\\\/#website\"},\"primaryImageOfPage\":{\"@id\":\"https:\\\/\\\/www.quadrisol.pt\\\/product\\\/inversor-ongrid-trifasico-6kw\\\/#primaryimage\"},\"image\":{\"@id\":\"https:\\\/\\\/www.quadrisol.pt\\\/product\\\/inversor-ongrid-trifasico-6kw\\\/#primaryimage\"},\"thumbnailUrl\":\"https:\\\/\\\/www.quadrisol.pt\\\/wp-content\\\/uploads\\\/2022\\\/06\\\/inversor-trifasico.webp\",\"datePublished\":\"2022-06-06T16:23:56+00:00\",\"dateModified\":\"2022-07-26T14:00:58+00:00\",\"description\":\"Inversor ongrid trif\u00e1sico 6kw, SAJ eletric, Inversor trif\u00e1sico 6kw, inversores Braga, inversores Portugal, inversores ao melhor pre\u00e7o.\",\"breadcrumb\":{\"@id\":\"https:\\\/\\\/www.quadrisol.pt\\\/product\\\/inversor-ongrid-trifasico-6kw\\\/#breadcrumb\"},\"inLanguage\":\"en-GB\",\"potentialAction\":[{\"@type\":\"ReadAction\",\"target\":[\"https:\\\/\\\/www.quadrisol.pt\\\/product\\\/inversor-ongrid-trifasico-6kw\\\/\"]}]},{\"@type\":\"ImageObject\",\"inLanguage\":\"en-GB\",\"@id\":\"https:\\\/\\\/www.quadrisol.pt\\\/product\\\/inversor-ongrid-trifasico-6kw\\\/#primaryimage\",\"url\":\"https:\\\/\\\/www.quadrisol.pt\\\/wp-content\\\/uploads\\\/2022\\\/06\\\/inversor-trifasico.webp\",\"contentUrl\":\"https:\\\/\\\/www.quadrisol.pt\\\/wp-content\\\/uploads\\\/2022\\\/06\\\/inversor-trifasico.webp\",\"width\":1500,\"height\":1500,\"caption\":\"inversor solar trif\u00e1sico SAJ\"},{\"@type\":\"BreadcrumbList\",\"@id\":\"https:\\\/\\\/www.quadrisol.pt\\\/product\\\/inversor-ongrid-trifasico-6kw\\\/#breadcrumb\",\"itemListElement\":[{\"@type\":\"ListItem\",\"position\":1,\"name\":\"Home\",\"item\":\"https:\\\/\\\/www.quadrisol.pt\\\/\"},{\"@type\":\"ListItem\",\"position\":2,\"name\":\"Produtos\",\"item\":\"https:\\\/\\\/www.quadrisol.pt\\\/produtos\\\/\"},{\"@type\":\"ListItem\",\"position\":3,\"name\":\"Inversor ongrid trif\u00e1sico 6kw\"}]},{\"@type\":\"WebSite\",\"@id\":\"https:\\\/\\\/www.quadrisol.pt\\\/#website\",\"url\":\"https:\\\/\\\/www.quadrisol.pt\\\/\",\"name\":\"Quadrisol\",\"description\":\"Quadros El\u00e9tricos - Fabricante de quadros el\u00e9tricos e distribuidor de sistemas fotovoltaicos\",\"publisher\":{\"@id\":\"https:\\\/\\\/www.quadrisol.pt\\\/#organization\"},\"potentialAction\":[{\"@type\":\"SearchAction\",\"target\":{\"@type\":\"EntryPoint\",\"urlTemplate\":\"https:\\\/\\\/www.quadrisol.pt\\\/?s={search_term_string}\"},\"query-input\":{\"@type\":\"PropertyValueSpecification\",\"valueRequired\":true,\"valueName\":\"search_term_string\"}}],\"inLanguage\":\"en-GB\"},{\"@type\":\"Organization\",\"@id\":\"https:\\\/\\\/www.quadrisol.pt\\\/#organization\",\"name\":\"Quadrisol\",\"url\":\"https:\\\/\\\/www.quadrisol.pt\\\/\",\"logo\":{\"@type\":\"ImageObject\",\"inLanguage\":\"en-GB\",\"@id\":\"https:\\\/\\\/www.quadrisol.pt\\\/#\\\/schema\\\/logo\\\/image\\\/\",\"url\":\"https:\\\/\\\/www.quadrisol.pt\\\/wp-content\\\/uploads\\\/2022\\\/03\\\/cropped-logo-topo.png\",\"contentUrl\":\"https:\\\/\\\/www.quadrisol.pt\\\/wp-content\\\/uploads\\\/2022\\\/03\\\/cropped-logo-topo.png\",\"width\":601,\"height\":123,\"caption\":\"Quadrisol\"},\"image\":{\"@id\":\"https:\\\/\\\/www.quadrisol.pt\\\/#\\\/schema\\\/logo\\\/image\\\/\"},\"sameAs\":[\"https:\\\/\\\/pt.linkedin.com\\\/company\\\/quadrisol\"]}]}<\/script>\n<!-- \/ Yoast SEO plugin. -->","yoast_head_json":{"title":"Inversor ongrid trif\u00e1sico 6kw","description":"Inversor ongrid trif\u00e1sico 6kw, SAJ eletric, Inversor trif\u00e1sico 6kw, inversores Braga, inversores Portugal, inversores ao melhor pre\u00e7o.","robots":{"index":"index","follow":"follow","max-snippet":"max-snippet:-1","max-image-preview":"max-image-preview:large","max-video-preview":"max-video-preview:-1"},"canonical":"https:\/\/www.quadrisol.pt\/en\/product\/inversor-ongrid-trifasico-6kw\/","og_locale":"en_GB","og_type":"article","og_title":"Inversor ongrid trif\u00e1sico 6kw","og_description":"Inversor ongrid trif\u00e1sico 6kw, SAJ eletric, Inversor trif\u00e1sico 6kw, inversores Braga, inversores Portugal, inversores ao melhor pre\u00e7o.","og_url":"https:\/\/www.quadrisol.pt\/en\/product\/inversor-ongrid-trifasico-6kw\/","og_site_name":"Quadrisol","article_modified_time":"2022-07-26T14:00:58+00:00","og_image":[{"width":1500,"height":1500,"url":"https:\/\/www.quadrisol.pt\/wp-content\/uploads\/2022\/06\/inversor-trifasico.webp","type":"image\/webp"}],"twitter_card":"summary_large_image","twitter_misc":{"Estimated reading time":"1 minute"},"schema":{"@context":"https:\/\/schema.org","@graph":[{"@type":"WebPage","@id":"https:\/\/www.quadrisol.pt\/product\/inversor-ongrid-trifasico-6kw\/","url":"https:\/\/www.quadrisol.pt\/product\/inversor-ongrid-trifasico-6kw\/","name":"Inversor ongrid trif\u00e1sico 6kw","isPartOf":{"@id":"https:\/\/www.quadrisol.pt\/#website"},"primaryImageOfPage":{"@id":"https:\/\/www.quadrisol.pt\/product\/inversor-ongrid-trifasico-6kw\/#primaryimage"},"image":{"@id":"https:\/\/www.quadrisol.pt\/product\/inversor-ongrid-trifasico-6kw\/#primaryimage"},"thumbnailUrl":"https:\/\/www.quadrisol.pt\/wp-content\/uploads\/2022\/06\/inversor-trifasico.webp","datePublished":"2022-06-06T16:23:56+00:00","dateModified":"2022-07-26T14:00:58+00:00","description":"Inversor ongrid trif\u00e1sico 6kw, SAJ eletric, Inversor trif\u00e1sico 6kw, inversores Braga, inversores Portugal, inversores ao melhor pre\u00e7o.","breadcrumb":{"@id":"https:\/\/www.quadrisol.pt\/product\/inversor-ongrid-trifasico-6kw\/#breadcrumb"},"inLanguage":"en-GB","potentialAction":[{"@type":"ReadAction","target":["https:\/\/www.quadrisol.pt\/product\/inversor-ongrid-trifasico-6kw\/"]}]},{"@type":"ImageObject","inLanguage":"en-GB","@id":"https:\/\/www.quadrisol.pt\/product\/inversor-ongrid-trifasico-6kw\/#primaryimage","url":"https:\/\/www.quadrisol.pt\/wp-content\/uploads\/2022\/06\/inversor-trifasico.webp","contentUrl":"https:\/\/www.quadrisol.pt\/wp-content\/uploads\/2022\/06\/inversor-trifasico.webp","width":1500,"height":1500,"caption":"inversor solar trif\u00e1sico SAJ"},{"@type":"BreadcrumbList","@id":"https:\/\/www.quadrisol.pt\/product\/inversor-ongrid-trifasico-6kw\/#breadcrumb","itemListElement":[{"@type":"ListItem","position":1,"name":"Home","item":"https:\/\/www.quadrisol.pt\/"},{"@type":"ListItem","position":2,"name":"Produtos","item":"https:\/\/www.quadrisol.pt\/produtos\/"},{"@type":"ListItem","position":3,"name":"Inversor ongrid trif\u00e1sico 6kw"}]},{"@type":"WebSite","@id":"https:\/\/www.quadrisol.pt\/#website","url":"https:\/\/www.quadrisol.pt\/","name":"Quadrisol","description":"Quadros El\u00e9tricos - Fabricante de quadros el\u00e9tricos e distribuidor de sistemas fotovoltaicos","publisher":{"@id":"https:\/\/www.quadrisol.pt\/#organization"},"potentialAction":[{"@type":"SearchAction","target":{"@type":"EntryPoint","urlTemplate":"https:\/\/www.quadrisol.pt\/?s={search_term_string}"},"query-input":{"@type":"PropertyValueSpecification","valueRequired":true,"valueName":"search_term_string"}}],"inLanguage":"en-GB"},{"@type":"Organization","@id":"https:\/\/www.quadrisol.pt\/#organization","name":"Quadrisol","url":"https:\/\/www.quadrisol.pt\/","logo":{"@type":"ImageObject","inLanguage":"en-GB","@id":"https:\/\/www.quadrisol.pt\/#\/schema\/logo\/image\/","url":"https:\/\/www.quadrisol.pt\/wp-content\/uploads\/2022\/03\/cropped-logo-topo.png","contentUrl":"https:\/\/www.quadrisol.pt\/wp-content\/uploads\/2022\/03\/cropped-logo-topo.png","width":601,"height":123,"caption":"Quadrisol"},"image":{"@id":"https:\/\/www.quadrisol.pt\/#\/schema\/logo\/image\/"},"sameAs":["https:\/\/pt.linkedin.com\/company\/quadrisol"]}]}},"_links":{"self":[{"href":"https:\/\/www.quadrisol.pt\/en\/wp-json\/wp\/v2\/product\/8931","targetHints":{"allow":["GET"]}}],"collection":[{"href":"https:\/\/www.quadrisol.pt\/en\/wp-json\/wp\/v2\/product"}],"about":[{"href":"https:\/\/www.quadrisol.pt\/en\/wp-json\/wp\/v2\/types\/product"}],"version-history":[{"count":3,"href":"https:\/\/www.quadrisol.pt\/en\/wp-json\/wp\/v2\/product\/8931\/revisions"}],"predecessor-version":[{"id":9798,"href":"https:\/\/www.quadrisol.pt\/en\/wp-json\/wp\/v2\/product\/8931\/revisions\/9798"}],"wp:featuredmedia":[{"embeddable":true,"href":"https:\/\/www.quadrisol.pt\/en\/wp-json\/wp\/v2\/media\/8919"}],"wp:attachment":[{"href":"https:\/\/www.quadrisol.pt\/en\/wp-json\/wp\/v2\/media?parent=8931"}],"wp:term":[{"taxonomy":"product_brand","embeddable":true,"href":"https:\/\/www.quadrisol.pt\/en\/wp-json\/wp\/v2\/product_brand?post=8931"},{"taxonomy":"product_cat","embeddable":true,"href":"https:\/\/www.quadrisol.pt\/en\/wp-json\/wp\/v2\/product_cat?post=8931"},{"taxonomy":"product_tag","embeddable":true,"href":"https:\/\/www.quadrisol.pt\/en\/wp-json\/wp\/v2\/product_tag?post=8931"}],"curies":[{"name":"wp","href":"https:\/\/api.w.org\/{rel}","templated":true}]}}