{"id":9004,"date":"2022-06-07T16:34:00","date_gmt":"2022-06-07T16:34:00","guid":{"rendered":"http:\/\/94.46.14.215\/~quadrisol\/?post_type=product&#038;p=9004"},"modified":"2022-07-26T11:42:18","modified_gmt":"2022-07-26T11:42:18","slug":"inversor-ongrid-trifasico-r6-36kw-t3","status":"publish","type":"product","link":"https:\/\/www.quadrisol.pt\/en\/product\/inversor-ongrid-trifasico-r6-36kw-t3\/","title":{"rendered":"Inversor ongrid trif\u00e1sico R6 36kw T3"},"content":{"rendered":"<p>Esta s\u00e9rie R6 da SAJ oferece inversores com pot\u00eancias de 15kW a 50kW que cont\u00e9m:<\/p>\n<ul>\n<li>Corrente de string at\u00e9 16A<\/li>\n<li>AFCI (Opcional)<\/li>\n<li>Efici\u00eancia m\u00e1xima 98,8%<\/li>\n<li>SPD CA e CC integrados<\/li>\n<li>110% de sobrecarga CA<\/li>\n<li>Monitoriza\u00e7\u00e3o de carga 24 horas por dia, 7 dias por semana (opcional)<\/li>\n<\/ul>\n<p><a style=\"color: #333333;\" href=\"http:\/\/94.46.14.215\/~quadrisol\/wp-content\/uploads\/2022\/06\/R6-25-50K-T34-32-en-us-20220225055727133.pdf\" target=\"_blank\" rel=\"noopener noreferrer\">Ficha t\u00e9cnica R6-25-50K-T3<\/a><\/p>","protected":false},"excerpt":{"rendered":"<p>A s\u00e9rie de inversores trif\u00e1sicos de rede <strong>R6 da <\/strong><strong>SAJ<\/strong> destaca-se por ser mais seguro, inteligente e eficiente. \u00c9 um inversor ligado \u00e0 rede para instala\u00e7\u00f5es residenciais e comerciais em telhados. Este inversor incorpora 3 portas MPPT e 3 strings. Esta s\u00e9rie oferece inversores com pot\u00eancias de 15kW a 50kW.<\/p>\n<p>&nbsp;<\/p>","protected":false},"featured_media":8995,"template":"","meta":[],"product_brand":[],"product_cat":[88,100],"product_tag":[99],"class_list":{"0":"post-9004","1":"product","2":"type-product","3":"status-publish","4":"has-post-thumbnail","6":"product_cat-inversores-solares","7":"product_cat-inversores-trifasico","8":"product_tag-saj","10":"first","11":"onbackorder","12":"shipping-taxable","13":"product-type-simple"},"yoast_head":"<!-- This site is optimized with the Yoast SEO plugin v27.4 - https:\/\/yoast.com\/product\/yoast-seo-wordpress\/ -->\n<title>Inversor trif\u00e1sico R6 36kw - Quadrisol<\/title>\n<meta name=\"description\" content=\"Inversor trif\u00e1sico R6 36kw t3, SAJ Eletric, Inversor trif\u00e1sico R6, inversores Braga, inversores Portugal, inversores ao melhor pre\u00e7o.\" \/>\n<meta name=\"robots\" content=\"index, follow, max-snippet:-1, max-image-preview:large, max-video-preview:-1\" \/>\n<link rel=\"canonical\" href=\"https:\/\/www.quadrisol.pt\/en\/product\/inversor-ongrid-trifasico-r6-36kw-t3\/\" \/>\n<meta property=\"og:locale\" content=\"en_GB\" \/>\n<meta property=\"og:type\" content=\"article\" \/>\n<meta property=\"og:title\" content=\"Inversor trif\u00e1sico R6 36kw - Quadrisol\" \/>\n<meta property=\"og:description\" content=\"Inversor trif\u00e1sico R6 36kw t3, SAJ Eletric, Inversor trif\u00e1sico R6, inversores Braga, inversores Portugal, inversores ao melhor pre\u00e7o.\" \/>\n<meta property=\"og:url\" content=\"https:\/\/www.quadrisol.pt\/en\/product\/inversor-ongrid-trifasico-r6-36kw-t3\/\" \/>\n<meta property=\"og:site_name\" content=\"Quadrisol\" \/>\n<meta property=\"article:modified_time\" content=\"2022-07-26T11:42:18+00:00\" \/>\n<meta property=\"og:image\" content=\"https:\/\/www.quadrisol.pt\/wp-content\/uploads\/2022\/06\/saj-serie-r6-33k-t3.jpg\" \/>\n\t<meta property=\"og:image:width\" content=\"780\" \/>\n\t<meta property=\"og:image:height\" content=\"680\" \/>\n\t<meta property=\"og:image:type\" content=\"image\/jpeg\" \/>\n<meta name=\"twitter:card\" content=\"summary_large_image\" \/>\n<meta name=\"twitter:label1\" content=\"Estimated reading time\" \/>\n\t<meta name=\"twitter:data1\" content=\"1 minute\" \/>\n<script type=\"application\/ld+json\" class=\"yoast-schema-graph\">{\"@context\":\"https:\\\/\\\/schema.org\",\"@graph\":[{\"@type\":\"WebPage\",\"@id\":\"https:\\\/\\\/www.quadrisol.pt\\\/product\\\/inversor-ongrid-trifasico-r6-36kw-t3\\\/\",\"url\":\"https:\\\/\\\/www.quadrisol.pt\\\/product\\\/inversor-ongrid-trifasico-r6-36kw-t3\\\/\",\"name\":\"Inversor trif\u00e1sico R6 36kw - Quadrisol\",\"isPartOf\":{\"@id\":\"https:\\\/\\\/www.quadrisol.pt\\\/#website\"},\"primaryImageOfPage\":{\"@id\":\"https:\\\/\\\/www.quadrisol.pt\\\/product\\\/inversor-ongrid-trifasico-r6-36kw-t3\\\/#primaryimage\"},\"image\":{\"@id\":\"https:\\\/\\\/www.quadrisol.pt\\\/product\\\/inversor-ongrid-trifasico-r6-36kw-t3\\\/#primaryimage\"},\"thumbnailUrl\":\"https:\\\/\\\/www.quadrisol.pt\\\/wp-content\\\/uploads\\\/2022\\\/06\\\/saj-serie-r6-33k-t3.jpg\",\"datePublished\":\"2022-06-07T16:34:00+00:00\",\"dateModified\":\"2022-07-26T11:42:18+00:00\",\"description\":\"Inversor trif\u00e1sico R6 36kw t3, SAJ Eletric, Inversor trif\u00e1sico R6, inversores Braga, inversores Portugal, inversores ao melhor pre\u00e7o.\",\"breadcrumb\":{\"@id\":\"https:\\\/\\\/www.quadrisol.pt\\\/product\\\/inversor-ongrid-trifasico-r6-36kw-t3\\\/#breadcrumb\"},\"inLanguage\":\"en-GB\",\"potentialAction\":[{\"@type\":\"ReadAction\",\"target\":[\"https:\\\/\\\/www.quadrisol.pt\\\/product\\\/inversor-ongrid-trifasico-r6-36kw-t3\\\/\"]}]},{\"@type\":\"ImageObject\",\"inLanguage\":\"en-GB\",\"@id\":\"https:\\\/\\\/www.quadrisol.pt\\\/product\\\/inversor-ongrid-trifasico-r6-36kw-t3\\\/#primaryimage\",\"url\":\"https:\\\/\\\/www.quadrisol.pt\\\/wp-content\\\/uploads\\\/2022\\\/06\\\/saj-serie-r6-33k-t3.jpg\",\"contentUrl\":\"https:\\\/\\\/www.quadrisol.pt\\\/wp-content\\\/uploads\\\/2022\\\/06\\\/saj-serie-r6-33k-t3.jpg\",\"width\":780,\"height\":680,\"caption\":\"saj-serie-r6-t3\"},{\"@type\":\"BreadcrumbList\",\"@id\":\"https:\\\/\\\/www.quadrisol.pt\\\/product\\\/inversor-ongrid-trifasico-r6-36kw-t3\\\/#breadcrumb\",\"itemListElement\":[{\"@type\":\"ListItem\",\"position\":1,\"name\":\"Home\",\"item\":\"https:\\\/\\\/www.quadrisol.pt\\\/\"},{\"@type\":\"ListItem\",\"position\":2,\"name\":\"Produtos\",\"item\":\"https:\\\/\\\/www.quadrisol.pt\\\/produtos\\\/\"},{\"@type\":\"ListItem\",\"position\":3,\"name\":\"Inversor ongrid trif\u00e1sico R6 36kw T3\"}]},{\"@type\":\"WebSite\",\"@id\":\"https:\\\/\\\/www.quadrisol.pt\\\/#website\",\"url\":\"https:\\\/\\\/www.quadrisol.pt\\\/\",\"name\":\"Quadrisol\",\"description\":\"Quadros El\u00e9tricos - Fabricante de quadros el\u00e9tricos e distribuidor de sistemas fotovoltaicos\",\"publisher\":{\"@id\":\"https:\\\/\\\/www.quadrisol.pt\\\/#organization\"},\"potentialAction\":[{\"@type\":\"SearchAction\",\"target\":{\"@type\":\"EntryPoint\",\"urlTemplate\":\"https:\\\/\\\/www.quadrisol.pt\\\/?s={search_term_string}\"},\"query-input\":{\"@type\":\"PropertyValueSpecification\",\"valueRequired\":true,\"valueName\":\"search_term_string\"}}],\"inLanguage\":\"en-GB\"},{\"@type\":\"Organization\",\"@id\":\"https:\\\/\\\/www.quadrisol.pt\\\/#organization\",\"name\":\"Quadrisol\",\"url\":\"https:\\\/\\\/www.quadrisol.pt\\\/\",\"logo\":{\"@type\":\"ImageObject\",\"inLanguage\":\"en-GB\",\"@id\":\"https:\\\/\\\/www.quadrisol.pt\\\/#\\\/schema\\\/logo\\\/image\\\/\",\"url\":\"https:\\\/\\\/www.quadrisol.pt\\\/wp-content\\\/uploads\\\/2022\\\/03\\\/cropped-logo-topo.png\",\"contentUrl\":\"https:\\\/\\\/www.quadrisol.pt\\\/wp-content\\\/uploads\\\/2022\\\/03\\\/cropped-logo-topo.png\",\"width\":601,\"height\":123,\"caption\":\"Quadrisol\"},\"image\":{\"@id\":\"https:\\\/\\\/www.quadrisol.pt\\\/#\\\/schema\\\/logo\\\/image\\\/\"},\"sameAs\":[\"https:\\\/\\\/pt.linkedin.com\\\/company\\\/quadrisol\"]}]}<\/script>\n<!-- \/ Yoast SEO plugin. -->","yoast_head_json":{"title":"Inversor trif\u00e1sico R6 36kw - Quadrisol","description":"Inversor trif\u00e1sico R6 36kw t3, SAJ Eletric, Inversor trif\u00e1sico R6, inversores Braga, inversores Portugal, inversores ao melhor pre\u00e7o.","robots":{"index":"index","follow":"follow","max-snippet":"max-snippet:-1","max-image-preview":"max-image-preview:large","max-video-preview":"max-video-preview:-1"},"canonical":"https:\/\/www.quadrisol.pt\/en\/product\/inversor-ongrid-trifasico-r6-36kw-t3\/","og_locale":"en_GB","og_type":"article","og_title":"Inversor trif\u00e1sico R6 36kw - Quadrisol","og_description":"Inversor trif\u00e1sico R6 36kw t3, SAJ Eletric, Inversor trif\u00e1sico R6, inversores Braga, inversores Portugal, inversores ao melhor pre\u00e7o.","og_url":"https:\/\/www.quadrisol.pt\/en\/product\/inversor-ongrid-trifasico-r6-36kw-t3\/","og_site_name":"Quadrisol","article_modified_time":"2022-07-26T11:42:18+00:00","og_image":[{"width":780,"height":680,"url":"https:\/\/www.quadrisol.pt\/wp-content\/uploads\/2022\/06\/saj-serie-r6-33k-t3.jpg","type":"image\/jpeg"}],"twitter_card":"summary_large_image","twitter_misc":{"Estimated reading time":"1 minute"},"schema":{"@context":"https:\/\/schema.org","@graph":[{"@type":"WebPage","@id":"https:\/\/www.quadrisol.pt\/product\/inversor-ongrid-trifasico-r6-36kw-t3\/","url":"https:\/\/www.quadrisol.pt\/product\/inversor-ongrid-trifasico-r6-36kw-t3\/","name":"Inversor trif\u00e1sico R6 36kw - Quadrisol","isPartOf":{"@id":"https:\/\/www.quadrisol.pt\/#website"},"primaryImageOfPage":{"@id":"https:\/\/www.quadrisol.pt\/product\/inversor-ongrid-trifasico-r6-36kw-t3\/#primaryimage"},"image":{"@id":"https:\/\/www.quadrisol.pt\/product\/inversor-ongrid-trifasico-r6-36kw-t3\/#primaryimage"},"thumbnailUrl":"https:\/\/www.quadrisol.pt\/wp-content\/uploads\/2022\/06\/saj-serie-r6-33k-t3.jpg","datePublished":"2022-06-07T16:34:00+00:00","dateModified":"2022-07-26T11:42:18+00:00","description":"Inversor trif\u00e1sico R6 36kw t3, SAJ Eletric, Inversor trif\u00e1sico R6, inversores Braga, inversores Portugal, inversores ao melhor pre\u00e7o.","breadcrumb":{"@id":"https:\/\/www.quadrisol.pt\/product\/inversor-ongrid-trifasico-r6-36kw-t3\/#breadcrumb"},"inLanguage":"en-GB","potentialAction":[{"@type":"ReadAction","target":["https:\/\/www.quadrisol.pt\/product\/inversor-ongrid-trifasico-r6-36kw-t3\/"]}]},{"@type":"ImageObject","inLanguage":"en-GB","@id":"https:\/\/www.quadrisol.pt\/product\/inversor-ongrid-trifasico-r6-36kw-t3\/#primaryimage","url":"https:\/\/www.quadrisol.pt\/wp-content\/uploads\/2022\/06\/saj-serie-r6-33k-t3.jpg","contentUrl":"https:\/\/www.quadrisol.pt\/wp-content\/uploads\/2022\/06\/saj-serie-r6-33k-t3.jpg","width":780,"height":680,"caption":"saj-serie-r6-t3"},{"@type":"BreadcrumbList","@id":"https:\/\/www.quadrisol.pt\/product\/inversor-ongrid-trifasico-r6-36kw-t3\/#breadcrumb","itemListElement":[{"@type":"ListItem","position":1,"name":"Home","item":"https:\/\/www.quadrisol.pt\/"},{"@type":"ListItem","position":2,"name":"Produtos","item":"https:\/\/www.quadrisol.pt\/produtos\/"},{"@type":"ListItem","position":3,"name":"Inversor ongrid trif\u00e1sico R6 36kw T3"}]},{"@type":"WebSite","@id":"https:\/\/www.quadrisol.pt\/#website","url":"https:\/\/www.quadrisol.pt\/","name":"Quadrisol","description":"Quadros El\u00e9tricos - Fabricante de quadros el\u00e9tricos e distribuidor de sistemas fotovoltaicos","publisher":{"@id":"https:\/\/www.quadrisol.pt\/#organization"},"potentialAction":[{"@type":"SearchAction","target":{"@type":"EntryPoint","urlTemplate":"https:\/\/www.quadrisol.pt\/?s={search_term_string}"},"query-input":{"@type":"PropertyValueSpecification","valueRequired":true,"valueName":"search_term_string"}}],"inLanguage":"en-GB"},{"@type":"Organization","@id":"https:\/\/www.quadrisol.pt\/#organization","name":"Quadrisol","url":"https:\/\/www.quadrisol.pt\/","logo":{"@type":"ImageObject","inLanguage":"en-GB","@id":"https:\/\/www.quadrisol.pt\/#\/schema\/logo\/image\/","url":"https:\/\/www.quadrisol.pt\/wp-content\/uploads\/2022\/03\/cropped-logo-topo.png","contentUrl":"https:\/\/www.quadrisol.pt\/wp-content\/uploads\/2022\/03\/cropped-logo-topo.png","width":601,"height":123,"caption":"Quadrisol"},"image":{"@id":"https:\/\/www.quadrisol.pt\/#\/schema\/logo\/image\/"},"sameAs":["https:\/\/pt.linkedin.com\/company\/quadrisol"]}]}},"_links":{"self":[{"href":"https:\/\/www.quadrisol.pt\/en\/wp-json\/wp\/v2\/product\/9004","targetHints":{"allow":["GET"]}}],"collection":[{"href":"https:\/\/www.quadrisol.pt\/en\/wp-json\/wp\/v2\/product"}],"about":[{"href":"https:\/\/www.quadrisol.pt\/en\/wp-json\/wp\/v2\/types\/product"}],"version-history":[{"count":1,"href":"https:\/\/www.quadrisol.pt\/en\/wp-json\/wp\/v2\/product\/9004\/revisions"}],"predecessor-version":[{"id":9757,"href":"https:\/\/www.quadrisol.pt\/en\/wp-json\/wp\/v2\/product\/9004\/revisions\/9757"}],"wp:featuredmedia":[{"embeddable":true,"href":"https:\/\/www.quadrisol.pt\/en\/wp-json\/wp\/v2\/media\/8995"}],"wp:attachment":[{"href":"https:\/\/www.quadrisol.pt\/en\/wp-json\/wp\/v2\/media?parent=9004"}],"wp:term":[{"taxonomy":"product_brand","embeddable":true,"href":"https:\/\/www.quadrisol.pt\/en\/wp-json\/wp\/v2\/product_brand?post=9004"},{"taxonomy":"product_cat","embeddable":true,"href":"https:\/\/www.quadrisol.pt\/en\/wp-json\/wp\/v2\/product_cat?post=9004"},{"taxonomy":"product_tag","embeddable":true,"href":"https:\/\/www.quadrisol.pt\/en\/wp-json\/wp\/v2\/product_tag?post=9004"}],"curies":[{"name":"wp","href":"https:\/\/api.w.org\/{rel}","templated":true}]}}