{"id":1517,"date":"2020-02-12T14:02:30","date_gmt":"2020-02-12T14:02:30","guid":{"rendered":"https:\/\/stal.qodeinteractive.com\/?page_id=1517"},"modified":"2022-10-17T15:03:09","modified_gmt":"2022-10-17T15:03:09","slug":"portfolio","status":"publish","type":"page","link":"https:\/\/www.quadrisol.pt\/es\/portfolio\/","title":{"rendered":"Portef\u00f3lio"},"content":{"rendered":"<div data-elementor-type=\"wp-page\" data-elementor-id=\"1517\" class=\"elementor elementor-1517\">\n\t\t\t\t\t\t<section class=\"elementor-section elementor-top-section elementor-element elementor-element-b9a8d0c elementor-section-stretched elementor-section-boxed elementor-section-height-default elementor-section-height-default qodef-elementor-content-no\" data-id=\"b9a8d0c\" data-element_type=\"section\" data-settings=\"{&quot;stretch_section&quot;:&quot;section-stretched&quot;}\">\n\t\t\t\t\t\t<div class=\"elementor-container elementor-column-gap-default\">\n\t\t\t\t\t<div class=\"elementor-column elementor-col-100 elementor-top-column elementor-element elementor-element-9555e50\" data-id=\"9555e50\" data-element_type=\"column\">\n\t\t\t<div class=\"elementor-widget-wrap elementor-element-populated\">\n\t\t\t\t\t\t<div class=\"elementor-element elementor-element-115bf04 elementor-widget elementor-widget-stal_core_section_title\" data-id=\"115bf04\" data-element_type=\"widget\" data-widget_type=\"stal_core_section_title.default\">\n\t\t\t\t<div class=\"elementor-widget-container\">\n\t\t\t\t\t<div class=\"qodef-shortcode qodef-m  qodef-section-title qodef-alignment--left  qodef-title-with-tagline\">\n\t\t<div class=\"qodef-m-title-wrap\">\n\t        <h6 class=\"qodef-m-title-tagline\" >quadrisol<\/h6>\n    \t<h1 class=\"qodef-m-title\" >\n\t\t\t\t\tPortef\u00f3lio\t\t\t<\/h1>\n\t\n\t<\/div>\n\t\t<p class=\"qodef-m-text\" >Todas as obras s\u00e3o inputs fundamentais para a nossa afirma\u00e7\u00e3o e crescimento. Detemos uma multiplicidade de interven\u00e7\u00f5es de \u00e2mbito p\u00fablico e privado, nos mais diversificados setores de atividade.<\/p>\n<\/div>\t\t\t\t<\/div>\n\t\t\t\t<\/div>\n\t\t\t\t\t<\/div>\n\t\t<\/div>\n\t\t\t\t\t<\/div>\n\t\t<\/section>\n\t\t\t\t<section class=\"elementor-section elementor-top-section elementor-element elementor-element-8a8554b elementor-section-stretched elementor-section-boxed elementor-section-height-default elementor-section-height-default qodef-elementor-content-no\" data-id=\"8a8554b\" data-element_type=\"section\" data-settings=\"{&quot;stretch_section&quot;:&quot;section-stretched&quot;}\">\n\t\t\t\t\t\t<div class=\"elementor-container elementor-column-gap-default\">\n\t\t\t\t\t<div class=\"elementor-column elementor-col-100 elementor-top-column elementor-element elementor-element-976c611\" data-id=\"976c611\" data-element_type=\"column\">\n\t\t\t<div class=\"elementor-widget-wrap elementor-element-populated\">\n\t\t\t\t\t\t<section class=\"elementor-section elementor-inner-section elementor-element elementor-element-e33bb1f elementor-section-boxed elementor-section-height-default elementor-section-height-default qodef-elementor-content-no\" data-id=\"e33bb1f\" data-element_type=\"section\">\n\t\t\t\t\t\t<div class=\"elementor-container elementor-column-gap-default\">\n\t\t\t\t\t<div class=\"elementor-column elementor-col-50 elementor-inner-column elementor-element elementor-element-c4007b6\" data-id=\"c4007b6\" data-element_type=\"column\">\n\t\t\t<div class=\"elementor-widget-wrap elementor-element-populated\">\n\t\t\t\t\t\t<div class=\"elementor-element elementor-element-be46013 elementor-widget elementor-widget-text-editor\" data-id=\"be46013\" data-element_type=\"widget\" data-widget_type=\"text-editor.default\">\n\t\t\t\t<div class=\"elementor-widget-container\">\n\t\t\t\t\t\t\t\t\t<ul><li>Escola Secund\u00e1ria Jos\u00e9 R\u00e9gio (Vila do Conde)<\/li><li>Centro Escolar de Salvaterra de Magos<\/li><li>Escola Secund\u00e1ria Fontes Pereira de Melo (Vila do Conde)<\/li><li>Escola Secund\u00e1ria de Moura<\/li><li>Continente de Salvaterra de Magos<\/li><li>Escola Superior de Comunica\u00e7\u00e3o, Administra\u00e7\u00e3o e Turismo (Mirandela)<\/li><li>Hangar da Everjets (Aeroporto Francisco S\u00e1 Carneiro)<\/li><li>Escola Secund\u00e1ria Seomara da Costa Primo (Amadora)<\/li><li>Continente de Lamego<\/li><li>Escola Secund\u00e1ria Dr. Francisco Sanches (Braga)<\/li><li>Escola Secund\u00e1ria Dr. J\u00falio Martins (Chaves)<\/li><\/ul>\t\t\t\t\t\t\t\t<\/div>\n\t\t\t\t<\/div>\n\t\t\t\t\t<\/div>\n\t\t<\/div>\n\t\t\t\t<div class=\"elementor-column elementor-col-50 elementor-inner-column elementor-element elementor-element-d421995\" data-id=\"d421995\" data-element_type=\"column\">\n\t\t\t<div class=\"elementor-widget-wrap elementor-element-populated\">\n\t\t\t\t\t\t<div class=\"elementor-element elementor-element-561fc27 elementor-widget elementor-widget-text-editor\" data-id=\"561fc27\" data-element_type=\"widget\" data-widget_type=\"text-editor.default\">\n\t\t\t\t<div class=\"elementor-widget-container\">\n\t\t\t\t\t\t\t\t\t<ul>\n<li><span style=\"color: var( --e-global-color-text ); font-family: var( --e-global-typography-text-font-family ), Sans-serif; font-weight: var( --e-global-typography-text-font-weight );\">Decathlon Guimar\u00e3es<\/span><\/li>\n<li>Decathlon Torres Vedras<\/li>\n<li>Centro C\u00edvico Avan\u00e7ado de Luanda<\/li>\n<li>Aproveitamento Hidroel\u00e9trico do Baixo Sabor<\/li>\n<li>Central fotovoltaica de Riba de Ave (2,4 MW)<\/li>\n<li>ETAR de Tavira<\/li>\n<li>ETAR de Alcantarilha<\/li>\n<li>Reabilita\u00e7\u00e3o da Fortaleza de N\u00aa. Sr\u00aa. da Concei\u00e7\u00e3o (P\u00f3voa de Varzim)<\/li>\n<li>Lisbon 8 building (Reabilita\u00e7\u00e3o do antigo edif\u00edcio dos CTT Lisboa)<\/li>\n<li>H\u00f4tel Lutetia Paris (Fran\u00e7a)<\/li>\n<\/ul>\t\t\t\t\t\t\t\t<\/div>\n\t\t\t\t<\/div>\n\t\t\t\t\t<\/div>\n\t\t<\/div>\n\t\t\t\t\t<\/div>\n\t\t<\/section>\n\t\t\t\t\t<\/div>\n\t\t<\/div>\n\t\t\t\t\t<\/div>\n\t\t<\/section>\n\t\t\t\t<section class=\"elementor-section elementor-top-section elementor-element elementor-element-410ce11 elementor-section-boxed elementor-section-height-default elementor-section-height-default qodef-elementor-content-no\" data-id=\"410ce11\" data-element_type=\"section\">\n\t\t\t\t\t\t<div class=\"elementor-container elementor-column-gap-default\">\n\t\t\t\t\t<div class=\"elementor-column elementor-col-100 elementor-top-column elementor-element elementor-element-a488038\" data-id=\"a488038\" data-element_type=\"column\">\n\t\t\t<div class=\"elementor-widget-wrap elementor-element-populated\">\n\t\t\t\t\t\t<div class=\"elementor-element elementor-element-4bc7435 elementor-widget elementor-widget-qi_addons_for_elementor_image_gallery_masonry\" data-id=\"4bc7435\" data-element_type=\"widget\" data-widget_type=\"qi_addons_for_elementor_image_gallery_masonry.default\">\n\t\t\t\t<div class=\"elementor-widget-container\">\n\t\t\t\t\t<div class=\"qodef-shortcode qodef-m qodef-qi-image-gallery-masonry qodef-qi-fslightbox-popup qodef-popup-gallery qodef-image--hover-zoom qodef-qi-grid qodef-layout--qi-masonry qodef-items--fixed qodef-col-num--3 qodef-responsive--predefined\">\n\t<div class=\"qodef-grid-inner\">\n\t\t\t<div class=\"qodef-qi-grid-masonry-sizer\"><\/div>\n<div class=\"qodef-e qodef-image-wrapper qodef-grid-item qodef-item--landscape\">\n\t<div class=\"qodef-e-inner\">\n\t\t\t\t\t<a class=\"qodef-popup-item\" itemprop=\"image\" href=\"https:\/\/www.quadrisol.pt\/wp-content\/uploads\/2022\/03\/quadrisol-portfolio1.jpg\" data-type=\"image\" data-fslightbox=\"gallery-1\">\n\t\t\t\t\t<img fetchpriority=\"high\" decoding=\"async\" width=\"1080\" height=\"608\" src=\"https:\/\/www.quadrisol.pt\/wp-content\/uploads\/2022\/03\/quadrisol-portfolio1.jpg\" class=\"attachment-qi_addons_for_elementor_image_size_landscape size-qi_addons_for_elementor_image_size_landscape\" alt=\"hotel tutelia\" srcset=\"https:\/\/www.quadrisol.pt\/wp-content\/uploads\/2022\/03\/quadrisol-portfolio1.jpg 1080w, https:\/\/www.quadrisol.pt\/wp-content\/uploads\/2022\/03\/quadrisol-portfolio1-600x338.jpg 600w, https:\/\/www.quadrisol.pt\/wp-content\/uploads\/2022\/03\/quadrisol-portfolio1-300x169.jpg 300w, https:\/\/www.quadrisol.pt\/wp-content\/uploads\/2022\/03\/quadrisol-portfolio1-1024x576.jpg 1024w, https:\/\/www.quadrisol.pt\/wp-content\/uploads\/2022\/03\/quadrisol-portfolio1-768x432.jpg 768w\" sizes=\"(max-width: 1080px) 100vw, 1080px\" loading=\"eager\" \/>\t\t\t\t\t<\/a>\n\t\t\t<\/div>\n<\/div>\n<div class=\"qodef-e qodef-image-wrapper qodef-grid-item qodef-item--\">\n\t<div class=\"qodef-e-inner\">\n\t\t\t\t\t<a class=\"qodef-popup-item\" itemprop=\"image\" href=\"https:\/\/www.quadrisol.pt\/wp-content\/uploads\/2022\/03\/quadrisol-portfolio2.jpg\" data-type=\"image\" data-fslightbox=\"gallery-1\">\n\t\t\t\t\t<img decoding=\"async\" width=\"1000\" height=\"619\" src=\"https:\/\/www.quadrisol.pt\/wp-content\/uploads\/2022\/03\/quadrisol-portfolio2.jpg\" class=\"attachment- size-\" alt=\"\" srcset=\"https:\/\/www.quadrisol.pt\/wp-content\/uploads\/2022\/03\/quadrisol-portfolio2.jpg 1000w, https:\/\/www.quadrisol.pt\/wp-content\/uploads\/2022\/03\/quadrisol-portfolio2-600x371.jpg 600w, https:\/\/www.quadrisol.pt\/wp-content\/uploads\/2022\/03\/quadrisol-portfolio2-300x186.jpg 300w, https:\/\/www.quadrisol.pt\/wp-content\/uploads\/2022\/03\/quadrisol-portfolio2-768x475.jpg 768w\" sizes=\"(max-width: 1000px) 100vw, 1000px\" loading=\"eager\" \/>\t\t\t\t\t<\/a>\n\t\t\t<\/div>\n<\/div>\n<div class=\"qodef-e qodef-image-wrapper qodef-grid-item qodef-item--\">\n\t<div class=\"qodef-e-inner\">\n\t\t\t\t\t<a class=\"qodef-popup-item\" itemprop=\"image\" href=\"https:\/\/www.quadrisol.pt\/wp-content\/uploads\/2022\/03\/quadrisol-portfolio3.jpg\" data-type=\"image\" data-fslightbox=\"gallery-1\">\n\t\t\t\t\t<img decoding=\"async\" width=\"650\" height=\"348\" src=\"https:\/\/www.quadrisol.pt\/wp-content\/uploads\/2022\/03\/quadrisol-portfolio3.jpg\" class=\"attachment- size-\" alt=\"quadrisol- fotovoltaico\" srcset=\"https:\/\/www.quadrisol.pt\/wp-content\/uploads\/2022\/03\/quadrisol-portfolio3.jpg 650w, https:\/\/www.quadrisol.pt\/wp-content\/uploads\/2022\/03\/quadrisol-portfolio3-600x321.jpg 600w, https:\/\/www.quadrisol.pt\/wp-content\/uploads\/2022\/03\/quadrisol-portfolio3-300x161.jpg 300w\" sizes=\"(max-width: 650px) 100vw, 650px\" loading=\"eager\" \/>\t\t\t\t\t<\/a>\n\t\t\t<\/div>\n<\/div>\n<div class=\"qodef-e qodef-image-wrapper qodef-grid-item qodef-item--landscape\">\n\t<div class=\"qodef-e-inner\">\n\t\t\t\t\t<a class=\"qodef-popup-item\" itemprop=\"image\" href=\"https:\/\/www.quadrisol.pt\/wp-content\/uploads\/2022\/03\/quadrisol-portfolio7.jpg\" data-type=\"image\" data-fslightbox=\"gallery-1\">\n\t\t\t\t\t<img decoding=\"async\" width=\"1200\" height=\"650\" src=\"https:\/\/www.quadrisol.pt\/wp-content\/uploads\/2022\/03\/quadrisol-portfolio7-1200x650.jpg\" class=\"attachment-qi_addons_for_elementor_image_size_landscape size-qi_addons_for_elementor_image_size_landscape\" alt=\"quadrisol- fotovoltaico\" loading=\"eager\" \/>\t\t\t\t\t<\/a>\n\t\t\t<\/div>\n<\/div>\n<div class=\"qodef-e qodef-image-wrapper qodef-grid-item qodef-item--\">\n\t<div class=\"qodef-e-inner\">\n\t\t\t\t\t<a class=\"qodef-popup-item\" itemprop=\"image\" href=\"https:\/\/www.quadrisol.pt\/wp-content\/uploads\/2022\/03\/quadrisol-portfolio4.jpg\" data-type=\"image\" data-fslightbox=\"gallery-1\">\n\t\t\t\t\t<img decoding=\"async\" width=\"650\" height=\"353\" src=\"https:\/\/www.quadrisol.pt\/wp-content\/uploads\/2022\/03\/quadrisol-portfolio4.jpg\" class=\"attachment- size-\" alt=\"continente modelo- quadrisol\" srcset=\"https:\/\/www.quadrisol.pt\/wp-content\/uploads\/2022\/03\/quadrisol-portfolio4.jpg 650w, https:\/\/www.quadrisol.pt\/wp-content\/uploads\/2022\/03\/quadrisol-portfolio4-600x326.jpg 600w, https:\/\/www.quadrisol.pt\/wp-content\/uploads\/2022\/03\/quadrisol-portfolio4-300x163.jpg 300w\" sizes=\"(max-width: 650px) 100vw, 650px\" loading=\"eager\" \/>\t\t\t\t\t<\/a>\n\t\t\t<\/div>\n<\/div>\n<div class=\"qodef-e qodef-image-wrapper qodef-grid-item qodef-item--\">\n\t<div class=\"qodef-e-inner\">\n\t\t\t\t\t<a class=\"qodef-popup-item\" itemprop=\"image\" href=\"https:\/\/www.quadrisol.pt\/wp-content\/uploads\/2022\/03\/quadrisol-portfolio5.jpg\" data-type=\"image\" data-fslightbox=\"gallery-1\">\n\t\t\t\t\t<img decoding=\"async\" width=\"1023\" height=\"634\" src=\"https:\/\/www.quadrisol.pt\/wp-content\/uploads\/2022\/03\/quadrisol-portfolio5.jpg\" class=\"attachment- size-\" alt=\"\" srcset=\"https:\/\/www.quadrisol.pt\/wp-content\/uploads\/2022\/03\/quadrisol-portfolio5.jpg 1023w, https:\/\/www.quadrisol.pt\/wp-content\/uploads\/2022\/03\/quadrisol-portfolio5-600x372.jpg 600w, https:\/\/www.quadrisol.pt\/wp-content\/uploads\/2022\/03\/quadrisol-portfolio5-300x186.jpg 300w, https:\/\/www.quadrisol.pt\/wp-content\/uploads\/2022\/03\/quadrisol-portfolio5-768x476.jpg 768w\" sizes=\"(max-width: 1023px) 100vw, 1023px\" loading=\"eager\" \/>\t\t\t\t\t<\/a>\n\t\t\t<\/div>\n<\/div>\n<div class=\"qodef-e qodef-image-wrapper qodef-grid-item qodef-item--\">\n\t<div class=\"qodef-e-inner\">\n\t\t\t\t\t<a class=\"qodef-popup-item\" itemprop=\"image\" href=\"https:\/\/www.quadrisol.pt\/wp-content\/uploads\/2022\/03\/quadrisol-portfolio6.jpg\" data-type=\"image\" data-fslightbox=\"gallery-1\">\n\t\t\t\t\t<img decoding=\"async\" width=\"650\" height=\"440\" src=\"https:\/\/www.quadrisol.pt\/wp-content\/uploads\/2022\/03\/quadrisol-portfolio6.jpg\" class=\"attachment- size-\" alt=\"\" srcset=\"https:\/\/www.quadrisol.pt\/wp-content\/uploads\/2022\/03\/quadrisol-portfolio6.jpg 650w, https:\/\/www.quadrisol.pt\/wp-content\/uploads\/2022\/03\/quadrisol-portfolio6-600x406.jpg 600w, https:\/\/www.quadrisol.pt\/wp-content\/uploads\/2022\/03\/quadrisol-portfolio6-300x203.jpg 300w\" sizes=\"(max-width: 650px) 100vw, 650px\" loading=\"eager\" \/>\t\t\t\t\t<\/a>\n\t\t\t<\/div>\n<\/div>\n\t<\/div>\n<\/div>\n\t\t\t\t<\/div>\n\t\t\t\t<\/div>\n\t\t\t\t\t<\/div>\n\t\t<\/div>\n\t\t\t\t\t<\/div>\n\t\t<\/section>\n\t\t\t\t<\/div>","protected":false},"excerpt":{"rendered":"<p>quadrisol Portef\u00f3lio Todas as obras s\u00e3o inputs fundamentais para a nossa afirma\u00e7\u00e3o e crescimento. Detemos uma multiplicidade de interven\u00e7\u00f5es de \u00e2mbito p\u00fablico e privado, nos mais diversificados setores de atividade. Escola Secund\u00e1ria Jos\u00e9 R\u00e9gio (Vila do Conde) Centro Escolar de Salvaterra de Magos Escola Secund\u00e1ria Fontes Pereira de Melo (Vila do Conde) Escola Secund\u00e1ria de [&hellip;]<\/p>","protected":false},"author":1,"featured_media":0,"parent":0,"menu_order":0,"comment_status":"closed","ping_status":"closed","template":"","meta":{"footnotes":""},"class_list":["post-1517","page","type-page","status-publish","hentry"],"yoast_head":"<!-- This site is optimized with the Yoast SEO plugin v27.5 - https:\/\/yoast.com\/product\/yoast-seo-wordpress\/ -->\n<title>Portef\u00f3lio - Quadrisol<\/title>\n<meta name=\"description\" content=\"Veja o nosso portf\u00f3lio, onde publicamos alguns dos nosso projetos, quadros, servi\u00e7os e clientes que confiaram em nos.\" \/>\n<meta name=\"robots\" content=\"index, follow, max-snippet:-1, max-image-preview:large, max-video-preview:-1\" \/>\n<link rel=\"canonical\" href=\"https:\/\/www.quadrisol.pt\/es\/portfolio\/\" \/>\n<meta property=\"og:locale\" content=\"es_ES\" \/>\n<meta property=\"og:type\" content=\"article\" \/>\n<meta property=\"og:title\" content=\"Portf\u00f3lio- Quadrisol\" \/>\n<meta property=\"og:description\" content=\"Veja o nosso portf\u00f3lio, onde publicamos alguns dos nosso projetos, quadros, servi\u00e7os e clientes que confiaram em nos.\" \/>\n<meta property=\"og:url\" content=\"https:\/\/www.quadrisol.pt\/es\/portfolio\/\" \/>\n<meta property=\"og:site_name\" content=\"Quadrisol\" \/>\n<meta property=\"article:modified_time\" content=\"2022-10-17T15:03:09+00:00\" \/>\n<meta property=\"og:image\" content=\"https:\/\/www.quadrisol.pt\/wp-content\/uploads\/2022\/03\/01-1.jpg\" \/>\n\t<meta property=\"og:image:width\" content=\"1300\" \/>\n\t<meta property=\"og:image:height\" content=\"765\" \/>\n\t<meta property=\"og:image:type\" content=\"image\/jpeg\" \/>\n<meta name=\"twitter:card\" content=\"summary_large_image\" \/>\n<meta name=\"twitter:label1\" content=\"Tiempo de lectura\" \/>\n\t<meta name=\"twitter:data1\" content=\"3 minutos\" \/>\n<script type=\"application\/ld+json\" class=\"yoast-schema-graph\">{\"@context\":\"https:\\\/\\\/schema.org\",\"@graph\":[{\"@type\":\"WebPage\",\"@id\":\"https:\\\/\\\/www.quadrisol.pt\\\/portfolio\\\/\",\"url\":\"https:\\\/\\\/www.quadrisol.pt\\\/portfolio\\\/\",\"name\":\"Portef\u00f3lio - Quadrisol\",\"isPartOf\":{\"@id\":\"https:\\\/\\\/www.quadrisol.pt\\\/#website\"},\"primaryImageOfPage\":{\"@id\":\"https:\\\/\\\/www.quadrisol.pt\\\/portfolio\\\/#primaryimage\"},\"image\":{\"@id\":\"https:\\\/\\\/www.quadrisol.pt\\\/portfolio\\\/#primaryimage\"},\"thumbnailUrl\":\"https:\\\/\\\/www.quadrisol.pt\\\/wp-content\\\/uploads\\\/2022\\\/03\\\/quadrisol-portfolio1.jpg\",\"datePublished\":\"2020-02-12T14:02:30+00:00\",\"dateModified\":\"2022-10-17T15:03:09+00:00\",\"description\":\"Veja o nosso portf\u00f3lio, onde publicamos alguns dos nosso projetos, quadros, servi\u00e7os e clientes que confiaram em nos.\",\"breadcrumb\":{\"@id\":\"https:\\\/\\\/www.quadrisol.pt\\\/portfolio\\\/#breadcrumb\"},\"inLanguage\":\"es\",\"potentialAction\":[{\"@type\":\"ReadAction\",\"target\":[\"https:\\\/\\\/www.quadrisol.pt\\\/portfolio\\\/\"]}]},{\"@type\":\"ImageObject\",\"inLanguage\":\"es\",\"@id\":\"https:\\\/\\\/www.quadrisol.pt\\\/portfolio\\\/#primaryimage\",\"url\":\"https:\\\/\\\/www.quadrisol.pt\\\/wp-content\\\/uploads\\\/2022\\\/03\\\/quadrisol-portfolio1.jpg\",\"contentUrl\":\"https:\\\/\\\/www.quadrisol.pt\\\/wp-content\\\/uploads\\\/2022\\\/03\\\/quadrisol-portfolio1.jpg\"},{\"@type\":\"BreadcrumbList\",\"@id\":\"https:\\\/\\\/www.quadrisol.pt\\\/portfolio\\\/#breadcrumb\",\"itemListElement\":[{\"@type\":\"ListItem\",\"position\":1,\"name\":\"Home\",\"item\":\"https:\\\/\\\/www.quadrisol.pt\\\/\"},{\"@type\":\"ListItem\",\"position\":2,\"name\":\"Portef\u00f3lio\"}]},{\"@type\":\"WebSite\",\"@id\":\"https:\\\/\\\/www.quadrisol.pt\\\/#website\",\"url\":\"https:\\\/\\\/www.quadrisol.pt\\\/\",\"name\":\"Quadrisol\",\"description\":\"Quadros El\u00e9tricos - Fabricante de quadros el\u00e9tricos e distribuidor de sistemas fotovoltaicos\",\"publisher\":{\"@id\":\"https:\\\/\\\/www.quadrisol.pt\\\/#organization\"},\"potentialAction\":[{\"@type\":\"SearchAction\",\"target\":{\"@type\":\"EntryPoint\",\"urlTemplate\":\"https:\\\/\\\/www.quadrisol.pt\\\/?s={search_term_string}\"},\"query-input\":{\"@type\":\"PropertyValueSpecification\",\"valueRequired\":true,\"valueName\":\"search_term_string\"}}],\"inLanguage\":\"es\"},{\"@type\":\"Organization\",\"@id\":\"https:\\\/\\\/www.quadrisol.pt\\\/#organization\",\"name\":\"Quadrisol\",\"url\":\"https:\\\/\\\/www.quadrisol.pt\\\/\",\"logo\":{\"@type\":\"ImageObject\",\"inLanguage\":\"es\",\"@id\":\"https:\\\/\\\/www.quadrisol.pt\\\/#\\\/schema\\\/logo\\\/image\\\/\",\"url\":\"https:\\\/\\\/www.quadrisol.pt\\\/wp-content\\\/uploads\\\/2022\\\/03\\\/cropped-logo-topo.png\",\"contentUrl\":\"https:\\\/\\\/www.quadrisol.pt\\\/wp-content\\\/uploads\\\/2022\\\/03\\\/cropped-logo-topo.png\",\"width\":601,\"height\":123,\"caption\":\"Quadrisol\"},\"image\":{\"@id\":\"https:\\\/\\\/www.quadrisol.pt\\\/#\\\/schema\\\/logo\\\/image\\\/\"},\"sameAs\":[\"https:\\\/\\\/pt.linkedin.com\\\/company\\\/quadrisol\"]}]}<\/script>\n<!-- \/ Yoast SEO plugin. -->","yoast_head_json":{"title":"Portef\u00f3lio - Quadrisol","description":"Veja o nosso portf\u00f3lio, onde publicamos alguns dos nosso projetos, quadros, servi\u00e7os e clientes que confiaram em nos.","robots":{"index":"index","follow":"follow","max-snippet":"max-snippet:-1","max-image-preview":"max-image-preview:large","max-video-preview":"max-video-preview:-1"},"canonical":"https:\/\/www.quadrisol.pt\/es\/portfolio\/","og_locale":"es_ES","og_type":"article","og_title":"Portf\u00f3lio- Quadrisol","og_description":"Veja o nosso portf\u00f3lio, onde publicamos alguns dos nosso projetos, quadros, servi\u00e7os e clientes que confiaram em nos.","og_url":"https:\/\/www.quadrisol.pt\/es\/portfolio\/","og_site_name":"Quadrisol","article_modified_time":"2022-10-17T15:03:09+00:00","og_image":[{"width":1300,"height":765,"url":"https:\/\/www.quadrisol.pt\/wp-content\/uploads\/2022\/03\/01-1.jpg","type":"image\/jpeg"}],"twitter_card":"summary_large_image","twitter_misc":{"Tiempo de lectura":"3 minutos"},"schema":{"@context":"https:\/\/schema.org","@graph":[{"@type":"WebPage","@id":"https:\/\/www.quadrisol.pt\/portfolio\/","url":"https:\/\/www.quadrisol.pt\/portfolio\/","name":"Portef\u00f3lio - Quadrisol","isPartOf":{"@id":"https:\/\/www.quadrisol.pt\/#website"},"primaryImageOfPage":{"@id":"https:\/\/www.quadrisol.pt\/portfolio\/#primaryimage"},"image":{"@id":"https:\/\/www.quadrisol.pt\/portfolio\/#primaryimage"},"thumbnailUrl":"https:\/\/www.quadrisol.pt\/wp-content\/uploads\/2022\/03\/quadrisol-portfolio1.jpg","datePublished":"2020-02-12T14:02:30+00:00","dateModified":"2022-10-17T15:03:09+00:00","description":"Veja o nosso portf\u00f3lio, onde publicamos alguns dos nosso projetos, quadros, servi\u00e7os e clientes que confiaram em nos.","breadcrumb":{"@id":"https:\/\/www.quadrisol.pt\/portfolio\/#breadcrumb"},"inLanguage":"es","potentialAction":[{"@type":"ReadAction","target":["https:\/\/www.quadrisol.pt\/portfolio\/"]}]},{"@type":"ImageObject","inLanguage":"es","@id":"https:\/\/www.quadrisol.pt\/portfolio\/#primaryimage","url":"https:\/\/www.quadrisol.pt\/wp-content\/uploads\/2022\/03\/quadrisol-portfolio1.jpg","contentUrl":"https:\/\/www.quadrisol.pt\/wp-content\/uploads\/2022\/03\/quadrisol-portfolio1.jpg"},{"@type":"BreadcrumbList","@id":"https:\/\/www.quadrisol.pt\/portfolio\/#breadcrumb","itemListElement":[{"@type":"ListItem","position":1,"name":"Home","item":"https:\/\/www.quadrisol.pt\/"},{"@type":"ListItem","position":2,"name":"Portef\u00f3lio"}]},{"@type":"WebSite","@id":"https:\/\/www.quadrisol.pt\/#website","url":"https:\/\/www.quadrisol.pt\/","name":"Quadrisol","description":"Quadros El\u00e9tricos - Fabricante de quadros el\u00e9tricos e distribuidor de sistemas fotovoltaicos","publisher":{"@id":"https:\/\/www.quadrisol.pt\/#organization"},"potentialAction":[{"@type":"SearchAction","target":{"@type":"EntryPoint","urlTemplate":"https:\/\/www.quadrisol.pt\/?s={search_term_string}"},"query-input":{"@type":"PropertyValueSpecification","valueRequired":true,"valueName":"search_term_string"}}],"inLanguage":"es"},{"@type":"Organization","@id":"https:\/\/www.quadrisol.pt\/#organization","name":"Quadrisol","url":"https:\/\/www.quadrisol.pt\/","logo":{"@type":"ImageObject","inLanguage":"es","@id":"https:\/\/www.quadrisol.pt\/#\/schema\/logo\/image\/","url":"https:\/\/www.quadrisol.pt\/wp-content\/uploads\/2022\/03\/cropped-logo-topo.png","contentUrl":"https:\/\/www.quadrisol.pt\/wp-content\/uploads\/2022\/03\/cropped-logo-topo.png","width":601,"height":123,"caption":"Quadrisol"},"image":{"@id":"https:\/\/www.quadrisol.pt\/#\/schema\/logo\/image\/"},"sameAs":["https:\/\/pt.linkedin.com\/company\/quadrisol"]}]}},"_links":{"self":[{"href":"https:\/\/www.quadrisol.pt\/es\/wp-json\/wp\/v2\/pages\/1517","targetHints":{"allow":["GET"]}}],"collection":[{"href":"https:\/\/www.quadrisol.pt\/es\/wp-json\/wp\/v2\/pages"}],"about":[{"href":"https:\/\/www.quadrisol.pt\/es\/wp-json\/wp\/v2\/types\/page"}],"author":[{"embeddable":true,"href":"https:\/\/www.quadrisol.pt\/es\/wp-json\/wp\/v2\/users\/1"}],"replies":[{"embeddable":true,"href":"https:\/\/www.quadrisol.pt\/es\/wp-json\/wp\/v2\/comments?post=1517"}],"version-history":[{"count":64,"href":"https:\/\/www.quadrisol.pt\/es\/wp-json\/wp\/v2\/pages\/1517\/revisions"}],"predecessor-version":[{"id":11050,"href":"https:\/\/www.quadrisol.pt\/es\/wp-json\/wp\/v2\/pages\/1517\/revisions\/11050"}],"wp:attachment":[{"href":"https:\/\/www.quadrisol.pt\/es\/wp-json\/wp\/v2\/media?parent=1517"}],"curies":[{"name":"wp","href":"https:\/\/api.w.org\/{rel}","templated":true}]}}