{"id":6430,"date":"2022-03-25T01:01:20","date_gmt":"2022-03-25T01:01:20","guid":{"rendered":"http:\/\/94.46.14.215\/~quadrisol\/?page_id=6430"},"modified":"2022-09-13T16:41:41","modified_gmt":"2022-09-13T16:41:41","slug":"termos-e-condicoes","status":"publish","type":"page","link":"https:\/\/www.quadrisol.pt\/es\/termos-e-condicoes\/","title":{"rendered":"Termos e Condi\u00e7\u00f5es"},"content":{"rendered":"<div data-elementor-type=\"wp-page\" data-elementor-id=\"6430\" class=\"elementor elementor-6430\">\n\t\t\t\t\t\t<section class=\"elementor-section elementor-top-section elementor-element elementor-element-9700ecc elementor-section-boxed elementor-section-height-default elementor-section-height-default qodef-elementor-content-no\" data-id=\"9700ecc\" data-element_type=\"section\">\n\t\t\t\t\t\t<div class=\"elementor-container elementor-column-gap-default\">\n\t\t\t\t\t<div class=\"elementor-column elementor-col-100 elementor-top-column elementor-element elementor-element-45616fd\" data-id=\"45616fd\" data-element_type=\"column\">\n\t\t\t<div class=\"elementor-widget-wrap elementor-element-populated\">\n\t\t\t\t\t\t<div class=\"elementor-element elementor-element-ecaeae2 elementor-widget elementor-widget-text-editor\" data-id=\"ecaeae2\" data-element_type=\"widget\" data-widget_type=\"text-editor.default\">\n\t\t\t\t<div class=\"elementor-widget-container\">\n\t\t\t\t\t\t\t\t\t<p>Antes de utilizar el sitio, lea atentamente las condiciones de uso.<\/p><p><strong>1. PROPIEDAD DEL DOMINIO<\/strong><\/p><p>El sitio www.quadrisol.pt es propiedad de Quadrisol, Unipessoal Ltd., con sede en Praceta do Castelo, Pavilh\u00e3o C5, Sequeira, 4705-629 Braga, con el NIPC 508 924 057, inscrita en el Registro Comercial Conservatorio de Braga, en adelante QUADRISOL.<\/p><p><strong>2. ALCANCE Y OBJETO DE LAS CONDICIONES<\/strong><\/p><p>Las presentes Condiciones Generales se aplican a los usuarios del sitio web www.quadrisol.pt.<\/p><p>La navegaci\u00f3n por el sitio implica la aceptaci\u00f3n de estas condiciones.<\/p><p>QUADRISOL se reserva el derecho de actualizar y modificar estas Condiciones Generales en cualquier momento, sin previo aviso. El usuario debe releer las respectivas condiciones con cada nuevo uso, para comprobar si est\u00e1 de acuerdo con ellas.<\/p><p><strong>3. PROPIEDAD INTELECTUAL<\/strong><\/p><p>El sitio web www.quadrisol.pt y todos sus contenidos est\u00e1n protegidos por los derechos de autor y de propiedad intelectual e industrial. En este contexto, se autoriza su uso exclusivamente con fines personales, quedando prohibida su reproducci\u00f3n, transferencia, representaci\u00f3n, distribuci\u00f3n, almacenamiento, duplicaci\u00f3n o copia, total o parcial. Cualquiera de estos usos constituye un delito cuando se realiza sin la previa autorizaci\u00f3n por escrito de QUADRISOL o del propietario de la marca en cuesti\u00f3n.<\/p><p>Este sitio puede contener hiperv\u00ednculos a sitios de terceros. QUADRISOL no se hace responsable del contenido y la fiabilidad de estos sitios, no representando y\/o avalando estos sitios y su contenido como propios, ya que QUADRISOL no controla la informaci\u00f3n y el contenido de los mismos. Su uso es por cuenta y riesgo del usuario. Asimismo, QUADRISOL declina toda responsabilidad por la colocaci\u00f3n abusiva de enlaces al dominio www.quadrisol.pt en otras p\u00e1ginas, sobre el origen de las mismas y los contenidos insertados en ellas. La utilizaci\u00f3n del dominio www.quadrisol.pt o de los enlaces al mismo con fines abusivos, y sin autorizaci\u00f3n previa por escrito, podr\u00e1 ser objeto de recurso a los medios legales competentes por parte de QUADRISOL.<\/p><p><strong>4. POL\u00cdTICA DE PRIVACIDAD<\/strong><\/p><p>QUADRISOL respeta su privacidad. Toda la informaci\u00f3n recopilada en el sitio se mantendr\u00e1 confidencial y no ser\u00e1 vendida, proporcionada o reutilizada por terceros.<\/p><p>Cookies: Al aceptar esta pol\u00edtica de privacidad, usted acepta el uso de cookies en este sitio, que se describen a continuaci\u00f3n.<\/p><p><br \/><strong>Informaci\u00f3n sobre las cookies<\/strong><br \/><br \/><strong>\u00bfQu\u00e9 es un cookie?<\/strong><\/p><p>Una cookie es un peque\u00f1o archivo de texto que un sitio web coloca en su PC, tel\u00e9fono o dispositivo inform\u00e1tico, que contiene informaci\u00f3n sobre su navegaci\u00f3n en ese sitio web. Las cookies son necesarias para facilitar la navegaci\u00f3n del usuario y no da\u00f1an su ordenador.<\/p><p>Aunque en esta pol\u00edtica de privacidad se utiliza el t\u00e9rmino \"cookies\", al ser \u00e9ste el principal m\u00e9todo de almacenamiento de informaci\u00f3n utilizado por este sitio web, el espacio de \"almacenamiento local\" del navegador se utiliza con la misma finalidad que las cookies. En este contexto, toda la informaci\u00f3n incluida en esta secci\u00f3n es tambi\u00e9n aplicable a este \"almacenamiento local\" de informaci\u00f3n.<\/p><p><strong>\u00bfPara qu\u00e9 utilizamos las cookies en este sitio web?<\/strong><\/p><p>Las cookies son una parte esencial del funcionamiento de nuestro sitio web. El objetivo principal de nuestras cookies es mejorar su experiencia de navegaci\u00f3n en nuestro sitio web.<\/p><p>La informaci\u00f3n recopilada por las cookies tambi\u00e9n nos permite mejorar nuestro sitio web al proporcionar informaci\u00f3n sobre el n\u00famero y la regularidad de las visitas, la adaptaci\u00f3n del sitio web a los intereses individuales del usuario, la velocidad de las b\u00fasquedas, etc.<\/p><p><strong>\u00bfPara qu\u00e9 NO se utilizan las cookies en este sitio web?<\/strong><\/p><p>No utilizamos cookies para dirigir publicidad a nuestros usuarios en funci\u00f3n de su navegaci\u00f3n, ni para otros fines publicitarios propios o de terceros.<\/p><p><strong>\u00bfQui\u00e9n utiliza la informaci\u00f3n almacenada en las cookies?<\/strong><\/p><p>La informaci\u00f3n almacenada en las cookies de nuestro sitio web es utilizada exclusivamente por nuestros servicios, a excepci\u00f3n de la informaci\u00f3n de Google Analytics, que es utilizada y administrada por Google y por nosotros con fines estad\u00edsticos.<\/p><p><strong>\u00bfSe pueden desactivar las cookies?<\/strong><\/p><p>S\u00ed, es posible desactivar las cookies. Sin embargo, si elige esta configuraci\u00f3n, es posible que no pueda acceder a algunas partes de nuestro sitio web, que su navegaci\u00f3n sea menos eficiente y que no pueda disfrutar de las ventajas de algunos de nuestros servicios. Si decide restringir, bloquear o eliminar las cookies de este sitio, puede hacerlo a trav\u00e9s de la configuraci\u00f3n de su navegador. Aunque los par\u00e1metros de ajuste de cada navegador son diferentes, la configuraci\u00f3n de las cookies se realiza generalmente a trav\u00e9s de las opciones del men\u00fa \"Preferencias\" o \"Herramientas\". Para m\u00e1s informaci\u00f3n sobre c\u00f3mo configurar las cookies en su navegador, consulte el men\u00fa \"Ayuda\" de su navegador.<\/p><p><strong>5. LEY Y JURISDICCI\u00d3N APLICABLES<\/strong><\/p><p>Estas condiciones generales se rigen por la legislaci\u00f3n portuguesa.<\/p><p>Todas las disputas que surjan de la interpretaci\u00f3n o ejecuci\u00f3n de este acuerdo ser\u00e1n resueltas por el Tribunal de Distrito de Braga, renunciando expresamente a cualquier otro.<\/p><p><strong>6. RESOLUCI\u00d3N ALTERNATIVA DE LITIGIOS EN MATERIA DE CONSUMO<\/strong><\/p><p>En caso de litigio, el consumidor puede recurrir a la siguiente entidad para la resoluci\u00f3n alternativa de litigios de consumo:<\/p><p>CIAB-Centro de Informa\u00e7\u00e3o, Media\u00e7\u00e3o e Arbitragem de Consumo (Tribunal Arbitral de Consumo)<br \/>Rua D. Afonso Henriques, n\u00ba 1 (Edif\u00edcio da Junta de Freguesia da S\u00e9)<br \/>4700-030 Braga<br \/>Tel.: 253 617 604<br \/>Fax: 253 617 605<br \/>e-mail: geral@ciab.pt<br \/>www.ciab.pt<\/p><p><strong>7. COMENTARIOS<\/strong><\/p><p>QUADRISOL agradece los comentarios y opiniones de los usuarios. Env\u00edelos a la siguiente direcci\u00f3n de correo electr\u00f3nico: marketing@quadrisol.pt<\/p>\t\t\t\t\t\t\t\t<\/div>\n\t\t\t\t<\/div>\n\t\t\t\t\t<\/div>\n\t\t<\/div>\n\t\t\t\t\t<\/div>\n\t\t<\/section>\n\t\t\t\t<\/div>","protected":false},"excerpt":{"rendered":"<p>Antes de utilizar o site, leia atentamente os Termos e Condi\u00e7\u00f5es de utiliza\u00e7\u00e3o. 1. TITULARIDADE DO DOM\u00cdNIO O site www.quadrisol.pt \u00e9 propriedade da Quadrisol, Unipessoal Lda., com sede na Praceta do Castelo, Pavilh\u00e3o C5, Sequeira, 4705-629 Braga, com o NIPC 508 924 057, matriculada na Conservat\u00f3ria do Registo Comercial de Braga, doravante designada por QUADRISOL. [&hellip;]<\/p>","protected":false},"author":1,"featured_media":0,"parent":0,"menu_order":0,"comment_status":"closed","ping_status":"closed","template":"","meta":{"footnotes":""},"class_list":["post-6430","page","type-page","status-publish","hentry"],"yoast_head":"<!-- This site is optimized with the Yoast SEO plugin v27.5 - https:\/\/yoast.com\/product\/yoast-seo-wordpress\/ -->\n<title>Termos e Condi\u00e7\u00f5es - Quadrisol<\/title>\n<meta name=\"description\" content=\"Termos e condi\u00e7\u00f5es Quadrisol\" \/>\n<meta name=\"robots\" content=\"index, follow, max-snippet:-1, max-image-preview:large, max-video-preview:-1\" \/>\n<link rel=\"canonical\" href=\"https:\/\/www.quadrisol.pt\/es\/termos-e-condicoes\/\" \/>\n<meta property=\"og:locale\" content=\"es_ES\" \/>\n<meta property=\"og:type\" content=\"article\" \/>\n<meta property=\"og:title\" content=\"Termos e Condi\u00e7\u00f5es - Quadrisol\" \/>\n<meta property=\"og:description\" content=\"Termos e condi\u00e7\u00f5es Quadrisol\" \/>\n<meta property=\"og:url\" content=\"https:\/\/www.quadrisol.pt\/es\/termos-e-condicoes\/\" \/>\n<meta property=\"og:site_name\" content=\"Quadrisol\" \/>\n<meta property=\"article:modified_time\" content=\"2022-09-13T16:41:41+00:00\" \/>\n<meta name=\"twitter:card\" content=\"summary_large_image\" \/>\n<meta name=\"twitter:label1\" content=\"Tiempo de lectura\" \/>\n\t<meta name=\"twitter:data1\" content=\"5 minutos\" \/>\n<script type=\"application\/ld+json\" class=\"yoast-schema-graph\">{\"@context\":\"https:\\\/\\\/schema.org\",\"@graph\":[{\"@type\":\"WebPage\",\"@id\":\"https:\\\/\\\/www.quadrisol.pt\\\/termos-e-condicoes\\\/\",\"url\":\"https:\\\/\\\/www.quadrisol.pt\\\/termos-e-condicoes\\\/\",\"name\":\"Termos e Condi\u00e7\u00f5es - Quadrisol\",\"isPartOf\":{\"@id\":\"https:\\\/\\\/www.quadrisol.pt\\\/#website\"},\"datePublished\":\"2022-03-25T01:01:20+00:00\",\"dateModified\":\"2022-09-13T16:41:41+00:00\",\"description\":\"Termos e condi\u00e7\u00f5es Quadrisol\",\"breadcrumb\":{\"@id\":\"https:\\\/\\\/www.quadrisol.pt\\\/termos-e-condicoes\\\/#breadcrumb\"},\"inLanguage\":\"es\",\"potentialAction\":[{\"@type\":\"ReadAction\",\"target\":[\"https:\\\/\\\/www.quadrisol.pt\\\/termos-e-condicoes\\\/\"]}]},{\"@type\":\"BreadcrumbList\",\"@id\":\"https:\\\/\\\/www.quadrisol.pt\\\/termos-e-condicoes\\\/#breadcrumb\",\"itemListElement\":[{\"@type\":\"ListItem\",\"position\":1,\"name\":\"Home\",\"item\":\"https:\\\/\\\/www.quadrisol.pt\\\/\"},{\"@type\":\"ListItem\",\"position\":2,\"name\":\"Termos e Condi\u00e7\u00f5es\"}]},{\"@type\":\"WebSite\",\"@id\":\"https:\\\/\\\/www.quadrisol.pt\\\/#website\",\"url\":\"https:\\\/\\\/www.quadrisol.pt\\\/\",\"name\":\"Quadrisol\",\"description\":\"Quadros El\u00e9tricos - Fabricante de quadros el\u00e9tricos e distribuidor de sistemas fotovoltaicos\",\"publisher\":{\"@id\":\"https:\\\/\\\/www.quadrisol.pt\\\/#organization\"},\"potentialAction\":[{\"@type\":\"SearchAction\",\"target\":{\"@type\":\"EntryPoint\",\"urlTemplate\":\"https:\\\/\\\/www.quadrisol.pt\\\/?s={search_term_string}\"},\"query-input\":{\"@type\":\"PropertyValueSpecification\",\"valueRequired\":true,\"valueName\":\"search_term_string\"}}],\"inLanguage\":\"es\"},{\"@type\":\"Organization\",\"@id\":\"https:\\\/\\\/www.quadrisol.pt\\\/#organization\",\"name\":\"Quadrisol\",\"url\":\"https:\\\/\\\/www.quadrisol.pt\\\/\",\"logo\":{\"@type\":\"ImageObject\",\"inLanguage\":\"es\",\"@id\":\"https:\\\/\\\/www.quadrisol.pt\\\/#\\\/schema\\\/logo\\\/image\\\/\",\"url\":\"https:\\\/\\\/www.quadrisol.pt\\\/wp-content\\\/uploads\\\/2022\\\/03\\\/cropped-logo-topo.png\",\"contentUrl\":\"https:\\\/\\\/www.quadrisol.pt\\\/wp-content\\\/uploads\\\/2022\\\/03\\\/cropped-logo-topo.png\",\"width\":601,\"height\":123,\"caption\":\"Quadrisol\"},\"image\":{\"@id\":\"https:\\\/\\\/www.quadrisol.pt\\\/#\\\/schema\\\/logo\\\/image\\\/\"},\"sameAs\":[\"https:\\\/\\\/pt.linkedin.com\\\/company\\\/quadrisol\"]}]}<\/script>\n<!-- \/ Yoast SEO plugin. -->","yoast_head_json":{"title":"Termos e Condi\u00e7\u00f5es - Quadrisol","description":"Termos e condi\u00e7\u00f5es Quadrisol","robots":{"index":"index","follow":"follow","max-snippet":"max-snippet:-1","max-image-preview":"max-image-preview:large","max-video-preview":"max-video-preview:-1"},"canonical":"https:\/\/www.quadrisol.pt\/es\/termos-e-condicoes\/","og_locale":"es_ES","og_type":"article","og_title":"Termos e Condi\u00e7\u00f5es - Quadrisol","og_description":"Termos e condi\u00e7\u00f5es Quadrisol","og_url":"https:\/\/www.quadrisol.pt\/es\/termos-e-condicoes\/","og_site_name":"Quadrisol","article_modified_time":"2022-09-13T16:41:41+00:00","twitter_card":"summary_large_image","twitter_misc":{"Tiempo de lectura":"5 minutos"},"schema":{"@context":"https:\/\/schema.org","@graph":[{"@type":"WebPage","@id":"https:\/\/www.quadrisol.pt\/termos-e-condicoes\/","url":"https:\/\/www.quadrisol.pt\/termos-e-condicoes\/","name":"Termos e Condi\u00e7\u00f5es - Quadrisol","isPartOf":{"@id":"https:\/\/www.quadrisol.pt\/#website"},"datePublished":"2022-03-25T01:01:20+00:00","dateModified":"2022-09-13T16:41:41+00:00","description":"Termos e condi\u00e7\u00f5es Quadrisol","breadcrumb":{"@id":"https:\/\/www.quadrisol.pt\/termos-e-condicoes\/#breadcrumb"},"inLanguage":"es","potentialAction":[{"@type":"ReadAction","target":["https:\/\/www.quadrisol.pt\/termos-e-condicoes\/"]}]},{"@type":"BreadcrumbList","@id":"https:\/\/www.quadrisol.pt\/termos-e-condicoes\/#breadcrumb","itemListElement":[{"@type":"ListItem","position":1,"name":"Home","item":"https:\/\/www.quadrisol.pt\/"},{"@type":"ListItem","position":2,"name":"Termos e Condi\u00e7\u00f5es"}]},{"@type":"WebSite","@id":"https:\/\/www.quadrisol.pt\/#website","url":"https:\/\/www.quadrisol.pt\/","name":"Quadrisol","description":"Quadros El\u00e9tricos - Fabricante de quadros el\u00e9tricos e distribuidor de sistemas fotovoltaicos","publisher":{"@id":"https:\/\/www.quadrisol.pt\/#organization"},"potentialAction":[{"@type":"SearchAction","target":{"@type":"EntryPoint","urlTemplate":"https:\/\/www.quadrisol.pt\/?s={search_term_string}"},"query-input":{"@type":"PropertyValueSpecification","valueRequired":true,"valueName":"search_term_string"}}],"inLanguage":"es"},{"@type":"Organization","@id":"https:\/\/www.quadrisol.pt\/#organization","name":"Quadrisol","url":"https:\/\/www.quadrisol.pt\/","logo":{"@type":"ImageObject","inLanguage":"es","@id":"https:\/\/www.quadrisol.pt\/#\/schema\/logo\/image\/","url":"https:\/\/www.quadrisol.pt\/wp-content\/uploads\/2022\/03\/cropped-logo-topo.png","contentUrl":"https:\/\/www.quadrisol.pt\/wp-content\/uploads\/2022\/03\/cropped-logo-topo.png","width":601,"height":123,"caption":"Quadrisol"},"image":{"@id":"https:\/\/www.quadrisol.pt\/#\/schema\/logo\/image\/"},"sameAs":["https:\/\/pt.linkedin.com\/company\/quadrisol"]}]}},"_links":{"self":[{"href":"https:\/\/www.quadrisol.pt\/es\/wp-json\/wp\/v2\/pages\/6430","targetHints":{"allow":["GET"]}}],"collection":[{"href":"https:\/\/www.quadrisol.pt\/es\/wp-json\/wp\/v2\/pages"}],"about":[{"href":"https:\/\/www.quadrisol.pt\/es\/wp-json\/wp\/v2\/types\/page"}],"author":[{"embeddable":true,"href":"https:\/\/www.quadrisol.pt\/es\/wp-json\/wp\/v2\/users\/1"}],"replies":[{"embeddable":true,"href":"https:\/\/www.quadrisol.pt\/es\/wp-json\/wp\/v2\/comments?post=6430"}],"version-history":[{"count":3,"href":"https:\/\/www.quadrisol.pt\/es\/wp-json\/wp\/v2\/pages\/6430\/revisions"}],"predecessor-version":[{"id":10746,"href":"https:\/\/www.quadrisol.pt\/es\/wp-json\/wp\/v2\/pages\/6430\/revisions\/10746"}],"wp:attachment":[{"href":"https:\/\/www.quadrisol.pt\/es\/wp-json\/wp\/v2\/media?parent=6430"}],"curies":[{"name":"wp","href":"https:\/\/api.w.org\/{rel}","templated":true}]}}