{"id":9011,"date":"2022-06-08T10:46:35","date_gmt":"2022-06-08T10:46:35","guid":{"rendered":"http:\/\/94.46.14.215\/~quadrisol\/?post_type=product&#038;p=9011"},"modified":"2022-07-26T13:21:58","modified_gmt":"2022-07-26T13:21:58","slug":"bateria-b1-saj","status":"publish","type":"product","link":"https:\/\/www.quadrisol.pt\/es\/product\/bateria-b1-saj\/","title":{"rendered":"Bateria B1"},"content":{"rendered":"<p>Q\u00a0<strong>Bateria de L\u00edtio SAJ 48V B1 5.1 kWh<\/strong> \u00e9 uma solu\u00e7\u00e3o perfeita para instala\u00e7\u00f5es de autoconsumo. Esta bateria \u00e9 um acumulador avan\u00e7ado que funciona a 48 V DC. Sendo<strong> compat\u00edvel com a maioria dos inversores h\u00edbridos no mercado. <\/strong>Esta bateria SAJ B1 pode servir como uma expans\u00e3o da bateria SAJ AS1 Retrofit. A bateria inclui um sistema de gest\u00e3o de bateria (BMS), garantindo assim a efici\u00eancia da bateria e evita sobrecargas ou a descargas excessivas.<\/p>\n<p><a href=\"http:\/\/94.46.14.215\/~quadrisol\/wp-content\/uploads\/2022\/06\/Datasheet-SAJ-B1.pdf\" target=\"_blank\" rel=\"noopener noreferrer\">Ficha t\u00e9cnica SAJ B1<\/a><\/p>\n<p>&nbsp;<\/p>","protected":false},"excerpt":{"rendered":"<p>A bateria B1 \u00e9 uma bateria de l\u00edtio de baixa tens\u00e3o (LiFePO4) de 5,12 kWh. Esta bateria tem um design modular e \u00e9 expans\u00edvel de 5,12 a 40,96 kWh. \u00c9 compat\u00edvel com produtos solares de armazenamento de baixa tens\u00e3o SAJ.<\/p>","protected":false},"featured_media":9012,"template":"","meta":[],"product_brand":[],"product_cat":[98],"product_tag":[99],"class_list":{"0":"post-9011","1":"product","2":"type-product","3":"status-publish","4":"has-post-thumbnail","6":"product_cat-baterias-de-litio","7":"product_tag-saj","9":"first","10":"onbackorder","11":"shipping-taxable","12":"product-type-simple"},"yoast_head":"<!-- This site is optimized with the Yoast SEO plugin v27.5 - https:\/\/yoast.com\/product\/yoast-seo-wordpress\/ -->\n<title>Bateria B1 SAJ<\/title>\n<meta name=\"description\" content=\"Bateria B1 SAJ. Bateria de l\u00edtio para equipamento fotovoltaico. Bateria SAJ. Bateria para autoconsumo fotovoltaico. Bateria B1\" \/>\n<meta name=\"robots\" content=\"index, follow, max-snippet:-1, max-image-preview:large, max-video-preview:-1\" \/>\n<link rel=\"canonical\" href=\"https:\/\/www.quadrisol.pt\/es\/product\/bateria-b1-saj\/\" \/>\n<meta property=\"og:locale\" content=\"es_ES\" \/>\n<meta property=\"og:type\" content=\"article\" \/>\n<meta property=\"og:title\" content=\"Bateria B1 SAJ\" \/>\n<meta property=\"og:description\" content=\"Bateria B1 SAJ. Bateria de l\u00edtio para equipamento fotovoltaico. Bateria SAJ. Bateria para autoconsumo fotovoltaico. Bateria B1\" \/>\n<meta property=\"og:url\" content=\"https:\/\/www.quadrisol.pt\/es\/product\/bateria-b1-saj\/\" \/>\n<meta property=\"og:site_name\" content=\"Quadrisol\" \/>\n<meta property=\"article:modified_time\" content=\"2022-07-26T13:21:58+00:00\" \/>\n<meta property=\"og:image\" content=\"https:\/\/www.quadrisol.pt\/wp-content\/uploads\/2022\/06\/b1-SAJ-1024x683.png\" \/>\n\t<meta property=\"og:image:width\" content=\"1024\" \/>\n\t<meta property=\"og:image:height\" content=\"683\" \/>\n\t<meta property=\"og:image:type\" content=\"image\/png\" \/>\n<meta name=\"twitter:card\" content=\"summary_large_image\" \/>\n<meta name=\"twitter:label1\" content=\"Tiempo de lectura\" \/>\n\t<meta name=\"twitter:data1\" content=\"1 minuto\" \/>\n<script type=\"application\/ld+json\" class=\"yoast-schema-graph\">{\"@context\":\"https:\\\/\\\/schema.org\",\"@graph\":[{\"@type\":\"WebPage\",\"@id\":\"https:\\\/\\\/www.quadrisol.pt\\\/product\\\/bateria-b1-saj\\\/\",\"url\":\"https:\\\/\\\/www.quadrisol.pt\\\/product\\\/bateria-b1-saj\\\/\",\"name\":\"Bateria B1 SAJ\",\"isPartOf\":{\"@id\":\"https:\\\/\\\/www.quadrisol.pt\\\/#website\"},\"primaryImageOfPage\":{\"@id\":\"https:\\\/\\\/www.quadrisol.pt\\\/product\\\/bateria-b1-saj\\\/#primaryimage\"},\"image\":{\"@id\":\"https:\\\/\\\/www.quadrisol.pt\\\/product\\\/bateria-b1-saj\\\/#primaryimage\"},\"thumbnailUrl\":\"https:\\\/\\\/www.quadrisol.pt\\\/wp-content\\\/uploads\\\/2022\\\/06\\\/b1-SAJ.png\",\"datePublished\":\"2022-06-08T10:46:35+00:00\",\"dateModified\":\"2022-07-26T13:21:58+00:00\",\"description\":\"Bateria B1 SAJ. Bateria de l\u00edtio para equipamento fotovoltaico. Bateria SAJ. Bateria para autoconsumo fotovoltaico. Bateria B1\",\"breadcrumb\":{\"@id\":\"https:\\\/\\\/www.quadrisol.pt\\\/product\\\/bateria-b1-saj\\\/#breadcrumb\"},\"inLanguage\":\"es\",\"potentialAction\":[{\"@type\":\"ReadAction\",\"target\":[\"https:\\\/\\\/www.quadrisol.pt\\\/product\\\/bateria-b1-saj\\\/\"]}]},{\"@type\":\"ImageObject\",\"inLanguage\":\"es\",\"@id\":\"https:\\\/\\\/www.quadrisol.pt\\\/product\\\/bateria-b1-saj\\\/#primaryimage\",\"url\":\"https:\\\/\\\/www.quadrisol.pt\\\/wp-content\\\/uploads\\\/2022\\\/06\\\/b1-SAJ.png\",\"contentUrl\":\"https:\\\/\\\/www.quadrisol.pt\\\/wp-content\\\/uploads\\\/2022\\\/06\\\/b1-SAJ.png\",\"width\":6000,\"height\":4000,\"caption\":\"b1 SAJ\"},{\"@type\":\"BreadcrumbList\",\"@id\":\"https:\\\/\\\/www.quadrisol.pt\\\/product\\\/bateria-b1-saj\\\/#breadcrumb\",\"itemListElement\":[{\"@type\":\"ListItem\",\"position\":1,\"name\":\"Home\",\"item\":\"https:\\\/\\\/www.quadrisol.pt\\\/\"},{\"@type\":\"ListItem\",\"position\":2,\"name\":\"Produtos\",\"item\":\"https:\\\/\\\/www.quadrisol.pt\\\/produtos\\\/\"},{\"@type\":\"ListItem\",\"position\":3,\"name\":\"Bateria B1\"}]},{\"@type\":\"WebSite\",\"@id\":\"https:\\\/\\\/www.quadrisol.pt\\\/#website\",\"url\":\"https:\\\/\\\/www.quadrisol.pt\\\/\",\"name\":\"Quadrisol\",\"description\":\"Quadros El\u00e9tricos - Fabricante de quadros el\u00e9tricos e distribuidor de sistemas fotovoltaicos\",\"publisher\":{\"@id\":\"https:\\\/\\\/www.quadrisol.pt\\\/#organization\"},\"potentialAction\":[{\"@type\":\"SearchAction\",\"target\":{\"@type\":\"EntryPoint\",\"urlTemplate\":\"https:\\\/\\\/www.quadrisol.pt\\\/?s={search_term_string}\"},\"query-input\":{\"@type\":\"PropertyValueSpecification\",\"valueRequired\":true,\"valueName\":\"search_term_string\"}}],\"inLanguage\":\"es\"},{\"@type\":\"Organization\",\"@id\":\"https:\\\/\\\/www.quadrisol.pt\\\/#organization\",\"name\":\"Quadrisol\",\"url\":\"https:\\\/\\\/www.quadrisol.pt\\\/\",\"logo\":{\"@type\":\"ImageObject\",\"inLanguage\":\"es\",\"@id\":\"https:\\\/\\\/www.quadrisol.pt\\\/#\\\/schema\\\/logo\\\/image\\\/\",\"url\":\"https:\\\/\\\/www.quadrisol.pt\\\/wp-content\\\/uploads\\\/2022\\\/03\\\/cropped-logo-topo.png\",\"contentUrl\":\"https:\\\/\\\/www.quadrisol.pt\\\/wp-content\\\/uploads\\\/2022\\\/03\\\/cropped-logo-topo.png\",\"width\":601,\"height\":123,\"caption\":\"Quadrisol\"},\"image\":{\"@id\":\"https:\\\/\\\/www.quadrisol.pt\\\/#\\\/schema\\\/logo\\\/image\\\/\"},\"sameAs\":[\"https:\\\/\\\/pt.linkedin.com\\\/company\\\/quadrisol\"]}]}<\/script>\n<!-- \/ Yoast SEO plugin. -->","yoast_head_json":{"title":"Bateria B1 SAJ","description":"Bateria B1 SAJ. Bateria de l\u00edtio para equipamento fotovoltaico. Bateria SAJ. Bateria para autoconsumo fotovoltaico. Bateria B1","robots":{"index":"index","follow":"follow","max-snippet":"max-snippet:-1","max-image-preview":"max-image-preview:large","max-video-preview":"max-video-preview:-1"},"canonical":"https:\/\/www.quadrisol.pt\/es\/product\/bateria-b1-saj\/","og_locale":"es_ES","og_type":"article","og_title":"Bateria B1 SAJ","og_description":"Bateria B1 SAJ. Bateria de l\u00edtio para equipamento fotovoltaico. Bateria SAJ. Bateria para autoconsumo fotovoltaico. Bateria B1","og_url":"https:\/\/www.quadrisol.pt\/es\/product\/bateria-b1-saj\/","og_site_name":"Quadrisol","article_modified_time":"2022-07-26T13:21:58+00:00","og_image":[{"width":1024,"height":683,"url":"https:\/\/www.quadrisol.pt\/wp-content\/uploads\/2022\/06\/b1-SAJ-1024x683.png","type":"image\/png"}],"twitter_card":"summary_large_image","twitter_misc":{"Tiempo de lectura":"1 minuto"},"schema":{"@context":"https:\/\/schema.org","@graph":[{"@type":"WebPage","@id":"https:\/\/www.quadrisol.pt\/product\/bateria-b1-saj\/","url":"https:\/\/www.quadrisol.pt\/product\/bateria-b1-saj\/","name":"Bateria B1 SAJ","isPartOf":{"@id":"https:\/\/www.quadrisol.pt\/#website"},"primaryImageOfPage":{"@id":"https:\/\/www.quadrisol.pt\/product\/bateria-b1-saj\/#primaryimage"},"image":{"@id":"https:\/\/www.quadrisol.pt\/product\/bateria-b1-saj\/#primaryimage"},"thumbnailUrl":"https:\/\/www.quadrisol.pt\/wp-content\/uploads\/2022\/06\/b1-SAJ.png","datePublished":"2022-06-08T10:46:35+00:00","dateModified":"2022-07-26T13:21:58+00:00","description":"Bateria B1 SAJ. Bateria de l\u00edtio para equipamento fotovoltaico. Bateria SAJ. Bateria para autoconsumo fotovoltaico. Bateria B1","breadcrumb":{"@id":"https:\/\/www.quadrisol.pt\/product\/bateria-b1-saj\/#breadcrumb"},"inLanguage":"es","potentialAction":[{"@type":"ReadAction","target":["https:\/\/www.quadrisol.pt\/product\/bateria-b1-saj\/"]}]},{"@type":"ImageObject","inLanguage":"es","@id":"https:\/\/www.quadrisol.pt\/product\/bateria-b1-saj\/#primaryimage","url":"https:\/\/www.quadrisol.pt\/wp-content\/uploads\/2022\/06\/b1-SAJ.png","contentUrl":"https:\/\/www.quadrisol.pt\/wp-content\/uploads\/2022\/06\/b1-SAJ.png","width":6000,"height":4000,"caption":"b1 SAJ"},{"@type":"BreadcrumbList","@id":"https:\/\/www.quadrisol.pt\/product\/bateria-b1-saj\/#breadcrumb","itemListElement":[{"@type":"ListItem","position":1,"name":"Home","item":"https:\/\/www.quadrisol.pt\/"},{"@type":"ListItem","position":2,"name":"Produtos","item":"https:\/\/www.quadrisol.pt\/produtos\/"},{"@type":"ListItem","position":3,"name":"Bateria B1"}]},{"@type":"WebSite","@id":"https:\/\/www.quadrisol.pt\/#website","url":"https:\/\/www.quadrisol.pt\/","name":"Quadrisol","description":"Quadros El\u00e9tricos - Fabricante de quadros el\u00e9tricos e distribuidor de sistemas fotovoltaicos","publisher":{"@id":"https:\/\/www.quadrisol.pt\/#organization"},"potentialAction":[{"@type":"SearchAction","target":{"@type":"EntryPoint","urlTemplate":"https:\/\/www.quadrisol.pt\/?s={search_term_string}"},"query-input":{"@type":"PropertyValueSpecification","valueRequired":true,"valueName":"search_term_string"}}],"inLanguage":"es"},{"@type":"Organization","@id":"https:\/\/www.quadrisol.pt\/#organization","name":"Quadrisol","url":"https:\/\/www.quadrisol.pt\/","logo":{"@type":"ImageObject","inLanguage":"es","@id":"https:\/\/www.quadrisol.pt\/#\/schema\/logo\/image\/","url":"https:\/\/www.quadrisol.pt\/wp-content\/uploads\/2022\/03\/cropped-logo-topo.png","contentUrl":"https:\/\/www.quadrisol.pt\/wp-content\/uploads\/2022\/03\/cropped-logo-topo.png","width":601,"height":123,"caption":"Quadrisol"},"image":{"@id":"https:\/\/www.quadrisol.pt\/#\/schema\/logo\/image\/"},"sameAs":["https:\/\/pt.linkedin.com\/company\/quadrisol"]}]}},"_links":{"self":[{"href":"https:\/\/www.quadrisol.pt\/es\/wp-json\/wp\/v2\/product\/9011","targetHints":{"allow":["GET"]}}],"collection":[{"href":"https:\/\/www.quadrisol.pt\/es\/wp-json\/wp\/v2\/product"}],"about":[{"href":"https:\/\/www.quadrisol.pt\/es\/wp-json\/wp\/v2\/types\/product"}],"version-history":[{"count":3,"href":"https:\/\/www.quadrisol.pt\/es\/wp-json\/wp\/v2\/product\/9011\/revisions"}],"predecessor-version":[{"id":9778,"href":"https:\/\/www.quadrisol.pt\/es\/wp-json\/wp\/v2\/product\/9011\/revisions\/9778"}],"wp:featuredmedia":[{"embeddable":true,"href":"https:\/\/www.quadrisol.pt\/es\/wp-json\/wp\/v2\/media\/9012"}],"wp:attachment":[{"href":"https:\/\/www.quadrisol.pt\/es\/wp-json\/wp\/v2\/media?parent=9011"}],"wp:term":[{"taxonomy":"product_brand","embeddable":true,"href":"https:\/\/www.quadrisol.pt\/es\/wp-json\/wp\/v2\/product_brand?post=9011"},{"taxonomy":"product_cat","embeddable":true,"href":"https:\/\/www.quadrisol.pt\/es\/wp-json\/wp\/v2\/product_cat?post=9011"},{"taxonomy":"product_tag","embeddable":true,"href":"https:\/\/www.quadrisol.pt\/es\/wp-json\/wp\/v2\/product_tag?post=9011"}],"curies":[{"name":"wp","href":"https:\/\/api.w.org\/{rel}","templated":true}]}}