{"id":9017,"date":"2022-06-08T12:01:19","date_gmt":"2022-06-08T12:01:19","guid":{"rendered":"http:\/\/94.46.14.215\/~quadrisol\/?post_type=product&#038;p=9017"},"modified":"2023-08-03T10:17:01","modified_gmt":"2023-08-03T10:17:01","slug":"as1-3ks-5-1","status":"publish","type":"product","link":"https:\/\/www.quadrisol.pt\/es\/product\/as1-3ks-5-1\/","title":{"rendered":"AS1-3KS-5.1"},"content":{"rendered":"<p>Flexibilidade para sistemas on-grid<\/p>\n<p>O sistema AS1 ajuda os usu\u00e1rios a adaptar seus sistemas on-grid de maneira flex\u00edvel e f\u00e1cil num sistema de armazenamento de energia, sem ter de alterar todo o sistema.<\/p>\n<p>Bateria de 5,12 kWh Integrada<\/p>\n<p>O sistema AS1 est\u00e1 integrado com uma bateria de 5,12 kWh. Pode usar com bateria B1 para ampliar a capacidade do sistema at\u00e9 20,4kWh.<\/p>\n<p>Compatibilidade<\/p>\n<p>A s\u00e9rie AS1 \u00e9 compat\u00edvel com qualquer inversor on-grid do mercado, tornando-se flex\u00edvel para todos os utilizadores.<\/p>\n<p><a href=\"http:\/\/94.46.14.215\/~quadrisol\/wp-content\/uploads\/2022\/06\/datasheet-as1-saj.pdf\" target=\"_blank\" rel=\"noopener noreferrer\">Ficha t\u00e9cnica AS1 SAJ<\/a><\/p>","protected":false},"excerpt":{"rendered":"<p><strong>Sistema de Armazenamento de Energia de Retrofit AS1<\/strong><\/p>\n<p>Integrado com um inversor de acoplamento AC de 3Kw e uma bateria de 5.1KWh. Este sistema de armazenamento foi projetado para adaptar um sistema sola on-grid existente a um sistema de armazenamento.<\/p>\n<p>\u00c9 compat\u00edvel com qualquer inversor on-grid do mercado, proporcionando enorme flexibilidade.<\/p>\n<p>Este equipamento fornece 3 modos de configura\u00e7\u00e3o f\u00e1ceis e ajuda a melhorar a independ\u00eancia energ\u00e9tica.<\/p>","protected":false},"featured_media":9020,"template":"","meta":[],"product_brand":[],"product_cat":[98],"product_tag":[99],"class_list":{"0":"post-9017","1":"product","2":"type-product","3":"status-publish","4":"has-post-thumbnail","6":"product_cat-baterias-de-litio","7":"product_tag-saj","9":"first","10":"onbackorder","11":"shipping-taxable","12":"product-type-simple"},"yoast_head":"<!-- This site is optimized with the Yoast SEO plugin v27.5 - https:\/\/yoast.com\/product\/yoast-seo-wordpress\/ -->\n<title>AS1-3KS-5.1<\/title>\n<meta name=\"description\" content=\"AS1 3KS 5.1. Sistema de Armazenamento de Energia de Retrofit AS1. AC-coupled retrofit inverter. AS1 SAJ Eletric.\" \/>\n<meta name=\"robots\" content=\"index, follow, max-snippet:-1, max-image-preview:large, max-video-preview:-1\" \/>\n<link rel=\"canonical\" href=\"https:\/\/www.quadrisol.pt\/es\/product\/as1-3ks-5-1\/\" \/>\n<meta property=\"og:locale\" content=\"es_ES\" \/>\n<meta property=\"og:type\" content=\"article\" \/>\n<meta property=\"og:title\" content=\"AS1-3KS-5.1\" \/>\n<meta property=\"og:description\" content=\"AS1 3KS 5.1. Sistema de Armazenamento de Energia de Retrofit AS1. AC-coupled retrofit inverter. AS1 SAJ Eletric.\" \/>\n<meta property=\"og:url\" content=\"https:\/\/www.quadrisol.pt\/es\/product\/as1-3ks-5-1\/\" \/>\n<meta property=\"og:site_name\" content=\"Quadrisol\" \/>\n<meta property=\"article:modified_time\" content=\"2023-08-03T10:17:01+00:00\" \/>\n<meta property=\"og:image\" content=\"https:\/\/www.quadrisol.pt\/wp-content\/uploads\/2022\/06\/AS1-3ks-5.1.png\" \/>\n\t<meta property=\"og:image:width\" content=\"600\" \/>\n\t<meta property=\"og:image:height\" content=\"600\" \/>\n\t<meta property=\"og:image:type\" content=\"image\/png\" \/>\n<meta name=\"twitter:card\" content=\"summary_large_image\" \/>\n<meta name=\"twitter:label1\" content=\"Tiempo de lectura\" \/>\n\t<meta name=\"twitter:data1\" content=\"1 minuto\" \/>\n<script type=\"application\/ld+json\" class=\"yoast-schema-graph\">{\"@context\":\"https:\\\/\\\/schema.org\",\"@graph\":[{\"@type\":\"WebPage\",\"@id\":\"https:\\\/\\\/www.quadrisol.pt\\\/product\\\/as1-3ks-5-1\\\/\",\"url\":\"https:\\\/\\\/www.quadrisol.pt\\\/product\\\/as1-3ks-5-1\\\/\",\"name\":\"AS1-3KS-5.1\",\"isPartOf\":{\"@id\":\"https:\\\/\\\/www.quadrisol.pt\\\/#website\"},\"primaryImageOfPage\":{\"@id\":\"https:\\\/\\\/www.quadrisol.pt\\\/product\\\/as1-3ks-5-1\\\/#primaryimage\"},\"image\":{\"@id\":\"https:\\\/\\\/www.quadrisol.pt\\\/product\\\/as1-3ks-5-1\\\/#primaryimage\"},\"thumbnailUrl\":\"https:\\\/\\\/www.quadrisol.pt\\\/wp-content\\\/uploads\\\/2022\\\/06\\\/AS1-3ks-5.1.png\",\"datePublished\":\"2022-06-08T12:01:19+00:00\",\"dateModified\":\"2023-08-03T10:17:01+00:00\",\"description\":\"AS1 3KS 5.1. Sistema de Armazenamento de Energia de Retrofit AS1. AC-coupled retrofit inverter. AS1 SAJ Eletric.\",\"breadcrumb\":{\"@id\":\"https:\\\/\\\/www.quadrisol.pt\\\/product\\\/as1-3ks-5-1\\\/#breadcrumb\"},\"inLanguage\":\"es\",\"potentialAction\":[{\"@type\":\"ReadAction\",\"target\":[\"https:\\\/\\\/www.quadrisol.pt\\\/product\\\/as1-3ks-5-1\\\/\"]}]},{\"@type\":\"ImageObject\",\"inLanguage\":\"es\",\"@id\":\"https:\\\/\\\/www.quadrisol.pt\\\/product\\\/as1-3ks-5-1\\\/#primaryimage\",\"url\":\"https:\\\/\\\/www.quadrisol.pt\\\/wp-content\\\/uploads\\\/2022\\\/06\\\/AS1-3ks-5.1.png\",\"contentUrl\":\"https:\\\/\\\/www.quadrisol.pt\\\/wp-content\\\/uploads\\\/2022\\\/06\\\/AS1-3ks-5.1.png\",\"width\":600,\"height\":600,\"caption\":\"AS1-3ks-5.1\"},{\"@type\":\"BreadcrumbList\",\"@id\":\"https:\\\/\\\/www.quadrisol.pt\\\/product\\\/as1-3ks-5-1\\\/#breadcrumb\",\"itemListElement\":[{\"@type\":\"ListItem\",\"position\":1,\"name\":\"Home\",\"item\":\"https:\\\/\\\/www.quadrisol.pt\\\/\"},{\"@type\":\"ListItem\",\"position\":2,\"name\":\"Produtos\",\"item\":\"https:\\\/\\\/www.quadrisol.pt\\\/produtos\\\/\"},{\"@type\":\"ListItem\",\"position\":3,\"name\":\"AS1-3KS-5.1\"}]},{\"@type\":\"WebSite\",\"@id\":\"https:\\\/\\\/www.quadrisol.pt\\\/#website\",\"url\":\"https:\\\/\\\/www.quadrisol.pt\\\/\",\"name\":\"Quadrisol\",\"description\":\"Quadros El\u00e9tricos - Fabricante de quadros el\u00e9tricos e distribuidor de sistemas fotovoltaicos\",\"publisher\":{\"@id\":\"https:\\\/\\\/www.quadrisol.pt\\\/#organization\"},\"potentialAction\":[{\"@type\":\"SearchAction\",\"target\":{\"@type\":\"EntryPoint\",\"urlTemplate\":\"https:\\\/\\\/www.quadrisol.pt\\\/?s={search_term_string}\"},\"query-input\":{\"@type\":\"PropertyValueSpecification\",\"valueRequired\":true,\"valueName\":\"search_term_string\"}}],\"inLanguage\":\"es\"},{\"@type\":\"Organization\",\"@id\":\"https:\\\/\\\/www.quadrisol.pt\\\/#organization\",\"name\":\"Quadrisol\",\"url\":\"https:\\\/\\\/www.quadrisol.pt\\\/\",\"logo\":{\"@type\":\"ImageObject\",\"inLanguage\":\"es\",\"@id\":\"https:\\\/\\\/www.quadrisol.pt\\\/#\\\/schema\\\/logo\\\/image\\\/\",\"url\":\"https:\\\/\\\/www.quadrisol.pt\\\/wp-content\\\/uploads\\\/2022\\\/03\\\/cropped-logo-topo.png\",\"contentUrl\":\"https:\\\/\\\/www.quadrisol.pt\\\/wp-content\\\/uploads\\\/2022\\\/03\\\/cropped-logo-topo.png\",\"width\":601,\"height\":123,\"caption\":\"Quadrisol\"},\"image\":{\"@id\":\"https:\\\/\\\/www.quadrisol.pt\\\/#\\\/schema\\\/logo\\\/image\\\/\"},\"sameAs\":[\"https:\\\/\\\/pt.linkedin.com\\\/company\\\/quadrisol\"]}]}<\/script>\n<!-- \/ Yoast SEO plugin. -->","yoast_head_json":{"title":"AS1-3KS-5.1","description":"AS1 3KS 5.1. Sistema de Armazenamento de Energia de Retrofit AS1. AC-coupled retrofit inverter. AS1 SAJ Eletric.","robots":{"index":"index","follow":"follow","max-snippet":"max-snippet:-1","max-image-preview":"max-image-preview:large","max-video-preview":"max-video-preview:-1"},"canonical":"https:\/\/www.quadrisol.pt\/es\/product\/as1-3ks-5-1\/","og_locale":"es_ES","og_type":"article","og_title":"AS1-3KS-5.1","og_description":"AS1 3KS 5.1. Sistema de Armazenamento de Energia de Retrofit AS1. AC-coupled retrofit inverter. AS1 SAJ Eletric.","og_url":"https:\/\/www.quadrisol.pt\/es\/product\/as1-3ks-5-1\/","og_site_name":"Quadrisol","article_modified_time":"2023-08-03T10:17:01+00:00","og_image":[{"width":600,"height":600,"url":"https:\/\/www.quadrisol.pt\/wp-content\/uploads\/2022\/06\/AS1-3ks-5.1.png","type":"image\/png"}],"twitter_card":"summary_large_image","twitter_misc":{"Tiempo de lectura":"1 minuto"},"schema":{"@context":"https:\/\/schema.org","@graph":[{"@type":"WebPage","@id":"https:\/\/www.quadrisol.pt\/product\/as1-3ks-5-1\/","url":"https:\/\/www.quadrisol.pt\/product\/as1-3ks-5-1\/","name":"AS1-3KS-5.1","isPartOf":{"@id":"https:\/\/www.quadrisol.pt\/#website"},"primaryImageOfPage":{"@id":"https:\/\/www.quadrisol.pt\/product\/as1-3ks-5-1\/#primaryimage"},"image":{"@id":"https:\/\/www.quadrisol.pt\/product\/as1-3ks-5-1\/#primaryimage"},"thumbnailUrl":"https:\/\/www.quadrisol.pt\/wp-content\/uploads\/2022\/06\/AS1-3ks-5.1.png","datePublished":"2022-06-08T12:01:19+00:00","dateModified":"2023-08-03T10:17:01+00:00","description":"AS1 3KS 5.1. Sistema de Armazenamento de Energia de Retrofit AS1. AC-coupled retrofit inverter. AS1 SAJ Eletric.","breadcrumb":{"@id":"https:\/\/www.quadrisol.pt\/product\/as1-3ks-5-1\/#breadcrumb"},"inLanguage":"es","potentialAction":[{"@type":"ReadAction","target":["https:\/\/www.quadrisol.pt\/product\/as1-3ks-5-1\/"]}]},{"@type":"ImageObject","inLanguage":"es","@id":"https:\/\/www.quadrisol.pt\/product\/as1-3ks-5-1\/#primaryimage","url":"https:\/\/www.quadrisol.pt\/wp-content\/uploads\/2022\/06\/AS1-3ks-5.1.png","contentUrl":"https:\/\/www.quadrisol.pt\/wp-content\/uploads\/2022\/06\/AS1-3ks-5.1.png","width":600,"height":600,"caption":"AS1-3ks-5.1"},{"@type":"BreadcrumbList","@id":"https:\/\/www.quadrisol.pt\/product\/as1-3ks-5-1\/#breadcrumb","itemListElement":[{"@type":"ListItem","position":1,"name":"Home","item":"https:\/\/www.quadrisol.pt\/"},{"@type":"ListItem","position":2,"name":"Produtos","item":"https:\/\/www.quadrisol.pt\/produtos\/"},{"@type":"ListItem","position":3,"name":"AS1-3KS-5.1"}]},{"@type":"WebSite","@id":"https:\/\/www.quadrisol.pt\/#website","url":"https:\/\/www.quadrisol.pt\/","name":"Quadrisol","description":"Quadros El\u00e9tricos - Fabricante de quadros el\u00e9tricos e distribuidor de sistemas fotovoltaicos","publisher":{"@id":"https:\/\/www.quadrisol.pt\/#organization"},"potentialAction":[{"@type":"SearchAction","target":{"@type":"EntryPoint","urlTemplate":"https:\/\/www.quadrisol.pt\/?s={search_term_string}"},"query-input":{"@type":"PropertyValueSpecification","valueRequired":true,"valueName":"search_term_string"}}],"inLanguage":"es"},{"@type":"Organization","@id":"https:\/\/www.quadrisol.pt\/#organization","name":"Quadrisol","url":"https:\/\/www.quadrisol.pt\/","logo":{"@type":"ImageObject","inLanguage":"es","@id":"https:\/\/www.quadrisol.pt\/#\/schema\/logo\/image\/","url":"https:\/\/www.quadrisol.pt\/wp-content\/uploads\/2022\/03\/cropped-logo-topo.png","contentUrl":"https:\/\/www.quadrisol.pt\/wp-content\/uploads\/2022\/03\/cropped-logo-topo.png","width":601,"height":123,"caption":"Quadrisol"},"image":{"@id":"https:\/\/www.quadrisol.pt\/#\/schema\/logo\/image\/"},"sameAs":["https:\/\/pt.linkedin.com\/company\/quadrisol"]}]}},"_links":{"self":[{"href":"https:\/\/www.quadrisol.pt\/es\/wp-json\/wp\/v2\/product\/9017","targetHints":{"allow":["GET"]}}],"collection":[{"href":"https:\/\/www.quadrisol.pt\/es\/wp-json\/wp\/v2\/product"}],"about":[{"href":"https:\/\/www.quadrisol.pt\/es\/wp-json\/wp\/v2\/types\/product"}],"version-history":[{"count":4,"href":"https:\/\/www.quadrisol.pt\/es\/wp-json\/wp\/v2\/product\/9017\/revisions"}],"predecessor-version":[{"id":9019,"href":"https:\/\/www.quadrisol.pt\/es\/wp-json\/wp\/v2\/product\/9017\/revisions\/9019"}],"wp:featuredmedia":[{"embeddable":true,"href":"https:\/\/www.quadrisol.pt\/es\/wp-json\/wp\/v2\/media\/9020"}],"wp:attachment":[{"href":"https:\/\/www.quadrisol.pt\/es\/wp-json\/wp\/v2\/media?parent=9017"}],"wp:term":[{"taxonomy":"product_brand","embeddable":true,"href":"https:\/\/www.quadrisol.pt\/es\/wp-json\/wp\/v2\/product_brand?post=9017"},{"taxonomy":"product_cat","embeddable":true,"href":"https:\/\/www.quadrisol.pt\/es\/wp-json\/wp\/v2\/product_cat?post=9017"},{"taxonomy":"product_tag","embeddable":true,"href":"https:\/\/www.quadrisol.pt\/es\/wp-json\/wp\/v2\/product_tag?post=9017"}],"curies":[{"name":"wp","href":"https:\/\/api.w.org\/{rel}","templated":true}]}}