{"id":624,"date":"2020-02-05T13:15:51","date_gmt":"2020-02-05T13:15:51","guid":{"rendered":"https:\/\/stal.qodeinteractive.com\/?page_id=624"},"modified":"2025-03-10T10:19:13","modified_gmt":"2025-03-10T10:19:13","slug":"blog","status":"publish","type":"page","link":"https:\/\/www.quadrisol.pt\/fr\/blog\/","title":{"rendered":"Blog"},"content":{"rendered":"<article>\n\t<a itemprop=\"url\" href=\"https:\/\/www.quadrisol.pt\/fr\/2025\/01\/\"><br \/>\n\t\t17 Jan\t<\/a><\/p>\n<h5 itemprop=\"name\">\n\t<a itemprop=\"url\" href=\"https:\/\/www.quadrisol.pt\/fr\/elementor-12305\/\"><br \/>\n\t\tElementor #12305\t<\/a><br \/>\n<\/h5>\n<p itemprop=\"description\">\n\t\t\tComo calcular o n\u00famero de pain\u00e9is solares necess\u00e1rios? Energia solar em Portugal: Descubra a quantidade ideal de pain\u00e9is solares para a sua casa! Com o crescente interesse pela\t\t<\/p>\n<p>\t\t<a href=\"https:\/\/www.quadrisol.pt\/fr\/elementor-12305\/\" target=\"_self\">\tLer mais &#8230;\t<\/a><br \/>\n<\/article>\n<article>\n\t\t<a itemprop=\"url\" href=\"https:\/\/www.quadrisol.pt\/fr\/solar-bus-esdec-esta-a-caminho\/\"><br \/>\n\t\t\t<img fetchpriority=\"high\" width=\"1918\" height=\"1079\" src=\"https:\/\/www.quadrisol.pt\/wp-content\/uploads\/2024\/04\/900H-1230H-3.png\" alt=\"\" decoding=\"async\" srcset=\"https:\/\/www.quadrisol.pt\/wp-content\/uploads\/2024\/04\/900H-1230H-3.png 1918w, https:\/\/www.quadrisol.pt\/wp-content\/uploads\/2024\/04\/900H-1230H-3-300x169.png 300w, https:\/\/www.quadrisol.pt\/wp-content\/uploads\/2024\/04\/900H-1230H-3-1024x576.png 1024w, https:\/\/www.quadrisol.pt\/wp-content\/uploads\/2024\/04\/900H-1230H-3-768x432.png 768w, https:\/\/www.quadrisol.pt\/wp-content\/uploads\/2024\/04\/900H-1230H-3-1536x864.png 1536w, https:\/\/www.quadrisol.pt\/wp-content\/uploads\/2024\/04\/900H-1230H-3-18x10.png 18w, https:\/\/www.quadrisol.pt\/wp-content\/uploads\/2024\/04\/900H-1230H-3-600x338.png 600w\" sizes=\"(max-width: 1918px) 100vw, 1918px\" loading=\"eager\" \/>\t\t<\/a><br \/>\n\t<a itemprop=\"url\" href=\"https:\/\/www.quadrisol.pt\/fr\/2024\/04\/\"><br \/>\n\t\t19 Abr\t<\/a><\/p>\n<h5 itemprop=\"name\">\n\t<a itemprop=\"url\" href=\"https:\/\/www.quadrisol.pt\/fr\/solar-bus-esdec-esta-a-caminho\/\"><br \/>\n\t\tSolar Bus ESDEC est\u00e1 a caminho!\t<\/a><br \/>\n<\/h5>\n<p itemprop=\"description\">\n\t\t\tDia 6 de maio a carrinha mais famosa da ESDEC vai estar presente nas instala\u00e7\u00f5es da Quadrisol! O Solar Bus Esdec representa uma valiosa ferramenta para enriquecer o conhecimento,\t\t<\/p>\n<p>\t\t<a href=\"https:\/\/www.quadrisol.pt\/fr\/solar-bus-esdec-esta-a-caminho\/\" target=\"_self\">\tLer mais &#8230;\t<\/a><br \/>\n<\/article>\n<article>\n\t<a itemprop=\"url\" href=\"https:\/\/www.quadrisol.pt\/fr\/2024\/04\/\"><br \/>\n\t\t12 Abr\t<\/a><\/p>\n<h5 itemprop=\"name\">\n\t<a itemprop=\"url\" href=\"https:\/\/www.quadrisol.pt\/fr\/quadrisol-enerxetika-2024\/\"><br \/>\n\t\tEnerx\u00e9tika 2024: Inova\u00e7\u00e3o e compromisso!\t<\/a><br \/>\n<\/h5>\n<p itemprop=\"description\">\n\t\t\tEntre os dias 11 a 13 de abril, o centro de exposi\u00e7\u00f5es da Feira Internacional da Galiza ABANCA, em Silleda, Pontevedra, \u00e9 palco da 4.\u00aa edi\u00e7\u00e3o da Enerx\u00e9tika 2024, uma importa\t\t<\/p>\n<p>\t\t<a href=\"https:\/\/www.quadrisol.pt\/fr\/quadrisol-enerxetika-2024\/\" target=\"_self\">\tLer mais &#8230;\t<\/a><br \/>\n<\/article>\n<article>\n\t\t<a itemprop=\"url\" href=\"https:\/\/www.quadrisol.pt\/fr\/quadrisol-afirma-a-sua-presenca-na-genera-ifema-madrid-com-uma-inovadora-novidade-plugplay-by-quadrisol\/\"><br \/>\n\t\t\t<img width=\"1600\" height=\"721\" src=\"https:\/\/www.quadrisol.pt\/wp-content\/uploads\/2024\/02\/Imagem-WhatsApp-2024-02-08-as-22.12.42_b086e942-2.jpg\" alt=\"\" decoding=\"async\" srcset=\"https:\/\/www.quadrisol.pt\/wp-content\/uploads\/2024\/02\/Imagem-WhatsApp-2024-02-08-as-22.12.42_b086e942-2.jpg 1600w, https:\/\/www.quadrisol.pt\/wp-content\/uploads\/2024\/02\/Imagem-WhatsApp-2024-02-08-as-22.12.42_b086e942-2-300x135.jpg 300w, https:\/\/www.quadrisol.pt\/wp-content\/uploads\/2024\/02\/Imagem-WhatsApp-2024-02-08-as-22.12.42_b086e942-2-1024x461.jpg 1024w, https:\/\/www.quadrisol.pt\/wp-content\/uploads\/2024\/02\/Imagem-WhatsApp-2024-02-08-as-22.12.42_b086e942-2-768x346.jpg 768w, https:\/\/www.quadrisol.pt\/wp-content\/uploads\/2024\/02\/Imagem-WhatsApp-2024-02-08-as-22.12.42_b086e942-2-1536x692.jpg 1536w, https:\/\/www.quadrisol.pt\/wp-content\/uploads\/2024\/02\/Imagem-WhatsApp-2024-02-08-as-22.12.42_b086e942-2-18x8.jpg 18w, https:\/\/www.quadrisol.pt\/wp-content\/uploads\/2024\/02\/Imagem-WhatsApp-2024-02-08-as-22.12.42_b086e942-2-600x270.jpg 600w\" sizes=\"(max-width: 1600px) 100vw, 1600px\" loading=\"eager\" \/>\t\t<\/a><br \/>\n\t<a itemprop=\"url\" href=\"https:\/\/www.quadrisol.pt\/fr\/2024\/02\/\"><br \/>\n\t\t12 Fev\t<\/a><\/p>\n<h5 itemprop=\"name\">\n\t<a itemprop=\"url\" href=\"https:\/\/www.quadrisol.pt\/fr\/quadrisol-afirma-a-sua-presenca-na-genera-ifema-madrid-com-uma-inovadora-novidade-plugplay-by-quadrisol\/\"><br \/>\n\t\tQuadrisol afirma a sua presen\u00e7a na Genera, IFEMA Madrid, com uma inovadora novidade: Plug&#038;Play by Quadrisol\t<\/a><br \/>\n<\/h5>\n<p itemprop=\"description\">\n\t\t\tA Quadrisol, fundada em 2009 , especializada na distribui\u00e7\u00e3o de equipamentos para sistemas fotovoltaicos, marcou presen\u00e7a na \u00faltima edi\u00e7\u00e3o da Genera, realizada no IFEMA Madri\t\t<\/p>\n<p>\t\t<a href=\"https:\/\/www.quadrisol.pt\/fr\/quadrisol-afirma-a-sua-presenca-na-genera-ifema-madrid-com-uma-inovadora-novidade-plugplay-by-quadrisol\/\" target=\"_self\">\tLer mais &#8230;\t<\/a><br \/>\n<\/article>\n<article>\n\t\t<a itemprop=\"url\" href=\"https:\/\/www.quadrisol.pt\/fr\/road-show-portugal-2023\/\"><br \/>\n\t\t\t<img width=\"1781\" height=\"540\" src=\"https:\/\/www.quadrisol.pt\/wp-content\/uploads\/2023\/10\/qqq-1-1.jpg\" alt=\"\" decoding=\"async\" srcset=\"https:\/\/www.quadrisol.pt\/wp-content\/uploads\/2023\/10\/qqq-1-1.jpg 1781w, https:\/\/www.quadrisol.pt\/wp-content\/uploads\/2023\/10\/qqq-1-1-300x91.jpg 300w, https:\/\/www.quadrisol.pt\/wp-content\/uploads\/2023\/10\/qqq-1-1-1024x310.jpg 1024w, https:\/\/www.quadrisol.pt\/wp-content\/uploads\/2023\/10\/qqq-1-1-768x233.jpg 768w, https:\/\/www.quadrisol.pt\/wp-content\/uploads\/2023\/10\/qqq-1-1-1536x466.jpg 1536w, https:\/\/www.quadrisol.pt\/wp-content\/uploads\/2023\/10\/qqq-1-1-18x5.jpg 18w, https:\/\/www.quadrisol.pt\/wp-content\/uploads\/2023\/10\/qqq-1-1-600x182.jpg 600w\" sizes=\"(max-width: 1781px) 100vw, 1781px\" loading=\"eager\" \/>\t\t<\/a><br \/>\n\t<a itemprop=\"url\" href=\"https:\/\/www.quadrisol.pt\/fr\/2023\/10\/\"><br \/>\n\t\t2 Out\t<\/a><\/p>\n<h5 itemprop=\"name\">\n\t<a itemprop=\"url\" href=\"https:\/\/www.quadrisol.pt\/fr\/road-show-portugal-2023\/\"><br \/>\n\t\tA QUADRISOL anuncia o seu 1\u00ba Road Shows em Portugal\t<\/a><br \/>\n<\/h5>\n<p itemprop=\"description\">\n\t\t\tRoad Show Portugal 2023, Este mesmo tem objetivo proporcionar-lhe algumas apresenta\u00e7\u00f5es e forma\u00e7\u00f5es dos nossos parceiros&#8230;\t\t<\/p>\n<p>\t\t<a href=\"https:\/\/www.quadrisol.pt\/fr\/road-show-portugal-2023\/\" target=\"_self\">\tLer mais &#8230;\t<\/a><br \/>\n<\/article>\n<article>\n\t\t<a itemprop=\"url\" href=\"https:\/\/www.quadrisol.pt\/fr\/quadrisol-estara-presente-no-genera\/\"><br \/>\n\t\t\t<img width=\"2560\" height=\"1524\" src=\"https:\/\/www.quadrisol.pt\/wp-content\/uploads\/2023\/02\/Quadrisol-genera-scaled.jpg\" alt=\"Quadrisol-genera\" decoding=\"async\" srcset=\"https:\/\/www.quadrisol.pt\/wp-content\/uploads\/2023\/02\/Quadrisol-genera-scaled.jpg 2560w, https:\/\/www.quadrisol.pt\/wp-content\/uploads\/2023\/02\/Quadrisol-genera-300x179.jpg 300w, https:\/\/www.quadrisol.pt\/wp-content\/uploads\/2023\/02\/Quadrisol-genera-1024x610.jpg 1024w, https:\/\/www.quadrisol.pt\/wp-content\/uploads\/2023\/02\/Quadrisol-genera-768x457.jpg 768w, https:\/\/www.quadrisol.pt\/wp-content\/uploads\/2023\/02\/Quadrisol-genera-1536x915.jpg 1536w, https:\/\/www.quadrisol.pt\/wp-content\/uploads\/2023\/02\/Quadrisol-genera-2048x1219.jpg 2048w, https:\/\/www.quadrisol.pt\/wp-content\/uploads\/2023\/02\/Quadrisol-genera-18x12.jpg 18w, https:\/\/www.quadrisol.pt\/wp-content\/uploads\/2023\/02\/Quadrisol-genera-600x357.jpg 600w\" sizes=\"(max-width: 2560px) 100vw, 2560px\" loading=\"eager\" \/>\t\t<\/a><br \/>\n\t<a itemprop=\"url\" href=\"https:\/\/www.quadrisol.pt\/fr\/2023\/02\/\"><br \/>\n\t\t14 Fev\t<\/a><\/p>\n<h5 itemprop=\"name\">\n\t<a itemprop=\"url\" href=\"https:\/\/www.quadrisol.pt\/fr\/quadrisol-estara-presente-no-genera\/\"><br \/>\n\t\tA QUADRISOL vem por este meio anunciar a sua presen\u00e7a na feira da GENERA 2023.\t<\/a><br \/>\n<\/h5>\n<p itemprop=\"description\">\n\t\t\tE sta feira realiza-se nos pr\u00f3ximos dias 21, 22 e 23 de fevereiro, no recinto da IFEMA (Madrid). Teremos todo o gosto em dar-vos a conhecer todas as nossas novidades desenvolvidas\t\t<\/p>\n<p>\t\t<a href=\"https:\/\/www.quadrisol.pt\/fr\/quadrisol-estara-presente-no-genera\/\" target=\"_self\">\tLer mais &#8230;\t<\/a><br \/>\n<\/article>\n<article>\n\t\t<a itemprop=\"url\" href=\"https:\/\/www.quadrisol.pt\/fr\/candidaturas-para-paineis-fotovoltaicos\/\"><br \/>\n\t\t\t<img width=\"1300\" height=\"765\" src=\"https:\/\/www.quadrisol.pt\/wp-content\/uploads\/2022\/12\/Candidaturas-para-paineis-fotovoltaicos-nas-exploraccoes-agricolas.jpg\" alt=\"Candidaturas-para-paineis-fotovoltaicos-nas-explorac\u00e7\u00f5es-agricolas\" decoding=\"async\" srcset=\"https:\/\/www.quadrisol.pt\/wp-content\/uploads\/2022\/12\/Candidaturas-para-paineis-fotovoltaicos-nas-exploraccoes-agricolas.jpg 1300w, https:\/\/www.quadrisol.pt\/wp-content\/uploads\/2022\/12\/Candidaturas-para-paineis-fotovoltaicos-nas-exploraccoes-agricolas-300x177.jpg 300w, https:\/\/www.quadrisol.pt\/wp-content\/uploads\/2022\/12\/Candidaturas-para-paineis-fotovoltaicos-nas-exploraccoes-agricolas-1024x603.jpg 1024w, https:\/\/www.quadrisol.pt\/wp-content\/uploads\/2022\/12\/Candidaturas-para-paineis-fotovoltaicos-nas-exploraccoes-agricolas-768x452.jpg 768w, https:\/\/www.quadrisol.pt\/wp-content\/uploads\/2022\/12\/Candidaturas-para-paineis-fotovoltaicos-nas-exploraccoes-agricolas-18x12.jpg 18w, https:\/\/www.quadrisol.pt\/wp-content\/uploads\/2022\/12\/Candidaturas-para-paineis-fotovoltaicos-nas-exploraccoes-agricolas-600x353.jpg 600w\" sizes=\"(max-width: 1300px) 100vw, 1300px\" loading=\"eager\" \/>\t\t<\/a><br \/>\n\t<a itemprop=\"url\" href=\"https:\/\/www.quadrisol.pt\/fr\/2022\/12\/\"><br \/>\n\t\t30 Dez\t<\/a><\/p>\n<h5 itemprop=\"name\">\n\t<a itemprop=\"url\" href=\"https:\/\/www.quadrisol.pt\/fr\/candidaturas-para-paineis-fotovoltaicos\/\"><br \/>\n\t\tCandidaturas para pain\u00e9is fotovoltaicos nas explora\u00e7\u00f5es agr\u00edcolas\t<\/a><br \/>\n<\/h5>\n<p itemprop=\"description\">\n\t\t\tE st\u00e3o abertas as candidaturas para aquisi\u00e7\u00e3o e instala\u00e7\u00e3o de pain\u00e9is fotovoltaicos nas explora\u00e7\u00f5es agr\u00edcolas, em unidades agroindustriais e aproveitamentos hidroagr\u00edcola\t\t<\/p>\n<p>\t\t<a href=\"https:\/\/www.quadrisol.pt\/fr\/candidaturas-para-paineis-fotovoltaicos\/\" target=\"_self\">\tLer mais &#8230;\t<\/a><br \/>\n<\/article>\n<article>\n\t\t<a itemprop=\"url\" href=\"https:\/\/www.quadrisol.pt\/fr\/renovaveis-minimizam-subida-da-eletricidade-para-consumidores-domesticos-e-empresariais\/\"><br \/>\n\t\t\t<img width=\"1300\" height=\"765\" src=\"https:\/\/www.quadrisol.pt\/wp-content\/uploads\/2022\/12\/energias-renovaveis.jpg\" alt=\"energias renov\u00e1veis\" decoding=\"async\" srcset=\"https:\/\/www.quadrisol.pt\/wp-content\/uploads\/2022\/12\/energias-renovaveis.jpg 1300w, https:\/\/www.quadrisol.pt\/wp-content\/uploads\/2022\/12\/energias-renovaveis-300x177.jpg 300w, https:\/\/www.quadrisol.pt\/wp-content\/uploads\/2022\/12\/energias-renovaveis-1024x603.jpg 1024w, https:\/\/www.quadrisol.pt\/wp-content\/uploads\/2022\/12\/energias-renovaveis-768x452.jpg 768w, https:\/\/www.quadrisol.pt\/wp-content\/uploads\/2022\/12\/energias-renovaveis-18x12.jpg 18w, https:\/\/www.quadrisol.pt\/wp-content\/uploads\/2022\/12\/energias-renovaveis-600x353.jpg 600w\" sizes=\"(max-width: 1300px) 100vw, 1300px\" loading=\"eager\" \/>\t\t<\/a><br \/>\n\t<a itemprop=\"url\" href=\"https:\/\/www.quadrisol.pt\/fr\/2022\/12\/\"><br \/>\n\t\t20 Dez\t<\/a><\/p>\n<h5 itemprop=\"name\">\n\t<a itemprop=\"url\" href=\"https:\/\/www.quadrisol.pt\/fr\/renovaveis-minimizam-subida-da-eletricidade-para-consumidores-domesticos-e-empresariais\/\"><br \/>\n\t\tRenov\u00e1veis minimizam subida da eletricidade para consumidores dom\u00e9sticos e empresariais\t<\/a><br \/>\n<\/h5>\n<p itemprop=\"description\">\n\t\t\tD e acordo com a ERSE, a redu\u00e7\u00e3o da tarifa de acesso \u00e0s redes contribuir\u00e1, em 2023, para uma diminui\u00e7\u00e3o de cerca de 55% na fatura final dos consumidores dom\u00e9sticos e de cerc\t\t<\/p>\n<p>\t\t<a href=\"https:\/\/www.quadrisol.pt\/fr\/renovaveis-minimizam-subida-da-eletricidade-para-consumidores-domesticos-e-empresariais\/\" target=\"_self\">\tLer mais &#8230;\t<\/a><br \/>\n<\/article>\n<article>\n\t\t<a itemprop=\"url\" href=\"https:\/\/www.quadrisol.pt\/fr\/pme-excelencia-2021\/\"><br \/>\n\t\t\t<img width=\"1300\" height=\"765\" src=\"https:\/\/www.quadrisol.pt\/wp-content\/uploads\/2022\/12\/quadrisol-pme-ex-2021.jpg\" alt=\"PME Excel\u00eancia 2021\" decoding=\"async\" srcset=\"https:\/\/www.quadrisol.pt\/wp-content\/uploads\/2022\/12\/quadrisol-pme-ex-2021.jpg 1300w, https:\/\/www.quadrisol.pt\/wp-content\/uploads\/2022\/12\/quadrisol-pme-ex-2021-300x177.jpg 300w, https:\/\/www.quadrisol.pt\/wp-content\/uploads\/2022\/12\/quadrisol-pme-ex-2021-1024x603.jpg 1024w, https:\/\/www.quadrisol.pt\/wp-content\/uploads\/2022\/12\/quadrisol-pme-ex-2021-768x452.jpg 768w, https:\/\/www.quadrisol.pt\/wp-content\/uploads\/2022\/12\/quadrisol-pme-ex-2021-18x12.jpg 18w, https:\/\/www.quadrisol.pt\/wp-content\/uploads\/2022\/12\/quadrisol-pme-ex-2021-600x353.jpg 600w\" sizes=\"(max-width: 1300px) 100vw, 1300px\" loading=\"eager\" \/>\t\t<\/a><br \/>\n\t<a itemprop=\"url\" href=\"https:\/\/www.quadrisol.pt\/fr\/2022\/12\/\"><br \/>\n\t\t9 Dez\t<\/a><\/p>\n<h5 itemprop=\"name\">\n\t<a itemprop=\"url\" href=\"https:\/\/www.quadrisol.pt\/fr\/pme-excelencia-2021\/\"><br \/>\n\t\tPME Excel\u00eancia 2021\t<\/a><br \/>\n<\/h5>\n<p itemprop=\"description\">\n\t\t\tEstatuto reconhece os melhores indicadores econ\u00f3mico-financeiros A Quadrisol foi reconhecida enquanto PME Excel\u00eancia 2021, fruto do seu perfil de desempenho superior. O Estatuto\t\t<\/p>\n<p>\t\t<a href=\"https:\/\/www.quadrisol.pt\/fr\/pme-excelencia-2021\/\" target=\"_self\">\tLer mais &#8230;\t<\/a><br \/>\n<\/article>\n<nav role=\"navigation\" aria-label=\"Posts\">\n<h2>Posts navigation<\/h2>\n<p>\t\t\t\t1<br \/>\n<a aria-label=\"Page 2\" href=\"https:\/\/www.quadrisol.pt\/wp-admin\/admin-ajax.php\/page\/2\/\">2<\/a><br \/>\n<a href=\"https:\/\/www.quadrisol.pt\/wp-admin\/admin-ajax.php\/page\/2\/\"><svg xmlns=\"http:\/\/www.w3.org\/2000\/svg\" x=\"0px\" y=\"0px\" viewbox=\"0 0 34.2 32.3\" xml:space=\"preserve\" style=\"stroke-width: 2;\"><line x1=\"0\" y1=\"16\" x2=\"33\" y2=\"16\"\/><line x1=\"17.3\" y1=\"0.7\" x2=\"33.2\" y2=\"16.5\"\/><line x1=\"17.3\" y1=\"31.6\" x2=\"33.5\" y2=\"15.4\"\/><\/svg><\/a><br \/>\n\t\t<\/nav>","protected":false},"excerpt":{"rendered":"<p>17 Jan Elementor #12305 Como calcular o n\u00famero de pain\u00e9is solares necess\u00e1rios? Energia solar em Portugal: Descubra a quantidade ideal de pain\u00e9is solares para a sua casa! Com o crescente interesse pela Ler mais &#8230; 19 Abr Solar Bus ESDEC est\u00e1 a caminho! Dia 6 de maio a carrinha mais famosa da ESDEC vai estar [&hellip;]<\/p>","protected":false},"author":1,"featured_media":0,"parent":0,"menu_order":0,"comment_status":"closed","ping_status":"closed","template":"","meta":{"footnotes":""},"class_list":["post-624","page","type-page","status-publish","hentry"],"yoast_head":"<!-- This site is optimized with the Yoast SEO plugin v27.5 - https:\/\/yoast.com\/product\/yoast-seo-wordpress\/ -->\n<title>Blog - Quadrisol<\/title>\n<meta name=\"description\" content=\"Visite o nosso Blog, nele pode ver as \u00faltimas not\u00edcias e novidades de sistemas fotovoltaicos, quadros el\u00e9trico e mais...\" \/>\n<meta name=\"robots\" content=\"index, follow, max-snippet:-1, max-image-preview:large, max-video-preview:-1\" \/>\n<link rel=\"canonical\" href=\"https:\/\/www.quadrisol.pt\/fr\/blog\/\" \/>\n<meta property=\"og:locale\" content=\"fr_FR\" \/>\n<meta property=\"og:type\" content=\"article\" \/>\n<meta property=\"og:title\" content=\"Blog- Quadrisol\" \/>\n<meta property=\"og:description\" content=\"Visite o nosso Blog, nele pode ver as \u00faltimas not\u00edcias e novidades de sistemas fotovoltaicos, quadros el\u00e9trico e mais...\" \/>\n<meta property=\"og:url\" content=\"https:\/\/www.quadrisol.pt\/fr\/blog\/\" \/>\n<meta property=\"og:site_name\" content=\"Quadrisol\" \/>\n<meta property=\"article:modified_time\" content=\"2025-03-10T10:19:13+00:00\" \/>\n<meta property=\"og:image\" content=\"https:\/\/www.quadrisol.pt\/wp-content\/uploads\/2022\/03\/04-soguima-mockup-dossier-06.jpg\" \/>\n\t<meta property=\"og:image:width\" content=\"1300\" \/>\n\t<meta property=\"og:image:height\" content=\"765\" \/>\n\t<meta property=\"og:image:type\" content=\"image\/jpeg\" \/>\n<meta name=\"twitter:card\" content=\"summary_large_image\" \/>\n<meta name=\"twitter:title\" content=\"Blog- Quadrisol\" \/>\n<meta name=\"twitter:description\" content=\"Visite o nosso Blog, nele pode ver as \u00faltimas not\u00edcias e novidades de sistemas fotovoltaicos, quadros el\u00e9trico e mais...\" \/>\n<meta name=\"twitter:image\" content=\"https:\/\/www.quadrisol.pt\/wp-content\/uploads\/2022\/03\/04-soguima-mockup-dossier-06.jpg\" \/>\n<meta name=\"twitter:label1\" content=\"Dur\u00e9e de lecture estim\u00e9e\" \/>\n\t<meta name=\"twitter:data1\" content=\"3 minutes\" \/>\n<script type=\"application\/ld+json\" class=\"yoast-schema-graph\">{\"@context\":\"https:\\\/\\\/schema.org\",\"@graph\":[{\"@type\":\"WebPage\",\"@id\":\"https:\\\/\\\/www.quadrisol.pt\\\/blog\\\/\",\"url\":\"https:\\\/\\\/www.quadrisol.pt\\\/blog\\\/\",\"name\":\"Blog - Quadrisol\",\"isPartOf\":{\"@id\":\"https:\\\/\\\/www.quadrisol.pt\\\/#website\"},\"primaryImageOfPage\":{\"@id\":\"https:\\\/\\\/www.quadrisol.pt\\\/blog\\\/#primaryimage\"},\"image\":{\"@id\":\"https:\\\/\\\/www.quadrisol.pt\\\/blog\\\/#primaryimage\"},\"thumbnailUrl\":\"https:\\\/\\\/www.quadrisol.pt\\\/wp-content\\\/uploads\\\/2024\\\/04\\\/900H-1230H-3.png\",\"datePublished\":\"2020-02-05T13:15:51+00:00\",\"dateModified\":\"2025-03-10T10:19:13+00:00\",\"description\":\"Visite o nosso Blog, nele pode ver as \u00faltimas not\u00edcias e novidades de sistemas fotovoltaicos, quadros el\u00e9trico e mais...\",\"breadcrumb\":{\"@id\":\"https:\\\/\\\/www.quadrisol.pt\\\/blog\\\/#breadcrumb\"},\"inLanguage\":\"fr-FR\",\"potentialAction\":[{\"@type\":\"ReadAction\",\"target\":[\"https:\\\/\\\/www.quadrisol.pt\\\/blog\\\/\"]}]},{\"@type\":\"ImageObject\",\"inLanguage\":\"fr-FR\",\"@id\":\"https:\\\/\\\/www.quadrisol.pt\\\/blog\\\/#primaryimage\",\"url\":\"https:\\\/\\\/www.quadrisol.pt\\\/wp-content\\\/uploads\\\/2024\\\/04\\\/900H-1230H-3.png\",\"contentUrl\":\"https:\\\/\\\/www.quadrisol.pt\\\/wp-content\\\/uploads\\\/2024\\\/04\\\/900H-1230H-3.png\"},{\"@type\":\"BreadcrumbList\",\"@id\":\"https:\\\/\\\/www.quadrisol.pt\\\/blog\\\/#breadcrumb\",\"itemListElement\":[{\"@type\":\"ListItem\",\"position\":1,\"name\":\"Home\",\"item\":\"https:\\\/\\\/www.quadrisol.pt\\\/\"},{\"@type\":\"ListItem\",\"position\":2,\"name\":\"Blog\"}]},{\"@type\":\"WebSite\",\"@id\":\"https:\\\/\\\/www.quadrisol.pt\\\/#website\",\"url\":\"https:\\\/\\\/www.quadrisol.pt\\\/\",\"name\":\"Quadrisol\",\"description\":\"Quadros El\u00e9tricos - Fabricante de quadros el\u00e9tricos e distribuidor de sistemas fotovoltaicos\",\"publisher\":{\"@id\":\"https:\\\/\\\/www.quadrisol.pt\\\/#organization\"},\"potentialAction\":[{\"@type\":\"SearchAction\",\"target\":{\"@type\":\"EntryPoint\",\"urlTemplate\":\"https:\\\/\\\/www.quadrisol.pt\\\/?s={search_term_string}\"},\"query-input\":{\"@type\":\"PropertyValueSpecification\",\"valueRequired\":true,\"valueName\":\"search_term_string\"}}],\"inLanguage\":\"fr-FR\"},{\"@type\":\"Organization\",\"@id\":\"https:\\\/\\\/www.quadrisol.pt\\\/#organization\",\"name\":\"Quadrisol\",\"url\":\"https:\\\/\\\/www.quadrisol.pt\\\/\",\"logo\":{\"@type\":\"ImageObject\",\"inLanguage\":\"fr-FR\",\"@id\":\"https:\\\/\\\/www.quadrisol.pt\\\/#\\\/schema\\\/logo\\\/image\\\/\",\"url\":\"https:\\\/\\\/www.quadrisol.pt\\\/wp-content\\\/uploads\\\/2022\\\/03\\\/cropped-logo-topo.png\",\"contentUrl\":\"https:\\\/\\\/www.quadrisol.pt\\\/wp-content\\\/uploads\\\/2022\\\/03\\\/cropped-logo-topo.png\",\"width\":601,\"height\":123,\"caption\":\"Quadrisol\"},\"image\":{\"@id\":\"https:\\\/\\\/www.quadrisol.pt\\\/#\\\/schema\\\/logo\\\/image\\\/\"},\"sameAs\":[\"https:\\\/\\\/pt.linkedin.com\\\/company\\\/quadrisol\"]}]}<\/script>\n<!-- \/ Yoast SEO plugin. -->","yoast_head_json":{"title":"Blog - Quadrisol","description":"Visite o nosso Blog, nele pode ver as \u00faltimas not\u00edcias e novidades de sistemas fotovoltaicos, quadros el\u00e9trico e mais...","robots":{"index":"index","follow":"follow","max-snippet":"max-snippet:-1","max-image-preview":"max-image-preview:large","max-video-preview":"max-video-preview:-1"},"canonical":"https:\/\/www.quadrisol.pt\/fr\/blog\/","og_locale":"fr_FR","og_type":"article","og_title":"Blog- Quadrisol","og_description":"Visite o nosso Blog, nele pode ver as \u00faltimas not\u00edcias e novidades de sistemas fotovoltaicos, quadros el\u00e9trico e mais...","og_url":"https:\/\/www.quadrisol.pt\/fr\/blog\/","og_site_name":"Quadrisol","article_modified_time":"2025-03-10T10:19:13+00:00","og_image":[{"width":1300,"height":765,"url":"https:\/\/www.quadrisol.pt\/wp-content\/uploads\/2022\/03\/04-soguima-mockup-dossier-06.jpg","type":"image\/jpeg"}],"twitter_card":"summary_large_image","twitter_title":"Blog- Quadrisol","twitter_description":"Visite o nosso Blog, nele pode ver as \u00faltimas not\u00edcias e novidades de sistemas fotovoltaicos, quadros el\u00e9trico e mais...","twitter_image":"https:\/\/www.quadrisol.pt\/wp-content\/uploads\/2022\/03\/04-soguima-mockup-dossier-06.jpg","twitter_misc":{"Dur\u00e9e de lecture estim\u00e9e":"3 minutes"},"schema":{"@context":"https:\/\/schema.org","@graph":[{"@type":"WebPage","@id":"https:\/\/www.quadrisol.pt\/blog\/","url":"https:\/\/www.quadrisol.pt\/blog\/","name":"Blog - Quadrisol","isPartOf":{"@id":"https:\/\/www.quadrisol.pt\/#website"},"primaryImageOfPage":{"@id":"https:\/\/www.quadrisol.pt\/blog\/#primaryimage"},"image":{"@id":"https:\/\/www.quadrisol.pt\/blog\/#primaryimage"},"thumbnailUrl":"https:\/\/www.quadrisol.pt\/wp-content\/uploads\/2024\/04\/900H-1230H-3.png","datePublished":"2020-02-05T13:15:51+00:00","dateModified":"2025-03-10T10:19:13+00:00","description":"Visite o nosso Blog, nele pode ver as \u00faltimas not\u00edcias e novidades de sistemas fotovoltaicos, quadros el\u00e9trico e mais...","breadcrumb":{"@id":"https:\/\/www.quadrisol.pt\/blog\/#breadcrumb"},"inLanguage":"fr-FR","potentialAction":[{"@type":"ReadAction","target":["https:\/\/www.quadrisol.pt\/blog\/"]}]},{"@type":"ImageObject","inLanguage":"fr-FR","@id":"https:\/\/www.quadrisol.pt\/blog\/#primaryimage","url":"https:\/\/www.quadrisol.pt\/wp-content\/uploads\/2024\/04\/900H-1230H-3.png","contentUrl":"https:\/\/www.quadrisol.pt\/wp-content\/uploads\/2024\/04\/900H-1230H-3.png"},{"@type":"BreadcrumbList","@id":"https:\/\/www.quadrisol.pt\/blog\/#breadcrumb","itemListElement":[{"@type":"ListItem","position":1,"name":"Home","item":"https:\/\/www.quadrisol.pt\/"},{"@type":"ListItem","position":2,"name":"Blog"}]},{"@type":"WebSite","@id":"https:\/\/www.quadrisol.pt\/#website","url":"https:\/\/www.quadrisol.pt\/","name":"Quadrisol","description":"Quadros El\u00e9tricos - Fabricante de quadros el\u00e9tricos e distribuidor de sistemas fotovoltaicos","publisher":{"@id":"https:\/\/www.quadrisol.pt\/#organization"},"potentialAction":[{"@type":"SearchAction","target":{"@type":"EntryPoint","urlTemplate":"https:\/\/www.quadrisol.pt\/?s={search_term_string}"},"query-input":{"@type":"PropertyValueSpecification","valueRequired":true,"valueName":"search_term_string"}}],"inLanguage":"fr-FR"},{"@type":"Organization","@id":"https:\/\/www.quadrisol.pt\/#organization","name":"Quadrisol","url":"https:\/\/www.quadrisol.pt\/","logo":{"@type":"ImageObject","inLanguage":"fr-FR","@id":"https:\/\/www.quadrisol.pt\/#\/schema\/logo\/image\/","url":"https:\/\/www.quadrisol.pt\/wp-content\/uploads\/2022\/03\/cropped-logo-topo.png","contentUrl":"https:\/\/www.quadrisol.pt\/wp-content\/uploads\/2022\/03\/cropped-logo-topo.png","width":601,"height":123,"caption":"Quadrisol"},"image":{"@id":"https:\/\/www.quadrisol.pt\/#\/schema\/logo\/image\/"},"sameAs":["https:\/\/pt.linkedin.com\/company\/quadrisol"]}]}},"_links":{"self":[{"href":"https:\/\/www.quadrisol.pt\/fr\/wp-json\/wp\/v2\/pages\/624","targetHints":{"allow":["GET"]}}],"collection":[{"href":"https:\/\/www.quadrisol.pt\/fr\/wp-json\/wp\/v2\/pages"}],"about":[{"href":"https:\/\/www.quadrisol.pt\/fr\/wp-json\/wp\/v2\/types\/page"}],"author":[{"embeddable":true,"href":"https:\/\/www.quadrisol.pt\/fr\/wp-json\/wp\/v2\/users\/1"}],"replies":[{"embeddable":true,"href":"https:\/\/www.quadrisol.pt\/fr\/wp-json\/wp\/v2\/comments?post=624"}],"version-history":[{"count":79,"href":"https:\/\/www.quadrisol.pt\/fr\/wp-json\/wp\/v2\/pages\/624\/revisions"}],"predecessor-version":[{"id":12317,"href":"https:\/\/www.quadrisol.pt\/fr\/wp-json\/wp\/v2\/pages\/624\/revisions\/12317"}],"wp:attachment":[{"href":"https:\/\/www.quadrisol.pt\/fr\/wp-json\/wp\/v2\/media?parent=624"}],"curies":[{"name":"wp","href":"https:\/\/api.w.org\/{rel}","templated":true}]}}