{"id":6430,"date":"2022-03-25T01:01:20","date_gmt":"2022-03-25T01:01:20","guid":{"rendered":"http:\/\/94.46.14.215\/~quadrisol\/?page_id=6430"},"modified":"2022-09-13T16:41:41","modified_gmt":"2022-09-13T16:41:41","slug":"termos-e-condicoes","status":"publish","type":"page","link":"https:\/\/www.quadrisol.pt\/fr\/termos-e-condicoes\/","title":{"rendered":"Termos e Condi\u00e7\u00f5es"},"content":{"rendered":"<div data-elementor-type=\"wp-page\" data-elementor-id=\"6430\" class=\"elementor elementor-6430\">\n\t\t\t\t\t\t<section class=\"elementor-section elementor-top-section elementor-element elementor-element-9700ecc elementor-section-boxed elementor-section-height-default elementor-section-height-default qodef-elementor-content-no\" data-id=\"9700ecc\" data-element_type=\"section\">\n\t\t\t\t\t\t<div class=\"elementor-container elementor-column-gap-default\">\n\t\t\t\t\t<div class=\"elementor-column elementor-col-100 elementor-top-column elementor-element elementor-element-45616fd\" data-id=\"45616fd\" data-element_type=\"column\">\n\t\t\t<div class=\"elementor-widget-wrap elementor-element-populated\">\n\t\t\t\t\t\t<div class=\"elementor-element elementor-element-ecaeae2 elementor-widget elementor-widget-text-editor\" data-id=\"ecaeae2\" data-element_type=\"widget\" data-widget_type=\"text-editor.default\">\n\t\t\t\t<div class=\"elementor-widget-container\">\n\t\t\t\t\t\t\t\t\t<p>Avant d'utiliser le site, veuillez lire attentivement les conditions d'utilisation.<\/p><p><strong>1. LA PROPRI\u00c9T\u00c9 DU DOMAINE<\/strong><\/p><p>Le site www.quadrisol.pt est la propri\u00e9t\u00e9 de Quadrisol, Unipessoal Ltd, dont le si\u00e8ge social se trouve \u00e0 Praceta do Castelo, Pavilh\u00e3o C5, Sequeira, 4705-629 Braga, avec le NIPC 508 924 057, inscrit au registre du commerce du Conservatoire de Braga, ci-apr\u00e8s d\u00e9nomm\u00e9 QUADRISOL.<\/p><p><strong>2. PORT\u00c9E ET OBJET DES CONDITIONS G\u00c9N\u00c9RALES<\/strong><\/p><p>Les pr\u00e9sentes conditions g\u00e9n\u00e9rales s'appliquent aux utilisateurs du site web www.quadrisol.pt.<\/p><p>La navigation sur le site implique l'acceptation des pr\u00e9sentes conditions g\u00e9n\u00e9rales.<\/p><p>QUADRISOL se r\u00e9serve le droit de mettre \u00e0 jour et de modifier les pr\u00e9sentes conditions g\u00e9n\u00e9rales \u00e0 tout moment, sans pr\u00e9avis. L'utilisateur doit relire les conditions respectives \u00e0 chaque nouvelle utilisation, afin de v\u00e9rifier s'il les accepte.<\/p><p><strong>3. PROPRI\u00c9T\u00c9 INTELLECTUELLE<\/strong><\/p><p>Le site www.quadrisol.pt et tous ses contenus sont prot\u00e9g\u00e9s par le droit d'auteur et les droits de propri\u00e9t\u00e9 intellectuelle et industrielle. Dans ce contexte, son utilisation est autoris\u00e9e exclusivement \u00e0 des fins personnelles, et sa reproduction, son transfert, sa repr\u00e9sentation, sa distribution, son stockage, sa duplication ou sa copie, totale ou partielle, sont interdits. Chacune de ces utilisations constitue un d\u00e9lit lorsqu'elle est faite sans l'autorisation \u00e9crite pr\u00e9alable de QUADRISOL ou du propri\u00e9taire de la marque en question.<\/p><p>Ce site peut contenir des hyperliens vers des sites de tiers. QUADRISOL n'est pas responsable du contenu et de la fiabilit\u00e9 de ces sites, ne repr\u00e9sentant et\/ou n'approuvant pas ces sites et leur contenu comme \u00e9tant les siens, puisque QUADRISOL ne contr\u00f4le pas les informations et le contenu qui s'y trouvent. Leur utilisation se fait aux seuls risques de l'utilisateur. QUADRISOL d\u00e9cline \u00e9galement toute responsabilit\u00e9 en cas de placement abusif de liens vers le domaine www.quadrisol.pt sur d'autres pages, quant \u00e0 l'origine de ces pages et au contenu qui y est ins\u00e9r\u00e9. L'utilisation du domaine www.quadrisol.pt ou de liens vers celui-ci \u00e0 des fins abusives, et sans autorisation \u00e9crite pr\u00e9alable, pourra faire l'objet d'un recours aux moyens l\u00e9gaux comp\u00e9tents par QUADRISOL.<\/p><p><strong>4. POLITIQUE DE CONFIDENTIALIT\u00c9<\/strong><\/p><p>QUADRISOL respecte votre vie priv\u00e9e. Toutes les informations recueillies sur le site seront gard\u00e9es confidentielles et ne seront pas vendues, fournies ou r\u00e9utilis\u00e9es par des tiers.<\/p><p>Cookies : En acceptant cette politique de confidentialit\u00e9, vous consentez \u00e0 l'utilisation de cookies sur ce site, qui sont d\u00e9crits ci-dessous.<\/p><p><br \/><strong>Informations sur les cookies<\/strong><br \/><br \/><strong>Qu'est-ce qu'un cookie ?<\/strong><\/p><p>Un cookie est un petit fichier texte qu'un site web place sur votre PC, votre t\u00e9l\u00e9phone ou votre appareil informatique et qui contient des informations sur votre navigation sur ce site web. Les cookies sont n\u00e9cessaires pour faciliter la navigation des utilisateurs, et n'endommagent pas votre ordinateur.<\/p><p>Bien que le terme \"cookies\" soit utilis\u00e9 dans la pr\u00e9sente politique de confidentialit\u00e9, \u00e9tant donn\u00e9 qu'il s'agit de la principale m\u00e9thode de stockage des informations utilis\u00e9e par ce site web, l'espace de \"stockage local\" du navigateur est utilis\u00e9 dans le m\u00eame but que les cookies. Dans ce contexte, toutes les informations incluses dans cette section sont \u00e9galement applicables \u00e0 ce \"stockage local\" d'informations.<\/p><p><strong>\u00c0 quoi servent les cookies sur ce site web ?<\/strong><\/p><p>Les cookies sont un \u00e9l\u00e9ment essentiel du fonctionnement de notre site web. L'objectif principal de nos cookies est d'am\u00e9liorer votre exp\u00e9rience de navigation sur notre site web.<\/p><p>Les informations recueillies par les cookies nous permettent \u00e9galement d'am\u00e9liorer notre site web en fournissant des informations sur le nombre et la r\u00e9gularit\u00e9 des visites, l'adaptation du site web aux int\u00e9r\u00eats individuels de l'utilisateur, la rapidit\u00e9 des recherches, etc.<\/p><p><strong>\u00c0 quoi servent les cookies sur ce site web ?<\/strong><\/p><p>Nous n'utilisons pas de cookies pour cibler la publicit\u00e9 de nos utilisateurs en fonction de leur navigation, ni \u00e0 d'autres fins publicitaires propres ou de tiers.<\/p><p><strong>Qui utilise les informations stock\u00e9es dans les cookies ?<\/strong><\/p><p>Les informations stock\u00e9es dans les cookies de notre site web sont utilis\u00e9es exclusivement par nos services, \u00e0 l'exception des informations de Google Analytics, qui sont utilis\u00e9es et administr\u00e9es par Google et nous \u00e0 des fins statistiques.<\/p><p><strong>Les cookies peuvent-ils \u00eatre d\u00e9sactiv\u00e9s ?<\/strong><\/p><p>Oui, il est possible de d\u00e9sactiver les cookies. Toutefois, si vous choisissez ce param\u00e8tre, il est possible que vous ne puissiez pas acc\u00e9der \u00e0 certaines parties de notre site web, que votre navigation soit moins efficace et que vous ne puissiez pas profiter des avantages de certains de nos services. Si vous choisissez de restreindre, bloquer ou \u00e9liminer les cookies de ce site, vous pouvez le faire par le biais de la configuration de votre navigateur. Bien que les param\u00e8tres de r\u00e9glage de chaque navigateur soient diff\u00e9rents, la configuration des cookies se fait g\u00e9n\u00e9ralement par le biais des options de menu \"Pr\u00e9f\u00e9rences\" ou \"Outils\". Pour plus d'informations sur la mani\u00e8re de configurer les cookies dans votre navigateur, veuillez consulter le menu \"Aide\" de votre navigateur.<\/p><p><strong>5. LOI ET JURIDICTION APPLICABLE<\/strong><\/p><p>Les pr\u00e9sentes conditions g\u00e9n\u00e9rales sont r\u00e9gies par le droit portugais.<\/p><p>Tous les litiges d\u00e9coulant de l'interpr\u00e9tation ou de l'ex\u00e9cution du pr\u00e9sent accord seront r\u00e9gl\u00e9s par le tribunal de district de Braga, en renon\u00e7ant express\u00e9ment \u00e0 tout autre.<\/p><p><strong>6. MODES ALTERNATIFS DE R\u00c9SOLUTION DES LITIGES DE CONSOMMATION<\/strong><\/p><p>En cas de litige, le consommateur peut recourir \u00e0 l'entit\u00e9 suivante pour la r\u00e9solution alternative des litiges de consommation :<\/p><p>CIAB-Centro de Informa\u00e7\u00e3o, Media\u00e7\u00e3o e Arbitragem de Consumo (Tribunal Arbitral de Consumo)<br \/>Rua D. Afonso Henriques, n\u00ba 1 (Edif\u00edcio da Junta de Freguesia da S\u00e9)<br \/>4700-030 Braga<br \/>Tel.: 253 617 604<br \/>Fax: 253 617 605<br \/>e-mail: geral@ciab.pt<br \/>www.ciab.pt<\/p><p><strong>7. COMMENTAIRES<\/strong><\/p><p>QUADRISOL accueille les commentaires et les opinions des utilisateurs. Veuillez les envoyer \u00e0 l'adresse \u00e9lectronique suivante : marketing@quadrisol.pt.<\/p>\t\t\t\t\t\t\t\t<\/div>\n\t\t\t\t<\/div>\n\t\t\t\t\t<\/div>\n\t\t<\/div>\n\t\t\t\t\t<\/div>\n\t\t<\/section>\n\t\t\t\t<\/div>","protected":false},"excerpt":{"rendered":"<p>Antes de utilizar o site, leia atentamente os Termos e Condi\u00e7\u00f5es de utiliza\u00e7\u00e3o. 1. TITULARIDADE DO DOM\u00cdNIO O site www.quadrisol.pt \u00e9 propriedade da Quadrisol, Unipessoal Lda., com sede na Praceta do Castelo, Pavilh\u00e3o C5, Sequeira, 4705-629 Braga, com o NIPC 508 924 057, matriculada na Conservat\u00f3ria do Registo Comercial de Braga, doravante designada por QUADRISOL. [&hellip;]<\/p>","protected":false},"author":1,"featured_media":0,"parent":0,"menu_order":0,"comment_status":"closed","ping_status":"closed","template":"","meta":{"footnotes":""},"class_list":["post-6430","page","type-page","status-publish","hentry"],"yoast_head":"<!-- This site is optimized with the Yoast SEO plugin v27.5 - https:\/\/yoast.com\/product\/yoast-seo-wordpress\/ -->\n<title>Termos e Condi\u00e7\u00f5es - Quadrisol<\/title>\n<meta name=\"description\" content=\"Termos e condi\u00e7\u00f5es Quadrisol\" \/>\n<meta name=\"robots\" content=\"index, follow, max-snippet:-1, max-image-preview:large, max-video-preview:-1\" \/>\n<link rel=\"canonical\" href=\"https:\/\/www.quadrisol.pt\/fr\/termos-e-condicoes\/\" \/>\n<meta property=\"og:locale\" content=\"fr_FR\" \/>\n<meta property=\"og:type\" content=\"article\" \/>\n<meta property=\"og:title\" content=\"Termos e Condi\u00e7\u00f5es - Quadrisol\" \/>\n<meta property=\"og:description\" content=\"Termos e condi\u00e7\u00f5es Quadrisol\" \/>\n<meta property=\"og:url\" content=\"https:\/\/www.quadrisol.pt\/fr\/termos-e-condicoes\/\" \/>\n<meta property=\"og:site_name\" content=\"Quadrisol\" \/>\n<meta property=\"article:modified_time\" content=\"2022-09-13T16:41:41+00:00\" \/>\n<meta name=\"twitter:card\" content=\"summary_large_image\" \/>\n<meta name=\"twitter:label1\" content=\"Dur\u00e9e de lecture estim\u00e9e\" \/>\n\t<meta name=\"twitter:data1\" content=\"5 minutes\" \/>\n<script type=\"application\/ld+json\" class=\"yoast-schema-graph\">{\"@context\":\"https:\\\/\\\/schema.org\",\"@graph\":[{\"@type\":\"WebPage\",\"@id\":\"https:\\\/\\\/www.quadrisol.pt\\\/termos-e-condicoes\\\/\",\"url\":\"https:\\\/\\\/www.quadrisol.pt\\\/termos-e-condicoes\\\/\",\"name\":\"Termos e Condi\u00e7\u00f5es - Quadrisol\",\"isPartOf\":{\"@id\":\"https:\\\/\\\/www.quadrisol.pt\\\/#website\"},\"datePublished\":\"2022-03-25T01:01:20+00:00\",\"dateModified\":\"2022-09-13T16:41:41+00:00\",\"description\":\"Termos e condi\u00e7\u00f5es Quadrisol\",\"breadcrumb\":{\"@id\":\"https:\\\/\\\/www.quadrisol.pt\\\/termos-e-condicoes\\\/#breadcrumb\"},\"inLanguage\":\"fr-FR\",\"potentialAction\":[{\"@type\":\"ReadAction\",\"target\":[\"https:\\\/\\\/www.quadrisol.pt\\\/termos-e-condicoes\\\/\"]}]},{\"@type\":\"BreadcrumbList\",\"@id\":\"https:\\\/\\\/www.quadrisol.pt\\\/termos-e-condicoes\\\/#breadcrumb\",\"itemListElement\":[{\"@type\":\"ListItem\",\"position\":1,\"name\":\"Home\",\"item\":\"https:\\\/\\\/www.quadrisol.pt\\\/\"},{\"@type\":\"ListItem\",\"position\":2,\"name\":\"Termos e Condi\u00e7\u00f5es\"}]},{\"@type\":\"WebSite\",\"@id\":\"https:\\\/\\\/www.quadrisol.pt\\\/#website\",\"url\":\"https:\\\/\\\/www.quadrisol.pt\\\/\",\"name\":\"Quadrisol\",\"description\":\"Quadros El\u00e9tricos - Fabricante de quadros el\u00e9tricos e distribuidor de sistemas fotovoltaicos\",\"publisher\":{\"@id\":\"https:\\\/\\\/www.quadrisol.pt\\\/#organization\"},\"potentialAction\":[{\"@type\":\"SearchAction\",\"target\":{\"@type\":\"EntryPoint\",\"urlTemplate\":\"https:\\\/\\\/www.quadrisol.pt\\\/?s={search_term_string}\"},\"query-input\":{\"@type\":\"PropertyValueSpecification\",\"valueRequired\":true,\"valueName\":\"search_term_string\"}}],\"inLanguage\":\"fr-FR\"},{\"@type\":\"Organization\",\"@id\":\"https:\\\/\\\/www.quadrisol.pt\\\/#organization\",\"name\":\"Quadrisol\",\"url\":\"https:\\\/\\\/www.quadrisol.pt\\\/\",\"logo\":{\"@type\":\"ImageObject\",\"inLanguage\":\"fr-FR\",\"@id\":\"https:\\\/\\\/www.quadrisol.pt\\\/#\\\/schema\\\/logo\\\/image\\\/\",\"url\":\"https:\\\/\\\/www.quadrisol.pt\\\/wp-content\\\/uploads\\\/2022\\\/03\\\/cropped-logo-topo.png\",\"contentUrl\":\"https:\\\/\\\/www.quadrisol.pt\\\/wp-content\\\/uploads\\\/2022\\\/03\\\/cropped-logo-topo.png\",\"width\":601,\"height\":123,\"caption\":\"Quadrisol\"},\"image\":{\"@id\":\"https:\\\/\\\/www.quadrisol.pt\\\/#\\\/schema\\\/logo\\\/image\\\/\"},\"sameAs\":[\"https:\\\/\\\/pt.linkedin.com\\\/company\\\/quadrisol\"]}]}<\/script>\n<!-- \/ Yoast SEO plugin. -->","yoast_head_json":{"title":"Termos e Condi\u00e7\u00f5es - Quadrisol","description":"Termos e condi\u00e7\u00f5es Quadrisol","robots":{"index":"index","follow":"follow","max-snippet":"max-snippet:-1","max-image-preview":"max-image-preview:large","max-video-preview":"max-video-preview:-1"},"canonical":"https:\/\/www.quadrisol.pt\/fr\/termos-e-condicoes\/","og_locale":"fr_FR","og_type":"article","og_title":"Termos e Condi\u00e7\u00f5es - Quadrisol","og_description":"Termos e condi\u00e7\u00f5es Quadrisol","og_url":"https:\/\/www.quadrisol.pt\/fr\/termos-e-condicoes\/","og_site_name":"Quadrisol","article_modified_time":"2022-09-13T16:41:41+00:00","twitter_card":"summary_large_image","twitter_misc":{"Dur\u00e9e de lecture estim\u00e9e":"5 minutes"},"schema":{"@context":"https:\/\/schema.org","@graph":[{"@type":"WebPage","@id":"https:\/\/www.quadrisol.pt\/termos-e-condicoes\/","url":"https:\/\/www.quadrisol.pt\/termos-e-condicoes\/","name":"Termos e Condi\u00e7\u00f5es - Quadrisol","isPartOf":{"@id":"https:\/\/www.quadrisol.pt\/#website"},"datePublished":"2022-03-25T01:01:20+00:00","dateModified":"2022-09-13T16:41:41+00:00","description":"Termos e condi\u00e7\u00f5es Quadrisol","breadcrumb":{"@id":"https:\/\/www.quadrisol.pt\/termos-e-condicoes\/#breadcrumb"},"inLanguage":"fr-FR","potentialAction":[{"@type":"ReadAction","target":["https:\/\/www.quadrisol.pt\/termos-e-condicoes\/"]}]},{"@type":"BreadcrumbList","@id":"https:\/\/www.quadrisol.pt\/termos-e-condicoes\/#breadcrumb","itemListElement":[{"@type":"ListItem","position":1,"name":"Home","item":"https:\/\/www.quadrisol.pt\/"},{"@type":"ListItem","position":2,"name":"Termos e Condi\u00e7\u00f5es"}]},{"@type":"WebSite","@id":"https:\/\/www.quadrisol.pt\/#website","url":"https:\/\/www.quadrisol.pt\/","name":"Quadrisol","description":"Quadros El\u00e9tricos - Fabricante de quadros el\u00e9tricos e distribuidor de sistemas fotovoltaicos","publisher":{"@id":"https:\/\/www.quadrisol.pt\/#organization"},"potentialAction":[{"@type":"SearchAction","target":{"@type":"EntryPoint","urlTemplate":"https:\/\/www.quadrisol.pt\/?s={search_term_string}"},"query-input":{"@type":"PropertyValueSpecification","valueRequired":true,"valueName":"search_term_string"}}],"inLanguage":"fr-FR"},{"@type":"Organization","@id":"https:\/\/www.quadrisol.pt\/#organization","name":"Quadrisol","url":"https:\/\/www.quadrisol.pt\/","logo":{"@type":"ImageObject","inLanguage":"fr-FR","@id":"https:\/\/www.quadrisol.pt\/#\/schema\/logo\/image\/","url":"https:\/\/www.quadrisol.pt\/wp-content\/uploads\/2022\/03\/cropped-logo-topo.png","contentUrl":"https:\/\/www.quadrisol.pt\/wp-content\/uploads\/2022\/03\/cropped-logo-topo.png","width":601,"height":123,"caption":"Quadrisol"},"image":{"@id":"https:\/\/www.quadrisol.pt\/#\/schema\/logo\/image\/"},"sameAs":["https:\/\/pt.linkedin.com\/company\/quadrisol"]}]}},"_links":{"self":[{"href":"https:\/\/www.quadrisol.pt\/fr\/wp-json\/wp\/v2\/pages\/6430","targetHints":{"allow":["GET"]}}],"collection":[{"href":"https:\/\/www.quadrisol.pt\/fr\/wp-json\/wp\/v2\/pages"}],"about":[{"href":"https:\/\/www.quadrisol.pt\/fr\/wp-json\/wp\/v2\/types\/page"}],"author":[{"embeddable":true,"href":"https:\/\/www.quadrisol.pt\/fr\/wp-json\/wp\/v2\/users\/1"}],"replies":[{"embeddable":true,"href":"https:\/\/www.quadrisol.pt\/fr\/wp-json\/wp\/v2\/comments?post=6430"}],"version-history":[{"count":3,"href":"https:\/\/www.quadrisol.pt\/fr\/wp-json\/wp\/v2\/pages\/6430\/revisions"}],"predecessor-version":[{"id":10746,"href":"https:\/\/www.quadrisol.pt\/fr\/wp-json\/wp\/v2\/pages\/6430\/revisions\/10746"}],"wp:attachment":[{"href":"https:\/\/www.quadrisol.pt\/fr\/wp-json\/wp\/v2\/media?parent=6430"}],"curies":[{"name":"wp","href":"https:\/\/api.w.org\/{rel}","templated":true}]}}