{"id":8864,"date":"2022-06-03T09:21:45","date_gmt":"2022-06-03T09:21:45","guid":{"rendered":"http:\/\/94.46.14.215\/~quadrisol\/?post_type=product&#038;p=8864"},"modified":"2022-07-26T13:40:04","modified_gmt":"2022-07-26T13:40:04","slug":"inversor-ongrid-monofasico-1kw","status":"publish","type":"product","link":"https:\/\/www.quadrisol.pt\/fr\/product\/inversor-ongrid-monofasico-1kw\/","title":{"rendered":"Inversor ongrid monof\u00e1sico 1kw"},"content":{"rendered":"<p>A s\u00e9rie de inversores de rede\u00a0<strong>R5 da\u00a0<\/strong><strong>SAJ<\/strong> destaca-se pelos seus inversores de design compacto, leve e eficiente para pequenas instala\u00e7\u00f5es dom\u00e9sticas. O inversor de rede monof\u00e1sico SAJ R5 1000W com 1 MPPT.<\/p>\n<ul>\n<li>Sistema opcional sem inje\u00e7\u00e3o;<\/li>\n<li>Prote\u00e7\u00e3o IP65;<\/li>\n<li>Wi-Fi inclu\u00eddo;<\/li>\n<li>Monitoramento remoto de dados;<\/li>\n<\/ul>\n<p><a href=\"http:\/\/94.46.14.215\/~quadrisol\/wp-content\/uploads\/2022\/06\/R5-3-8K-S2-15-en-us-2022022803500381.pdf\" target=\"_blank\" rel=\"noopener noreferrer\">Ficha t\u00e9cnica R5-3-8K-S2-15<\/a><\/p>","protected":false},"excerpt":{"rendered":"<p>O inversor monof\u00e1sico <strong>SAJ R5 1000W 1MPPT<\/strong>\u00a0\u00a0\u00e9 ideal para pequenas instala\u00e7\u00f5es de autoconsumo.\u00a0A s\u00e9rie\u00a0<strong>R5 1MPPT<\/strong>\u00a0\u00a0varia de 1 a 3kW, tem um design compacto e \u00e9 muito leve.\u00a0Ventila\u00e7\u00e3o natural com funcionamento silencioso.<\/p>","protected":false},"featured_media":6938,"template":"","meta":[],"product_brand":[],"product_cat":[88],"product_tag":[99],"class_list":{"0":"post-8864","1":"product","2":"type-product","3":"status-publish","4":"has-post-thumbnail","6":"product_cat-inversores-solares","7":"product_tag-saj","9":"first","10":"onbackorder","11":"shipping-taxable","12":"product-type-simple"},"yoast_head":"<!-- This site is optimized with the Yoast SEO plugin v27.4 - https:\/\/yoast.com\/product\/yoast-seo-wordpress\/ -->\n<title>Inversor ongrid monof\u00e1sico 1kw<\/title>\n<meta name=\"description\" content=\"inversor ongrid monof\u00e1sico 1kw, SAJ eletric, Inversor 1kw, inversores Braga, inversores Portugal, inversores ao melhor pre\u00e7o.\" \/>\n<meta name=\"robots\" content=\"index, follow, max-snippet:-1, max-image-preview:large, max-video-preview:-1\" \/>\n<link rel=\"canonical\" href=\"https:\/\/www.quadrisol.pt\/fr\/product\/inversor-ongrid-monofasico-1kw\/\" \/>\n<meta property=\"og:locale\" content=\"fr_FR\" \/>\n<meta property=\"og:type\" content=\"article\" \/>\n<meta property=\"og:title\" content=\"Inversor ongrid monof\u00e1sico 1kw\" \/>\n<meta property=\"og:description\" content=\"inversor ongrid monof\u00e1sico 1kw, SAJ eletric, Inversor 1kw, inversores Braga, inversores Portugal, inversores ao melhor pre\u00e7o.\" \/>\n<meta property=\"og:url\" content=\"https:\/\/www.quadrisol.pt\/fr\/product\/inversor-ongrid-monofasico-1kw\/\" \/>\n<meta property=\"og:site_name\" content=\"Quadrisol\" \/>\n<meta property=\"article:modified_time\" content=\"2022-07-26T13:40:04+00:00\" \/>\n<meta property=\"og:image\" content=\"https:\/\/www.quadrisol.pt\/wp-content\/uploads\/2022\/04\/3-6K-S2-\u6b63\u9762.jpg\" \/>\n\t<meta property=\"og:image:width\" content=\"560\" \/>\n\t<meta property=\"og:image:height\" content=\"490\" \/>\n\t<meta property=\"og:image:type\" content=\"image\/jpeg\" \/>\n<meta name=\"twitter:card\" content=\"summary_large_image\" \/>\n<meta name=\"twitter:label1\" content=\"Dur\u00e9e de lecture estim\u00e9e\" \/>\n\t<meta name=\"twitter:data1\" content=\"1 minute\" \/>\n<script type=\"application\/ld+json\" class=\"yoast-schema-graph\">{\"@context\":\"https:\\\/\\\/schema.org\",\"@graph\":[{\"@type\":\"WebPage\",\"@id\":\"https:\\\/\\\/www.quadrisol.pt\\\/product\\\/inversor-ongrid-monofasico-1kw\\\/\",\"url\":\"https:\\\/\\\/www.quadrisol.pt\\\/product\\\/inversor-ongrid-monofasico-1kw\\\/\",\"name\":\"Inversor ongrid monof\u00e1sico 1kw\",\"isPartOf\":{\"@id\":\"https:\\\/\\\/www.quadrisol.pt\\\/#website\"},\"primaryImageOfPage\":{\"@id\":\"https:\\\/\\\/www.quadrisol.pt\\\/product\\\/inversor-ongrid-monofasico-1kw\\\/#primaryimage\"},\"image\":{\"@id\":\"https:\\\/\\\/www.quadrisol.pt\\\/product\\\/inversor-ongrid-monofasico-1kw\\\/#primaryimage\"},\"thumbnailUrl\":\"https:\\\/\\\/www.quadrisol.pt\\\/wp-content\\\/uploads\\\/2022\\\/04\\\/3-6K-S2-\u6b63\u9762.jpg\",\"datePublished\":\"2022-06-03T09:21:45+00:00\",\"dateModified\":\"2022-07-26T13:40:04+00:00\",\"description\":\"inversor ongrid monof\u00e1sico 1kw, SAJ eletric, Inversor 1kw, inversores Braga, inversores Portugal, inversores ao melhor pre\u00e7o.\",\"breadcrumb\":{\"@id\":\"https:\\\/\\\/www.quadrisol.pt\\\/product\\\/inversor-ongrid-monofasico-1kw\\\/#breadcrumb\"},\"inLanguage\":\"fr-FR\",\"potentialAction\":[{\"@type\":\"ReadAction\",\"target\":[\"https:\\\/\\\/www.quadrisol.pt\\\/product\\\/inversor-ongrid-monofasico-1kw\\\/\"]}]},{\"@type\":\"ImageObject\",\"inLanguage\":\"fr-FR\",\"@id\":\"https:\\\/\\\/www.quadrisol.pt\\\/product\\\/inversor-ongrid-monofasico-1kw\\\/#primaryimage\",\"url\":\"https:\\\/\\\/www.quadrisol.pt\\\/wp-content\\\/uploads\\\/2022\\\/04\\\/3-6K-S2-\u6b63\u9762.jpg\",\"contentUrl\":\"https:\\\/\\\/www.quadrisol.pt\\\/wp-content\\\/uploads\\\/2022\\\/04\\\/3-6K-S2-\u6b63\u9762.jpg\",\"width\":560,\"height\":490,\"caption\":\"Inversor\"},{\"@type\":\"BreadcrumbList\",\"@id\":\"https:\\\/\\\/www.quadrisol.pt\\\/product\\\/inversor-ongrid-monofasico-1kw\\\/#breadcrumb\",\"itemListElement\":[{\"@type\":\"ListItem\",\"position\":1,\"name\":\"Home\",\"item\":\"https:\\\/\\\/www.quadrisol.pt\\\/\"},{\"@type\":\"ListItem\",\"position\":2,\"name\":\"Produtos\",\"item\":\"https:\\\/\\\/www.quadrisol.pt\\\/produtos\\\/\"},{\"@type\":\"ListItem\",\"position\":3,\"name\":\"Inversor ongrid monof\u00e1sico 1kw\"}]},{\"@type\":\"WebSite\",\"@id\":\"https:\\\/\\\/www.quadrisol.pt\\\/#website\",\"url\":\"https:\\\/\\\/www.quadrisol.pt\\\/\",\"name\":\"Quadrisol\",\"description\":\"Quadros El\u00e9tricos - Fabricante de quadros el\u00e9tricos e distribuidor de sistemas fotovoltaicos\",\"publisher\":{\"@id\":\"https:\\\/\\\/www.quadrisol.pt\\\/#organization\"},\"potentialAction\":[{\"@type\":\"SearchAction\",\"target\":{\"@type\":\"EntryPoint\",\"urlTemplate\":\"https:\\\/\\\/www.quadrisol.pt\\\/?s={search_term_string}\"},\"query-input\":{\"@type\":\"PropertyValueSpecification\",\"valueRequired\":true,\"valueName\":\"search_term_string\"}}],\"inLanguage\":\"fr-FR\"},{\"@type\":\"Organization\",\"@id\":\"https:\\\/\\\/www.quadrisol.pt\\\/#organization\",\"name\":\"Quadrisol\",\"url\":\"https:\\\/\\\/www.quadrisol.pt\\\/\",\"logo\":{\"@type\":\"ImageObject\",\"inLanguage\":\"fr-FR\",\"@id\":\"https:\\\/\\\/www.quadrisol.pt\\\/#\\\/schema\\\/logo\\\/image\\\/\",\"url\":\"https:\\\/\\\/www.quadrisol.pt\\\/wp-content\\\/uploads\\\/2022\\\/03\\\/cropped-logo-topo.png\",\"contentUrl\":\"https:\\\/\\\/www.quadrisol.pt\\\/wp-content\\\/uploads\\\/2022\\\/03\\\/cropped-logo-topo.png\",\"width\":601,\"height\":123,\"caption\":\"Quadrisol\"},\"image\":{\"@id\":\"https:\\\/\\\/www.quadrisol.pt\\\/#\\\/schema\\\/logo\\\/image\\\/\"},\"sameAs\":[\"https:\\\/\\\/pt.linkedin.com\\\/company\\\/quadrisol\"]}]}<\/script>\n<!-- \/ Yoast SEO plugin. -->","yoast_head_json":{"title":"Inversor ongrid monof\u00e1sico 1kw","description":"inversor ongrid monof\u00e1sico 1kw, SAJ eletric, Inversor 1kw, inversores Braga, inversores Portugal, inversores ao melhor pre\u00e7o.","robots":{"index":"index","follow":"follow","max-snippet":"max-snippet:-1","max-image-preview":"max-image-preview:large","max-video-preview":"max-video-preview:-1"},"canonical":"https:\/\/www.quadrisol.pt\/fr\/product\/inversor-ongrid-monofasico-1kw\/","og_locale":"fr_FR","og_type":"article","og_title":"Inversor ongrid monof\u00e1sico 1kw","og_description":"inversor ongrid monof\u00e1sico 1kw, SAJ eletric, Inversor 1kw, inversores Braga, inversores Portugal, inversores ao melhor pre\u00e7o.","og_url":"https:\/\/www.quadrisol.pt\/fr\/product\/inversor-ongrid-monofasico-1kw\/","og_site_name":"Quadrisol","article_modified_time":"2022-07-26T13:40:04+00:00","og_image":[{"width":560,"height":490,"url":"https:\/\/www.quadrisol.pt\/wp-content\/uploads\/2022\/04\/3-6K-S2-\u6b63\u9762.jpg","type":"image\/jpeg"}],"twitter_card":"summary_large_image","twitter_misc":{"Dur\u00e9e de lecture estim\u00e9e":"1 minute"},"schema":{"@context":"https:\/\/schema.org","@graph":[{"@type":"WebPage","@id":"https:\/\/www.quadrisol.pt\/product\/inversor-ongrid-monofasico-1kw\/","url":"https:\/\/www.quadrisol.pt\/product\/inversor-ongrid-monofasico-1kw\/","name":"Inversor ongrid monof\u00e1sico 1kw","isPartOf":{"@id":"https:\/\/www.quadrisol.pt\/#website"},"primaryImageOfPage":{"@id":"https:\/\/www.quadrisol.pt\/product\/inversor-ongrid-monofasico-1kw\/#primaryimage"},"image":{"@id":"https:\/\/www.quadrisol.pt\/product\/inversor-ongrid-monofasico-1kw\/#primaryimage"},"thumbnailUrl":"https:\/\/www.quadrisol.pt\/wp-content\/uploads\/2022\/04\/3-6K-S2-\u6b63\u9762.jpg","datePublished":"2022-06-03T09:21:45+00:00","dateModified":"2022-07-26T13:40:04+00:00","description":"inversor ongrid monof\u00e1sico 1kw, SAJ eletric, Inversor 1kw, inversores Braga, inversores Portugal, inversores ao melhor pre\u00e7o.","breadcrumb":{"@id":"https:\/\/www.quadrisol.pt\/product\/inversor-ongrid-monofasico-1kw\/#breadcrumb"},"inLanguage":"fr-FR","potentialAction":[{"@type":"ReadAction","target":["https:\/\/www.quadrisol.pt\/product\/inversor-ongrid-monofasico-1kw\/"]}]},{"@type":"ImageObject","inLanguage":"fr-FR","@id":"https:\/\/www.quadrisol.pt\/product\/inversor-ongrid-monofasico-1kw\/#primaryimage","url":"https:\/\/www.quadrisol.pt\/wp-content\/uploads\/2022\/04\/3-6K-S2-\u6b63\u9762.jpg","contentUrl":"https:\/\/www.quadrisol.pt\/wp-content\/uploads\/2022\/04\/3-6K-S2-\u6b63\u9762.jpg","width":560,"height":490,"caption":"Inversor"},{"@type":"BreadcrumbList","@id":"https:\/\/www.quadrisol.pt\/product\/inversor-ongrid-monofasico-1kw\/#breadcrumb","itemListElement":[{"@type":"ListItem","position":1,"name":"Home","item":"https:\/\/www.quadrisol.pt\/"},{"@type":"ListItem","position":2,"name":"Produtos","item":"https:\/\/www.quadrisol.pt\/produtos\/"},{"@type":"ListItem","position":3,"name":"Inversor ongrid monof\u00e1sico 1kw"}]},{"@type":"WebSite","@id":"https:\/\/www.quadrisol.pt\/#website","url":"https:\/\/www.quadrisol.pt\/","name":"Quadrisol","description":"Quadros El\u00e9tricos - Fabricante de quadros el\u00e9tricos e distribuidor de sistemas fotovoltaicos","publisher":{"@id":"https:\/\/www.quadrisol.pt\/#organization"},"potentialAction":[{"@type":"SearchAction","target":{"@type":"EntryPoint","urlTemplate":"https:\/\/www.quadrisol.pt\/?s={search_term_string}"},"query-input":{"@type":"PropertyValueSpecification","valueRequired":true,"valueName":"search_term_string"}}],"inLanguage":"fr-FR"},{"@type":"Organization","@id":"https:\/\/www.quadrisol.pt\/#organization","name":"Quadrisol","url":"https:\/\/www.quadrisol.pt\/","logo":{"@type":"ImageObject","inLanguage":"fr-FR","@id":"https:\/\/www.quadrisol.pt\/#\/schema\/logo\/image\/","url":"https:\/\/www.quadrisol.pt\/wp-content\/uploads\/2022\/03\/cropped-logo-topo.png","contentUrl":"https:\/\/www.quadrisol.pt\/wp-content\/uploads\/2022\/03\/cropped-logo-topo.png","width":601,"height":123,"caption":"Quadrisol"},"image":{"@id":"https:\/\/www.quadrisol.pt\/#\/schema\/logo\/image\/"},"sameAs":["https:\/\/pt.linkedin.com\/company\/quadrisol"]}]}},"_links":{"self":[{"href":"https:\/\/www.quadrisol.pt\/fr\/wp-json\/wp\/v2\/product\/8864","targetHints":{"allow":["GET"]}}],"collection":[{"href":"https:\/\/www.quadrisol.pt\/fr\/wp-json\/wp\/v2\/product"}],"about":[{"href":"https:\/\/www.quadrisol.pt\/fr\/wp-json\/wp\/v2\/types\/product"}],"version-history":[{"count":3,"href":"https:\/\/www.quadrisol.pt\/fr\/wp-json\/wp\/v2\/product\/8864\/revisions"}],"predecessor-version":[{"id":9785,"href":"https:\/\/www.quadrisol.pt\/fr\/wp-json\/wp\/v2\/product\/8864\/revisions\/9785"}],"wp:featuredmedia":[{"embeddable":true,"href":"https:\/\/www.quadrisol.pt\/fr\/wp-json\/wp\/v2\/media\/6938"}],"wp:attachment":[{"href":"https:\/\/www.quadrisol.pt\/fr\/wp-json\/wp\/v2\/media?parent=8864"}],"wp:term":[{"taxonomy":"product_brand","embeddable":true,"href":"https:\/\/www.quadrisol.pt\/fr\/wp-json\/wp\/v2\/product_brand?post=8864"},{"taxonomy":"product_cat","embeddable":true,"href":"https:\/\/www.quadrisol.pt\/fr\/wp-json\/wp\/v2\/product_cat?post=8864"},{"taxonomy":"product_tag","embeddable":true,"href":"https:\/\/www.quadrisol.pt\/fr\/wp-json\/wp\/v2\/product_tag?post=8864"}],"curies":[{"name":"wp","href":"https:\/\/api.w.org\/{rel}","templated":true}]}}