{"id":9045,"date":"2022-06-09T13:55:49","date_gmt":"2022-06-09T13:55:49","guid":{"rendered":"http:\/\/94.46.14.215\/~quadrisol\/?post_type=product&#038;p=9045"},"modified":"2022-07-26T13:31:46","modified_gmt":"2022-07-26T13:31:46","slug":"esolar-sec-kit-t80","status":"publish","type":"product","link":"https:\/\/www.quadrisol.pt\/fr\/product\/esolar-sec-kit-t80\/","title":{"rendered":"eSolar SEC Kit T80"},"content":{"rendered":"<p><strong>Caracter\u00edsticas eSolar sec kit T80<\/strong><\/p>\n<p>Display: Led<\/p>\n<p>Voltagem:100\/240V AC<\/p>\n<p>Frequ\u00eancia: 50\/60Hz<\/p>\n<p>Prote\u00e7\u00e3o: IP20<\/p>\n<p>Peso: 600g<\/p>\n<p>Garantia da marca: 2 anos<\/p>\n<p>Certificado: CE RoHS<\/p>\n<p><a href=\"http:\/\/94.46.14.215\/~quadrisol\/wp-content\/uploads\/2022\/06\/eSolar-SEC-KIT-S80-1.pdf\" target=\"_blank\" rel=\"noopener noreferrer\">Ficha t\u00e9cnica eSolar SEC KIT T80<\/a><\/p>\n<p>&nbsp;<\/p>","protected":false},"excerpt":{"rendered":"<p>Analisador trif\u00e1sico &#8220;Chint&#8221;, com transformadores de Intensidade, 80A + M\u00f3dulo SEC (Wifi, ethernet, bluetooth in one) + Antena.<br \/>\nIsto permite fazer a monitoriza\u00e7\u00e3o 24h por dia e fazermos a inje\u00e7\u00e3o 0 nos inversores trif\u00e1sicos R5.<\/p>","protected":false},"featured_media":9046,"template":"","meta":[],"product_brand":[],"product_cat":[102],"product_tag":[103,99],"class_list":{"0":"post-9045","1":"product","2":"type-product","3":"status-publish","4":"has-post-thumbnail","6":"product_cat-acessorios","7":"product_tag-chint","8":"product_tag-saj","10":"first","11":"onbackorder","12":"shipping-taxable","13":"product-type-simple"},"yoast_head":"<!-- This site is optimized with the Yoast SEO plugin v27.5 - https:\/\/yoast.com\/product\/yoast-seo-wordpress\/ -->\n<title>eSolar SEC Kit T80<\/title>\n<meta name=\"description\" content=\"eSolar SEC Kit T80. Analisador com transformador 80A. eSolar SEC Kit T80 Analisador trif\u00e1sico &quot;CHINT&quot;, com transformador de Intensidade de 80A\" \/>\n<meta name=\"robots\" content=\"index, follow, max-snippet:-1, max-image-preview:large, max-video-preview:-1\" \/>\n<link rel=\"canonical\" href=\"https:\/\/www.quadrisol.pt\/fr\/product\/esolar-sec-kit-t80\/\" \/>\n<meta property=\"og:locale\" content=\"fr_FR\" \/>\n<meta property=\"og:type\" content=\"article\" \/>\n<meta property=\"og:title\" content=\"eSolar SEC Kit T80\" \/>\n<meta property=\"og:description\" content=\"eSolar SEC Kit T80. Analisador com transformador 80A. eSolar SEC Kit T80 Analisador trif\u00e1sico &quot;CHINT&quot;, com transformador de Intensidade de 80A\" \/>\n<meta property=\"og:url\" content=\"https:\/\/www.quadrisol.pt\/fr\/product\/esolar-sec-kit-t80\/\" \/>\n<meta property=\"og:site_name\" content=\"Quadrisol\" \/>\n<meta property=\"article:modified_time\" content=\"2022-07-26T13:31:46+00:00\" \/>\n<meta property=\"og:image\" content=\"https:\/\/www.quadrisol.pt\/wp-content\/uploads\/2022\/06\/eSolar-SEC-Kit-T80.jpg\" \/>\n\t<meta property=\"og:image:width\" content=\"1024\" \/>\n\t<meta property=\"og:image:height\" content=\"722\" \/>\n\t<meta property=\"og:image:type\" content=\"image\/jpeg\" \/>\n<meta name=\"twitter:card\" content=\"summary_large_image\" \/>\n<meta name=\"twitter:label1\" content=\"Dur\u00e9e de lecture estim\u00e9e\" \/>\n\t<meta name=\"twitter:data1\" content=\"1 minute\" \/>\n<script type=\"application\/ld+json\" class=\"yoast-schema-graph\">{\"@context\":\"https:\\\/\\\/schema.org\",\"@graph\":[{\"@type\":\"WebPage\",\"@id\":\"https:\\\/\\\/www.quadrisol.pt\\\/product\\\/esolar-sec-kit-t80\\\/\",\"url\":\"https:\\\/\\\/www.quadrisol.pt\\\/product\\\/esolar-sec-kit-t80\\\/\",\"name\":\"eSolar SEC Kit T80\",\"isPartOf\":{\"@id\":\"https:\\\/\\\/www.quadrisol.pt\\\/#website\"},\"primaryImageOfPage\":{\"@id\":\"https:\\\/\\\/www.quadrisol.pt\\\/product\\\/esolar-sec-kit-t80\\\/#primaryimage\"},\"image\":{\"@id\":\"https:\\\/\\\/www.quadrisol.pt\\\/product\\\/esolar-sec-kit-t80\\\/#primaryimage\"},\"thumbnailUrl\":\"https:\\\/\\\/www.quadrisol.pt\\\/wp-content\\\/uploads\\\/2022\\\/06\\\/eSolar-SEC-Kit-T80.jpg\",\"datePublished\":\"2022-06-09T13:55:49+00:00\",\"dateModified\":\"2022-07-26T13:31:46+00:00\",\"description\":\"eSolar SEC Kit T80. Analisador com transformador 80A. eSolar SEC Kit T80 Analisador trif\u00e1sico \\\"CHINT\\\", com transformador de Intensidade de 80A\",\"breadcrumb\":{\"@id\":\"https:\\\/\\\/www.quadrisol.pt\\\/product\\\/esolar-sec-kit-t80\\\/#breadcrumb\"},\"inLanguage\":\"fr-FR\",\"potentialAction\":[{\"@type\":\"ReadAction\",\"target\":[\"https:\\\/\\\/www.quadrisol.pt\\\/product\\\/esolar-sec-kit-t80\\\/\"]}]},{\"@type\":\"ImageObject\",\"inLanguage\":\"fr-FR\",\"@id\":\"https:\\\/\\\/www.quadrisol.pt\\\/product\\\/esolar-sec-kit-t80\\\/#primaryimage\",\"url\":\"https:\\\/\\\/www.quadrisol.pt\\\/wp-content\\\/uploads\\\/2022\\\/06\\\/eSolar-SEC-Kit-T80.jpg\",\"contentUrl\":\"https:\\\/\\\/www.quadrisol.pt\\\/wp-content\\\/uploads\\\/2022\\\/06\\\/eSolar-SEC-Kit-T80.jpg\",\"width\":1024,\"height\":722,\"caption\":\"eSolar-SEC-Kit-T80\"},{\"@type\":\"BreadcrumbList\",\"@id\":\"https:\\\/\\\/www.quadrisol.pt\\\/product\\\/esolar-sec-kit-t80\\\/#breadcrumb\",\"itemListElement\":[{\"@type\":\"ListItem\",\"position\":1,\"name\":\"Home\",\"item\":\"https:\\\/\\\/www.quadrisol.pt\\\/\"},{\"@type\":\"ListItem\",\"position\":2,\"name\":\"Produtos\",\"item\":\"https:\\\/\\\/www.quadrisol.pt\\\/produtos\\\/\"},{\"@type\":\"ListItem\",\"position\":3,\"name\":\"eSolar SEC Kit T80\"}]},{\"@type\":\"WebSite\",\"@id\":\"https:\\\/\\\/www.quadrisol.pt\\\/#website\",\"url\":\"https:\\\/\\\/www.quadrisol.pt\\\/\",\"name\":\"Quadrisol\",\"description\":\"Quadros El\u00e9tricos - Fabricante de quadros el\u00e9tricos e distribuidor de sistemas fotovoltaicos\",\"publisher\":{\"@id\":\"https:\\\/\\\/www.quadrisol.pt\\\/#organization\"},\"potentialAction\":[{\"@type\":\"SearchAction\",\"target\":{\"@type\":\"EntryPoint\",\"urlTemplate\":\"https:\\\/\\\/www.quadrisol.pt\\\/?s={search_term_string}\"},\"query-input\":{\"@type\":\"PropertyValueSpecification\",\"valueRequired\":true,\"valueName\":\"search_term_string\"}}],\"inLanguage\":\"fr-FR\"},{\"@type\":\"Organization\",\"@id\":\"https:\\\/\\\/www.quadrisol.pt\\\/#organization\",\"name\":\"Quadrisol\",\"url\":\"https:\\\/\\\/www.quadrisol.pt\\\/\",\"logo\":{\"@type\":\"ImageObject\",\"inLanguage\":\"fr-FR\",\"@id\":\"https:\\\/\\\/www.quadrisol.pt\\\/#\\\/schema\\\/logo\\\/image\\\/\",\"url\":\"https:\\\/\\\/www.quadrisol.pt\\\/wp-content\\\/uploads\\\/2022\\\/03\\\/cropped-logo-topo.png\",\"contentUrl\":\"https:\\\/\\\/www.quadrisol.pt\\\/wp-content\\\/uploads\\\/2022\\\/03\\\/cropped-logo-topo.png\",\"width\":601,\"height\":123,\"caption\":\"Quadrisol\"},\"image\":{\"@id\":\"https:\\\/\\\/www.quadrisol.pt\\\/#\\\/schema\\\/logo\\\/image\\\/\"},\"sameAs\":[\"https:\\\/\\\/pt.linkedin.com\\\/company\\\/quadrisol\"]}]}<\/script>\n<!-- \/ Yoast SEO plugin. -->","yoast_head_json":{"title":"eSolar SEC Kit T80","description":"eSolar SEC Kit T80. Analisador com transformador 80A. eSolar SEC Kit T80 Analisador trif\u00e1sico \"CHINT\", com transformador de Intensidade de 80A","robots":{"index":"index","follow":"follow","max-snippet":"max-snippet:-1","max-image-preview":"max-image-preview:large","max-video-preview":"max-video-preview:-1"},"canonical":"https:\/\/www.quadrisol.pt\/fr\/product\/esolar-sec-kit-t80\/","og_locale":"fr_FR","og_type":"article","og_title":"eSolar SEC Kit T80","og_description":"eSolar SEC Kit T80. Analisador com transformador 80A. eSolar SEC Kit T80 Analisador trif\u00e1sico \"CHINT\", com transformador de Intensidade de 80A","og_url":"https:\/\/www.quadrisol.pt\/fr\/product\/esolar-sec-kit-t80\/","og_site_name":"Quadrisol","article_modified_time":"2022-07-26T13:31:46+00:00","og_image":[{"width":1024,"height":722,"url":"https:\/\/www.quadrisol.pt\/wp-content\/uploads\/2022\/06\/eSolar-SEC-Kit-T80.jpg","type":"image\/jpeg"}],"twitter_card":"summary_large_image","twitter_misc":{"Dur\u00e9e de lecture estim\u00e9e":"1 minute"},"schema":{"@context":"https:\/\/schema.org","@graph":[{"@type":"WebPage","@id":"https:\/\/www.quadrisol.pt\/product\/esolar-sec-kit-t80\/","url":"https:\/\/www.quadrisol.pt\/product\/esolar-sec-kit-t80\/","name":"eSolar SEC Kit T80","isPartOf":{"@id":"https:\/\/www.quadrisol.pt\/#website"},"primaryImageOfPage":{"@id":"https:\/\/www.quadrisol.pt\/product\/esolar-sec-kit-t80\/#primaryimage"},"image":{"@id":"https:\/\/www.quadrisol.pt\/product\/esolar-sec-kit-t80\/#primaryimage"},"thumbnailUrl":"https:\/\/www.quadrisol.pt\/wp-content\/uploads\/2022\/06\/eSolar-SEC-Kit-T80.jpg","datePublished":"2022-06-09T13:55:49+00:00","dateModified":"2022-07-26T13:31:46+00:00","description":"eSolar SEC Kit T80. Analisador com transformador 80A. eSolar SEC Kit T80 Analisador trif\u00e1sico \"CHINT\", com transformador de Intensidade de 80A","breadcrumb":{"@id":"https:\/\/www.quadrisol.pt\/product\/esolar-sec-kit-t80\/#breadcrumb"},"inLanguage":"fr-FR","potentialAction":[{"@type":"ReadAction","target":["https:\/\/www.quadrisol.pt\/product\/esolar-sec-kit-t80\/"]}]},{"@type":"ImageObject","inLanguage":"fr-FR","@id":"https:\/\/www.quadrisol.pt\/product\/esolar-sec-kit-t80\/#primaryimage","url":"https:\/\/www.quadrisol.pt\/wp-content\/uploads\/2022\/06\/eSolar-SEC-Kit-T80.jpg","contentUrl":"https:\/\/www.quadrisol.pt\/wp-content\/uploads\/2022\/06\/eSolar-SEC-Kit-T80.jpg","width":1024,"height":722,"caption":"eSolar-SEC-Kit-T80"},{"@type":"BreadcrumbList","@id":"https:\/\/www.quadrisol.pt\/product\/esolar-sec-kit-t80\/#breadcrumb","itemListElement":[{"@type":"ListItem","position":1,"name":"Home","item":"https:\/\/www.quadrisol.pt\/"},{"@type":"ListItem","position":2,"name":"Produtos","item":"https:\/\/www.quadrisol.pt\/produtos\/"},{"@type":"ListItem","position":3,"name":"eSolar SEC Kit T80"}]},{"@type":"WebSite","@id":"https:\/\/www.quadrisol.pt\/#website","url":"https:\/\/www.quadrisol.pt\/","name":"Quadrisol","description":"Quadros El\u00e9tricos - Fabricante de quadros el\u00e9tricos e distribuidor de sistemas fotovoltaicos","publisher":{"@id":"https:\/\/www.quadrisol.pt\/#organization"},"potentialAction":[{"@type":"SearchAction","target":{"@type":"EntryPoint","urlTemplate":"https:\/\/www.quadrisol.pt\/?s={search_term_string}"},"query-input":{"@type":"PropertyValueSpecification","valueRequired":true,"valueName":"search_term_string"}}],"inLanguage":"fr-FR"},{"@type":"Organization","@id":"https:\/\/www.quadrisol.pt\/#organization","name":"Quadrisol","url":"https:\/\/www.quadrisol.pt\/","logo":{"@type":"ImageObject","inLanguage":"fr-FR","@id":"https:\/\/www.quadrisol.pt\/#\/schema\/logo\/image\/","url":"https:\/\/www.quadrisol.pt\/wp-content\/uploads\/2022\/03\/cropped-logo-topo.png","contentUrl":"https:\/\/www.quadrisol.pt\/wp-content\/uploads\/2022\/03\/cropped-logo-topo.png","width":601,"height":123,"caption":"Quadrisol"},"image":{"@id":"https:\/\/www.quadrisol.pt\/#\/schema\/logo\/image\/"},"sameAs":["https:\/\/pt.linkedin.com\/company\/quadrisol"]}]}},"_links":{"self":[{"href":"https:\/\/www.quadrisol.pt\/fr\/wp-json\/wp\/v2\/product\/9045","targetHints":{"allow":["GET"]}}],"collection":[{"href":"https:\/\/www.quadrisol.pt\/fr\/wp-json\/wp\/v2\/product"}],"about":[{"href":"https:\/\/www.quadrisol.pt\/fr\/wp-json\/wp\/v2\/types\/product"}],"version-history":[{"count":4,"href":"https:\/\/www.quadrisol.pt\/fr\/wp-json\/wp\/v2\/product\/9045\/revisions"}],"predecessor-version":[{"id":9782,"href":"https:\/\/www.quadrisol.pt\/fr\/wp-json\/wp\/v2\/product\/9045\/revisions\/9782"}],"wp:featuredmedia":[{"embeddable":true,"href":"https:\/\/www.quadrisol.pt\/fr\/wp-json\/wp\/v2\/media\/9046"}],"wp:attachment":[{"href":"https:\/\/www.quadrisol.pt\/fr\/wp-json\/wp\/v2\/media?parent=9045"}],"wp:term":[{"taxonomy":"product_brand","embeddable":true,"href":"https:\/\/www.quadrisol.pt\/fr\/wp-json\/wp\/v2\/product_brand?post=9045"},{"taxonomy":"product_cat","embeddable":true,"href":"https:\/\/www.quadrisol.pt\/fr\/wp-json\/wp\/v2\/product_cat?post=9045"},{"taxonomy":"product_tag","embeddable":true,"href":"https:\/\/www.quadrisol.pt\/fr\/wp-json\/wp\/v2\/product_tag?post=9045"}],"curies":[{"name":"wp","href":"https:\/\/api.w.org\/{rel}","templated":true}]}}