{"id":9309,"date":"2022-07-20T14:46:32","date_gmt":"2022-07-20T14:46:32","guid":{"rendered":"http:\/\/94.46.14.215\/~quadrisol\/?post_type=product&#038;p=9309"},"modified":"2022-09-12T11:41:19","modified_gmt":"2022-09-12T11:41:19","slug":"bateria-de-litio-b2-20-4-hv1-saj","status":"publish","type":"product","link":"https:\/\/www.quadrisol.pt\/fr\/product\/bateria-de-litio-b2-20-4-hv1-saj\/","title":{"rendered":"Bateria de l\u00edtio B2 20.4-HV1 SAJ"},"content":{"rendered":"","protected":false},"excerpt":{"rendered":"<p>A Bateria de l\u00edtio B2 20.48kw pertence a nova s\u00e9rie de baterias B2 HV1 da marca SAJ, sendo de f\u00e1cil instala\u00e7\u00e3o e com design modular. Com esta bateria tem a possibilidade de aumentar a carga consoante o n\u00famero de m\u00f3dulos utilizados na instala\u00e7\u00e3o de autoconsumo.<\/p>","protected":false},"featured_media":10668,"template":"","meta":[],"product_brand":[],"product_cat":[98],"product_tag":[99],"class_list":{"0":"post-9309","1":"product","2":"type-product","3":"status-publish","4":"has-post-thumbnail","6":"product_cat-baterias-de-litio","7":"product_tag-saj","9":"first","10":"onbackorder","11":"shipping-taxable","12":"product-type-simple"},"yoast_head":"<!-- This site is optimized with the Yoast SEO plugin v27.4 - https:\/\/yoast.com\/product\/yoast-seo-wordpress\/ -->\n<title>Bateria de l\u00edtio B2 20.4-HV1 SAJ<\/title>\n<meta name=\"description\" content=\"Bateria de l\u00edtio B2 20.4-HV1 , B2 SAJ, Bateria de l\u00edtio para autoconsumo, Bateria SAJ Eletric, B2 series lithium battery. Bateria de l\u00edtio B2\" \/>\n<meta name=\"robots\" content=\"index, follow, max-snippet:-1, max-image-preview:large, max-video-preview:-1\" \/>\n<link rel=\"canonical\" href=\"https:\/\/www.quadrisol.pt\/fr\/product\/bateria-de-litio-b2-20-4-hv1-saj\/\" \/>\n<meta property=\"og:locale\" content=\"fr_FR\" \/>\n<meta property=\"og:type\" content=\"article\" \/>\n<meta property=\"og:title\" content=\"Bateria de l\u00edtio B2 20.4-HV1 SAJ\" \/>\n<meta property=\"og:description\" content=\"Bateria de l\u00edtio B2 20.4-HV1 , B2 SAJ, Bateria de l\u00edtio para autoconsumo, Bateria SAJ Eletric, B2 series lithium battery. Bateria de l\u00edtio B2\" \/>\n<meta property=\"og:url\" content=\"https:\/\/www.quadrisol.pt\/fr\/product\/bateria-de-litio-b2-20-4-hv1-saj\/\" \/>\n<meta property=\"og:site_name\" content=\"Quadrisol\" \/>\n<meta property=\"article:modified_time\" content=\"2022-09-12T11:41:19+00:00\" \/>\n<meta property=\"og:image\" content=\"https:\/\/www.quadrisol.pt\/wp-content\/uploads\/2022\/09\/B2-25-HV1-SAJ.png\" \/>\n\t<meta property=\"og:image:width\" content=\"600\" \/>\n\t<meta property=\"og:image:height\" content=\"600\" \/>\n\t<meta property=\"og:image:type\" content=\"image\/png\" \/>\n<meta name=\"twitter:card\" content=\"summary_large_image\" \/>\n<script type=\"application\/ld+json\" class=\"yoast-schema-graph\">{\"@context\":\"https:\\\/\\\/schema.org\",\"@graph\":[{\"@type\":\"WebPage\",\"@id\":\"https:\\\/\\\/www.quadrisol.pt\\\/product\\\/bateria-de-litio-b2-20-4-hv1-saj\\\/\",\"url\":\"https:\\\/\\\/www.quadrisol.pt\\\/product\\\/bateria-de-litio-b2-20-4-hv1-saj\\\/\",\"name\":\"Bateria de l\u00edtio B2 20.4-HV1 SAJ\",\"isPartOf\":{\"@id\":\"https:\\\/\\\/www.quadrisol.pt\\\/#website\"},\"primaryImageOfPage\":{\"@id\":\"https:\\\/\\\/www.quadrisol.pt\\\/product\\\/bateria-de-litio-b2-20-4-hv1-saj\\\/#primaryimage\"},\"image\":{\"@id\":\"https:\\\/\\\/www.quadrisol.pt\\\/product\\\/bateria-de-litio-b2-20-4-hv1-saj\\\/#primaryimage\"},\"thumbnailUrl\":\"https:\\\/\\\/www.quadrisol.pt\\\/wp-content\\\/uploads\\\/2022\\\/09\\\/B2-25-HV1-SAJ.png\",\"datePublished\":\"2022-07-20T14:46:32+00:00\",\"dateModified\":\"2022-09-12T11:41:19+00:00\",\"description\":\"Bateria de l\u00edtio B2 20.4-HV1 , B2 SAJ, Bateria de l\u00edtio para autoconsumo, Bateria SAJ Eletric, B2 series lithium battery. Bateria de l\u00edtio B2\",\"breadcrumb\":{\"@id\":\"https:\\\/\\\/www.quadrisol.pt\\\/product\\\/bateria-de-litio-b2-20-4-hv1-saj\\\/#breadcrumb\"},\"inLanguage\":\"fr-FR\",\"potentialAction\":[{\"@type\":\"ReadAction\",\"target\":[\"https:\\\/\\\/www.quadrisol.pt\\\/product\\\/bateria-de-litio-b2-20-4-hv1-saj\\\/\"]}]},{\"@type\":\"ImageObject\",\"inLanguage\":\"fr-FR\",\"@id\":\"https:\\\/\\\/www.quadrisol.pt\\\/product\\\/bateria-de-litio-b2-20-4-hv1-saj\\\/#primaryimage\",\"url\":\"https:\\\/\\\/www.quadrisol.pt\\\/wp-content\\\/uploads\\\/2022\\\/09\\\/B2-25-HV1-SAJ.png\",\"contentUrl\":\"https:\\\/\\\/www.quadrisol.pt\\\/wp-content\\\/uploads\\\/2022\\\/09\\\/B2-25-HV1-SAJ.png\",\"width\":600,\"height\":600,\"caption\":\"Bateria de l\u00edtio B2 SAJ- Quadrisol\"},{\"@type\":\"BreadcrumbList\",\"@id\":\"https:\\\/\\\/www.quadrisol.pt\\\/product\\\/bateria-de-litio-b2-20-4-hv1-saj\\\/#breadcrumb\",\"itemListElement\":[{\"@type\":\"ListItem\",\"position\":1,\"name\":\"Home\",\"item\":\"https:\\\/\\\/www.quadrisol.pt\\\/\"},{\"@type\":\"ListItem\",\"position\":2,\"name\":\"Produtos\",\"item\":\"https:\\\/\\\/www.quadrisol.pt\\\/produtos\\\/\"},{\"@type\":\"ListItem\",\"position\":3,\"name\":\"Bateria de l\u00edtio B2 20.4-HV1 SAJ\"}]},{\"@type\":\"WebSite\",\"@id\":\"https:\\\/\\\/www.quadrisol.pt\\\/#website\",\"url\":\"https:\\\/\\\/www.quadrisol.pt\\\/\",\"name\":\"Quadrisol\",\"description\":\"Quadros El\u00e9tricos - Fabricante de quadros el\u00e9tricos e distribuidor de sistemas fotovoltaicos\",\"publisher\":{\"@id\":\"https:\\\/\\\/www.quadrisol.pt\\\/#organization\"},\"potentialAction\":[{\"@type\":\"SearchAction\",\"target\":{\"@type\":\"EntryPoint\",\"urlTemplate\":\"https:\\\/\\\/www.quadrisol.pt\\\/?s={search_term_string}\"},\"query-input\":{\"@type\":\"PropertyValueSpecification\",\"valueRequired\":true,\"valueName\":\"search_term_string\"}}],\"inLanguage\":\"fr-FR\"},{\"@type\":\"Organization\",\"@id\":\"https:\\\/\\\/www.quadrisol.pt\\\/#organization\",\"name\":\"Quadrisol\",\"url\":\"https:\\\/\\\/www.quadrisol.pt\\\/\",\"logo\":{\"@type\":\"ImageObject\",\"inLanguage\":\"fr-FR\",\"@id\":\"https:\\\/\\\/www.quadrisol.pt\\\/#\\\/schema\\\/logo\\\/image\\\/\",\"url\":\"https:\\\/\\\/www.quadrisol.pt\\\/wp-content\\\/uploads\\\/2022\\\/03\\\/cropped-logo-topo.png\",\"contentUrl\":\"https:\\\/\\\/www.quadrisol.pt\\\/wp-content\\\/uploads\\\/2022\\\/03\\\/cropped-logo-topo.png\",\"width\":601,\"height\":123,\"caption\":\"Quadrisol\"},\"image\":{\"@id\":\"https:\\\/\\\/www.quadrisol.pt\\\/#\\\/schema\\\/logo\\\/image\\\/\"},\"sameAs\":[\"https:\\\/\\\/pt.linkedin.com\\\/company\\\/quadrisol\"]}]}<\/script>\n<!-- \/ Yoast SEO plugin. -->","yoast_head_json":{"title":"Bateria de l\u00edtio B2 20.4-HV1 SAJ","description":"Bateria de l\u00edtio B2 20.4-HV1 , B2 SAJ, Bateria de l\u00edtio para autoconsumo, Bateria SAJ Eletric, B2 series lithium battery. Bateria de l\u00edtio B2","robots":{"index":"index","follow":"follow","max-snippet":"max-snippet:-1","max-image-preview":"max-image-preview:large","max-video-preview":"max-video-preview:-1"},"canonical":"https:\/\/www.quadrisol.pt\/fr\/product\/bateria-de-litio-b2-20-4-hv1-saj\/","og_locale":"fr_FR","og_type":"article","og_title":"Bateria de l\u00edtio B2 20.4-HV1 SAJ","og_description":"Bateria de l\u00edtio B2 20.4-HV1 , B2 SAJ, Bateria de l\u00edtio para autoconsumo, Bateria SAJ Eletric, B2 series lithium battery. Bateria de l\u00edtio B2","og_url":"https:\/\/www.quadrisol.pt\/fr\/product\/bateria-de-litio-b2-20-4-hv1-saj\/","og_site_name":"Quadrisol","article_modified_time":"2022-09-12T11:41:19+00:00","og_image":[{"width":600,"height":600,"url":"https:\/\/www.quadrisol.pt\/wp-content\/uploads\/2022\/09\/B2-25-HV1-SAJ.png","type":"image\/png"}],"twitter_card":"summary_large_image","schema":{"@context":"https:\/\/schema.org","@graph":[{"@type":"WebPage","@id":"https:\/\/www.quadrisol.pt\/product\/bateria-de-litio-b2-20-4-hv1-saj\/","url":"https:\/\/www.quadrisol.pt\/product\/bateria-de-litio-b2-20-4-hv1-saj\/","name":"Bateria de l\u00edtio B2 20.4-HV1 SAJ","isPartOf":{"@id":"https:\/\/www.quadrisol.pt\/#website"},"primaryImageOfPage":{"@id":"https:\/\/www.quadrisol.pt\/product\/bateria-de-litio-b2-20-4-hv1-saj\/#primaryimage"},"image":{"@id":"https:\/\/www.quadrisol.pt\/product\/bateria-de-litio-b2-20-4-hv1-saj\/#primaryimage"},"thumbnailUrl":"https:\/\/www.quadrisol.pt\/wp-content\/uploads\/2022\/09\/B2-25-HV1-SAJ.png","datePublished":"2022-07-20T14:46:32+00:00","dateModified":"2022-09-12T11:41:19+00:00","description":"Bateria de l\u00edtio B2 20.4-HV1 , B2 SAJ, Bateria de l\u00edtio para autoconsumo, Bateria SAJ Eletric, B2 series lithium battery. Bateria de l\u00edtio B2","breadcrumb":{"@id":"https:\/\/www.quadrisol.pt\/product\/bateria-de-litio-b2-20-4-hv1-saj\/#breadcrumb"},"inLanguage":"fr-FR","potentialAction":[{"@type":"ReadAction","target":["https:\/\/www.quadrisol.pt\/product\/bateria-de-litio-b2-20-4-hv1-saj\/"]}]},{"@type":"ImageObject","inLanguage":"fr-FR","@id":"https:\/\/www.quadrisol.pt\/product\/bateria-de-litio-b2-20-4-hv1-saj\/#primaryimage","url":"https:\/\/www.quadrisol.pt\/wp-content\/uploads\/2022\/09\/B2-25-HV1-SAJ.png","contentUrl":"https:\/\/www.quadrisol.pt\/wp-content\/uploads\/2022\/09\/B2-25-HV1-SAJ.png","width":600,"height":600,"caption":"Bateria de l\u00edtio B2 SAJ- Quadrisol"},{"@type":"BreadcrumbList","@id":"https:\/\/www.quadrisol.pt\/product\/bateria-de-litio-b2-20-4-hv1-saj\/#breadcrumb","itemListElement":[{"@type":"ListItem","position":1,"name":"Home","item":"https:\/\/www.quadrisol.pt\/"},{"@type":"ListItem","position":2,"name":"Produtos","item":"https:\/\/www.quadrisol.pt\/produtos\/"},{"@type":"ListItem","position":3,"name":"Bateria de l\u00edtio B2 20.4-HV1 SAJ"}]},{"@type":"WebSite","@id":"https:\/\/www.quadrisol.pt\/#website","url":"https:\/\/www.quadrisol.pt\/","name":"Quadrisol","description":"Quadros El\u00e9tricos - Fabricante de quadros el\u00e9tricos e distribuidor de sistemas fotovoltaicos","publisher":{"@id":"https:\/\/www.quadrisol.pt\/#organization"},"potentialAction":[{"@type":"SearchAction","target":{"@type":"EntryPoint","urlTemplate":"https:\/\/www.quadrisol.pt\/?s={search_term_string}"},"query-input":{"@type":"PropertyValueSpecification","valueRequired":true,"valueName":"search_term_string"}}],"inLanguage":"fr-FR"},{"@type":"Organization","@id":"https:\/\/www.quadrisol.pt\/#organization","name":"Quadrisol","url":"https:\/\/www.quadrisol.pt\/","logo":{"@type":"ImageObject","inLanguage":"fr-FR","@id":"https:\/\/www.quadrisol.pt\/#\/schema\/logo\/image\/","url":"https:\/\/www.quadrisol.pt\/wp-content\/uploads\/2022\/03\/cropped-logo-topo.png","contentUrl":"https:\/\/www.quadrisol.pt\/wp-content\/uploads\/2022\/03\/cropped-logo-topo.png","width":601,"height":123,"caption":"Quadrisol"},"image":{"@id":"https:\/\/www.quadrisol.pt\/#\/schema\/logo\/image\/"},"sameAs":["https:\/\/pt.linkedin.com\/company\/quadrisol"]}]}},"_links":{"self":[{"href":"https:\/\/www.quadrisol.pt\/fr\/wp-json\/wp\/v2\/product\/9309","targetHints":{"allow":["GET"]}}],"collection":[{"href":"https:\/\/www.quadrisol.pt\/fr\/wp-json\/wp\/v2\/product"}],"about":[{"href":"https:\/\/www.quadrisol.pt\/fr\/wp-json\/wp\/v2\/types\/product"}],"version-history":[{"count":6,"href":"https:\/\/www.quadrisol.pt\/fr\/wp-json\/wp\/v2\/product\/9309\/revisions"}],"predecessor-version":[{"id":10672,"href":"https:\/\/www.quadrisol.pt\/fr\/wp-json\/wp\/v2\/product\/9309\/revisions\/10672"}],"wp:featuredmedia":[{"embeddable":true,"href":"https:\/\/www.quadrisol.pt\/fr\/wp-json\/wp\/v2\/media\/10668"}],"wp:attachment":[{"href":"https:\/\/www.quadrisol.pt\/fr\/wp-json\/wp\/v2\/media?parent=9309"}],"wp:term":[{"taxonomy":"product_brand","embeddable":true,"href":"https:\/\/www.quadrisol.pt\/fr\/wp-json\/wp\/v2\/product_brand?post=9309"},{"taxonomy":"product_cat","embeddable":true,"href":"https:\/\/www.quadrisol.pt\/fr\/wp-json\/wp\/v2\/product_cat?post=9309"},{"taxonomy":"product_tag","embeddable":true,"href":"https:\/\/www.quadrisol.pt\/fr\/wp-json\/wp\/v2\/product_tag?post=9309"}],"curies":[{"name":"wp","href":"https:\/\/api.w.org\/{rel}","templated":true}]}}